{"id":5115,"date":"2025-10-29T13:07:29","date_gmt":"2025-10-29T13:07:29","guid":{"rendered":"https:\/\/agenciausphot.com\/uze\/produto\/berloque-ferradura-cravejada\/"},"modified":"2025-11-04T20:36:50","modified_gmt":"2025-11-04T20:36:50","slug":"berloque-ferradura-cravejada","status":"publish","type":"product","link":"https:\/\/agenciausphot.com\/uze\/en\/product\/berloque-ferradura-cravejada\/","title":{"rendered":"Berloque ferradura cravejada"},"content":{"rendered":"<h3 data-start=\"110\" data-end=\"136\">Detalhes do Produto:<\/h3>\n<p data-start=\"137\" data-end=\"458\">Berloque em <strong data-start=\"149\" data-end=\"171\">Prata 925 leg\u00edtima<\/strong>, em formato de <strong data-start=\"187\" data-end=\"232\">ferradura cravejada com zirc\u00f4nias cristal<\/strong>, s\u00edmbolo tradicional de <strong data-start=\"257\" data-end=\"291\">sorte, prote\u00e7\u00e3o e prosperidade<\/strong>. Uma pe\u00e7a elegante e significativa, ideal para personalizar pulseiras e carregar sempre consigo um amuleto de boas energias aliado ao brilho sofisticado das pedras.<\/p>\n<p data-start=\"460\" data-end=\"583\">As pratas 925 possuem <strong data-start=\"482\" data-end=\"504\">garantia vital\u00edcia<\/strong>, reconhecidas por sua resist\u00eancia, durabilidade e excelente custo-benef\u00edcio.<\/p>\n<hr data-start=\"585\" data-end=\"588\">\n<h3 data-start=\"590\" data-end=\"622\">Especifica\u00e7\u00f5es do produto:<\/h3>\n<ul data-start=\"623\" data-end=\"969\">\n<li data-start=\"623\" data-end=\"667\">\n<p data-start=\"625\" data-end=\"667\"><strong data-start=\"625\" data-end=\"636\">Modelo:<\/strong> Berloque Ferradura Cravejada<\/p>\n<\/li>\n<li data-start=\"668\" data-end=\"715\">\n<p data-start=\"670\" data-end=\"715\"><strong data-start=\"670\" data-end=\"682\">Formato:<\/strong> Ferradura estilizada cravejada<\/p>\n<\/li>\n<li data-start=\"716\" data-end=\"771\">\n<p data-start=\"718\" data-end=\"771\"><strong data-start=\"718\" data-end=\"729\">Pedras:<\/strong> Zirc\u00f4nias cristal em micro cravejamento<\/p>\n<\/li>\n<li data-start=\"772\" data-end=\"808\">\n<p data-start=\"774\" data-end=\"808\"><strong data-start=\"774\" data-end=\"787\">Material:<\/strong> Prata 925 leg\u00edtima<\/p>\n<\/li>\n<li data-start=\"809\" data-end=\"857\">\n<p data-start=\"811\" data-end=\"857\"><strong data-start=\"811\" data-end=\"826\">Acabamento:<\/strong> Polido brilhante + cravejado<\/p>\n<\/li>\n<li data-start=\"858\" data-end=\"943\">\n<p data-start=\"860\" data-end=\"943\"><strong data-start=\"860\" data-end=\"880\">Compatibilidade:<\/strong> Pulseiras estilo europeu (Pandora, Life, Morana e similares)<\/p>\n<\/li>\n<li data-start=\"944\" data-end=\"969\">\n<p data-start=\"946\" data-end=\"969\"><strong data-start=\"946\" data-end=\"955\">Peso:<\/strong> Aprox. 2,0g<\/p>\n<\/li>\n<\/ul>\n<hr data-start=\"971\" data-end=\"974\">\n<h3 data-start=\"976\" data-end=\"991\">Garantia:<\/h3>\n<p data-start=\"992\" data-end=\"1246\">Todos os berloques em <strong data-start=\"1014\" data-end=\"1027\">Prata 925<\/strong> acompanham <strong data-start=\"1039\" data-end=\"1083\">Certificado de Garantia de Autenticidade<\/strong>, assegurando a <strong data-start=\"1099\" data-end=\"1117\">dura\u00e7\u00e3o eterna<\/strong> do material. Diferente das bijuterias, pe\u00e7as em Prata 925 preservam brilho e valor por toda a vida, assim como o <strong data-start=\"1231\" data-end=\"1243\">Ouro 18k<\/strong>.<\/p>","protected":false},"excerpt":{"rendered":"<p>Detalhes do Produto: Berloque em Prata 925 leg\u00edtima, em formato de ferradura cravejada com zirc\u00f4nias cristal, s\u00edmbolo tradicional de sorte, prote\u00e7\u00e3o e prosperidade. Uma pe\u00e7a&#8230;<\/p>","protected":false},"featured_media":5114,"comment_status":"open","ping_status":"closed","template":"","meta":[],"etheme_brands":[],"product_brand":[],"product_cat":[127],"product_tag":[133],"class_list":{"0":"post-5115","1":"product","2":"type-product","3":"status-publish","4":"has-post-thumbnail","6":"product_cat-categoriaberloques","7":"product_tag-uze-pratas","9":"first","10":"outofstock","11":"shipping-taxable","12":"purchasable","13":"product-type-simple"},"_links":{"self":[{"href":"https:\/\/agenciausphot.com\/uze\/en\/wp-json\/wp\/v2\/product\/5115","targetHints":{"allow":["GET"]}}],"collection":[{"href":"https:\/\/agenciausphot.com\/uze\/en\/wp-json\/wp\/v2\/product"}],"about":[{"href":"https:\/\/agenciausphot.com\/uze\/en\/wp-json\/wp\/v2\/types\/product"}],"replies":[{"embeddable":true,"href":"https:\/\/agenciausphot.com\/uze\/en\/wp-json\/wp\/v2\/comments?post=5115"}],"version-history":[{"count":1,"href":"https:\/\/agenciausphot.com\/uze\/en\/wp-json\/wp\/v2\/product\/5115\/revisions"}],"predecessor-version":[{"id":6037,"href":"https:\/\/agenciausphot.com\/uze\/en\/wp-json\/wp\/v2\/product\/5115\/revisions\/6037"}],"wp:featuredmedia":[{"embeddable":true,"href":"https:\/\/agenciausphot.com\/uze\/en\/wp-json\/wp\/v2\/media\/5114"}],"wp:attachment":[{"href":"https:\/\/agenciausphot.com\/uze\/en\/wp-json\/wp\/v2\/media?parent=5115"}],"wp:term":[{"taxonomy":"brand","embeddable":true,"href":"https:\/\/agenciausphot.com\/uze\/en\/wp-json\/wp\/v2\/etheme_brands?post=5115"},{"taxonomy":"product_brand","embeddable":true,"href":"https:\/\/agenciausphot.com\/uze\/en\/wp-json\/wp\/v2\/product_brand?post=5115"},{"taxonomy":"product_cat","embeddable":true,"href":"https:\/\/agenciausphot.com\/uze\/en\/wp-json\/wp\/v2\/product_cat?post=5115"},{"taxonomy":"product_tag","embeddable":true,"href":"https:\/\/agenciausphot.com\/uze\/en\/wp-json\/wp\/v2\/product_tag?post=5115"}],"curies":[{"name":"wp","href":"https:\/\/api.w.org\/{rel}","templated":true}]}}