{"id":5113,"date":"2025-10-29T13:07:27","date_gmt":"2025-10-29T13:07:27","guid":{"rendered":"https:\/\/agenciausphot.com\/uze\/produto\/berloque-ferradura-cavalo\/"},"modified":"2025-11-18T14:06:18","modified_gmt":"2025-11-18T14:06:18","slug":"berloque-ferradura-cavalo","status":"publish","type":"product","link":"https:\/\/agenciausphot.com\/uze\/en\/product\/berloque-ferradura-cavalo\/","title":{"rendered":"Berloque ferradura cavalo"},"content":{"rendered":"<h3 data-start=\"109\" data-end=\"135\">Detalhes do Produto:<\/h3>\n<p data-start=\"136\" data-end=\"463\">Berloque em <strong data-start=\"148\" data-end=\"170\">Prata 925 leg\u00edtima<\/strong>, com design em formato de <strong data-start=\"197\" data-end=\"210\">ferradura<\/strong>, s\u00edmbolo de sorte e prote\u00e7\u00e3o, acompanhado de detalhes que remetem ao <strong data-start=\"280\" data-end=\"301\">universo equestre<\/strong>. Uma pe\u00e7a cheia de significado, ideal para amantes de cavalos e da vida no campo, perfeita para personalizar pulseiras e carregar sempre esse amuleto especial.<\/p>\n<p data-start=\"465\" data-end=\"588\">As pratas 925 possuem <strong data-start=\"487\" data-end=\"509\">garantia vital\u00edcia<\/strong>, reconhecidas por sua resist\u00eancia, durabilidade e excelente custo-benef\u00edcio.<\/p>\n<hr data-start=\"590\" data-end=\"593\">\n<h3 data-start=\"595\" data-end=\"627\">Especifica\u00e7\u00f5es do produto:<\/h3>\n<ul data-start=\"628\" data-end=\"916\">\n<li data-start=\"628\" data-end=\"669\">\n<p data-start=\"630\" data-end=\"669\"><strong data-start=\"630\" data-end=\"641\">Modelo:<\/strong> Berloque Ferradura Cavalo<\/p>\n<\/li>\n<li data-start=\"670\" data-end=\"707\">\n<p data-start=\"672\" data-end=\"707\"><strong data-start=\"672\" data-end=\"684\">Formato:<\/strong> Ferradura estilizada<\/p>\n<\/li>\n<li data-start=\"708\" data-end=\"744\">\n<p data-start=\"710\" data-end=\"744\"><strong data-start=\"710\" data-end=\"723\">Material:<\/strong> Prata 925 leg\u00edtima<\/p>\n<\/li>\n<li data-start=\"745\" data-end=\"804\">\n<p data-start=\"747\" data-end=\"804\"><strong data-start=\"747\" data-end=\"762\">Acabamento:<\/strong> Polido brilhante + detalhes trabalhados<\/p>\n<\/li>\n<li data-start=\"805\" data-end=\"890\">\n<p data-start=\"807\" data-end=\"890\"><strong data-start=\"807\" data-end=\"827\">Compatibilidade:<\/strong> Pulseiras estilo europeu (Pandora, Life, Morana e similares)<\/p>\n<\/li>\n<li data-start=\"891\" data-end=\"916\">\n<p data-start=\"893\" data-end=\"916\"><strong data-start=\"893\" data-end=\"902\">Peso:<\/strong> Aprox. 2,0g<\/p>\n<\/li>\n<\/ul>\n<hr data-start=\"918\" data-end=\"921\">\n<h3 data-start=\"923\" data-end=\"938\">Garantia:<\/h3>\n<p data-start=\"939\" data-end=\"1193\">Todos os berloques em <strong data-start=\"961\" data-end=\"974\">Prata 925<\/strong> acompanham <strong data-start=\"986\" data-end=\"1030\">Certificado de Garantia de Autenticidade<\/strong>, assegurando a <strong data-start=\"1046\" data-end=\"1064\">dura\u00e7\u00e3o eterna<\/strong> do material. Diferente das bijuterias, pe\u00e7as em Prata 925 preservam brilho e valor por toda a vida, assim como o <strong data-start=\"1178\" data-end=\"1190\">Ouro 18k<\/strong>.<\/p>","protected":false},"excerpt":{"rendered":"<p>Detalhes do Produto: Berloque em Prata 925 leg\u00edtima, com design em formato de ferradura, s\u00edmbolo de sorte e prote\u00e7\u00e3o, acompanhado de detalhes que remetem ao&#8230;<\/p>","protected":false},"featured_media":5112,"comment_status":"open","ping_status":"closed","template":"","meta":[],"etheme_brands":[],"product_brand":[],"product_cat":[127],"product_tag":[133],"class_list":{"0":"post-5113","1":"product","2":"type-product","3":"status-publish","4":"has-post-thumbnail","6":"product_cat-categoriaberloques","7":"product_tag-uze-pratas","9":"first","10":"outofstock","11":"shipping-taxable","12":"purchasable","13":"product-type-simple"},"_links":{"self":[{"href":"https:\/\/agenciausphot.com\/uze\/en\/wp-json\/wp\/v2\/product\/5113","targetHints":{"allow":["GET"]}}],"collection":[{"href":"https:\/\/agenciausphot.com\/uze\/en\/wp-json\/wp\/v2\/product"}],"about":[{"href":"https:\/\/agenciausphot.com\/uze\/en\/wp-json\/wp\/v2\/types\/product"}],"replies":[{"embeddable":true,"href":"https:\/\/agenciausphot.com\/uze\/en\/wp-json\/wp\/v2\/comments?post=5113"}],"version-history":[{"count":1,"href":"https:\/\/agenciausphot.com\/uze\/en\/wp-json\/wp\/v2\/product\/5113\/revisions"}],"predecessor-version":[{"id":6036,"href":"https:\/\/agenciausphot.com\/uze\/en\/wp-json\/wp\/v2\/product\/5113\/revisions\/6036"}],"wp:featuredmedia":[{"embeddable":true,"href":"https:\/\/agenciausphot.com\/uze\/en\/wp-json\/wp\/v2\/media\/5112"}],"wp:attachment":[{"href":"https:\/\/agenciausphot.com\/uze\/en\/wp-json\/wp\/v2\/media?parent=5113"}],"wp:term":[{"taxonomy":"brand","embeddable":true,"href":"https:\/\/agenciausphot.com\/uze\/en\/wp-json\/wp\/v2\/etheme_brands?post=5113"},{"taxonomy":"product_brand","embeddable":true,"href":"https:\/\/agenciausphot.com\/uze\/en\/wp-json\/wp\/v2\/product_brand?post=5113"},{"taxonomy":"product_cat","embeddable":true,"href":"https:\/\/agenciausphot.com\/uze\/en\/wp-json\/wp\/v2\/product_cat?post=5113"},{"taxonomy":"product_tag","embeddable":true,"href":"https:\/\/agenciausphot.com\/uze\/en\/wp-json\/wp\/v2\/product_tag?post=5113"}],"curies":[{"name":"wp","href":"https:\/\/api.w.org\/{rel}","templated":true}]}}