{"id":5111,"date":"2025-10-29T13:07:26","date_gmt":"2025-10-29T13:07:26","guid":{"rendered":"https:\/\/agenciausphot.com\/uze\/produto\/berloque-fe\/"},"modified":"2025-11-18T14:06:17","modified_gmt":"2025-11-18T14:06:17","slug":"berloque-fe","status":"publish","type":"product","link":"https:\/\/agenciausphot.com\/uze\/en\/product\/berloque-fe\/","title":{"rendered":"Berloque f\u00e9"},"content":{"rendered":"<h3 data-start=\"93\" data-end=\"119\">Detalhes do Produto:<\/h3>\n<p data-start=\"120\" data-end=\"415\">Berloque em <strong data-start=\"132\" data-end=\"154\">Prata 925 leg\u00edtima<\/strong>, com design delicado em formato da palavra <strong data-start=\"198\" data-end=\"206\">\u201cF\u00e9\u201d<\/strong>, que simboliza espiritualidade, confian\u00e7a e esperan\u00e7a. Uma pe\u00e7a minimalista e cheia de significado, perfeita para personalizar pulseiras e carregar sempre consigo a for\u00e7a da f\u00e9 em todos os momentos da vida.<\/p>\n<p data-start=\"417\" data-end=\"540\">As pratas 925 possuem <strong data-start=\"439\" data-end=\"461\">garantia vital\u00edcia<\/strong>, reconhecidas por sua resist\u00eancia, durabilidade e excelente custo-benef\u00edcio.<\/p>\n<hr data-start=\"542\" data-end=\"545\">\n<h3 data-start=\"547\" data-end=\"579\">Especifica\u00e7\u00f5es do produto:<\/h3>\n<ul data-start=\"580\" data-end=\"834\">\n<li data-start=\"580\" data-end=\"607\">\n<p data-start=\"582\" data-end=\"607\"><strong data-start=\"582\" data-end=\"593\">Modelo:<\/strong> Berloque F\u00e9<\/p>\n<\/li>\n<li data-start=\"608\" data-end=\"648\">\n<p data-start=\"610\" data-end=\"648\"><strong data-start=\"610\" data-end=\"622\">Formato:<\/strong> Palavra \u201cF\u00e9\u201d estilizada<\/p>\n<\/li>\n<li data-start=\"649\" data-end=\"685\">\n<p data-start=\"651\" data-end=\"685\"><strong data-start=\"651\" data-end=\"664\">Material:<\/strong> Prata 925 leg\u00edtima<\/p>\n<\/li>\n<li data-start=\"686\" data-end=\"722\">\n<p data-start=\"688\" data-end=\"722\"><strong data-start=\"688\" data-end=\"703\">Acabamento:<\/strong> Polido brilhante<\/p>\n<\/li>\n<li data-start=\"723\" data-end=\"808\">\n<p data-start=\"725\" data-end=\"808\"><strong data-start=\"725\" data-end=\"745\">Compatibilidade:<\/strong> Pulseiras estilo europeu (Pandora, Life, Morana e similares)<\/p>\n<\/li>\n<li data-start=\"809\" data-end=\"834\">\n<p data-start=\"811\" data-end=\"834\"><strong data-start=\"811\" data-end=\"820\">Peso:<\/strong> Aprox. 1,8g<\/p>\n<\/li>\n<\/ul>\n<hr data-start=\"836\" data-end=\"839\">\n<h3 data-start=\"841\" data-end=\"856\">Garantia:<\/h3>\n<p data-start=\"857\" data-end=\"1111\">Todos os berloques em <strong data-start=\"879\" data-end=\"892\">Prata 925<\/strong> acompanham <strong data-start=\"904\" data-end=\"948\">Certificado de Garantia de Autenticidade<\/strong>, assegurando a <strong data-start=\"964\" data-end=\"982\">dura\u00e7\u00e3o eterna<\/strong> do material. Diferente das bijuterias, pe\u00e7as em Prata 925 preservam brilho e valor por toda a vida, assim como o <strong data-start=\"1096\" data-end=\"1108\">Ouro 18k<\/strong>.<\/p>","protected":false},"excerpt":{"rendered":"<p>Detalhes do Produto: Berloque em Prata 925 leg\u00edtima, com design delicado em formato da palavra \u201cF\u00e9\u201d, que simboliza espiritualidade, confian\u00e7a e esperan\u00e7a. Uma pe\u00e7a minimalista&#8230;<\/p>","protected":false},"featured_media":5110,"comment_status":"open","ping_status":"closed","template":"","meta":[],"etheme_brands":[],"product_brand":[],"product_cat":[127],"product_tag":[133],"class_list":{"0":"post-5111","1":"product","2":"type-product","3":"status-publish","4":"has-post-thumbnail","6":"product_cat-categoriaberloques","7":"product_tag-uze-pratas","9":"first","10":"outofstock","11":"shipping-taxable","12":"purchasable","13":"product-type-simple"},"_links":{"self":[{"href":"https:\/\/agenciausphot.com\/uze\/en\/wp-json\/wp\/v2\/product\/5111","targetHints":{"allow":["GET"]}}],"collection":[{"href":"https:\/\/agenciausphot.com\/uze\/en\/wp-json\/wp\/v2\/product"}],"about":[{"href":"https:\/\/agenciausphot.com\/uze\/en\/wp-json\/wp\/v2\/types\/product"}],"replies":[{"embeddable":true,"href":"https:\/\/agenciausphot.com\/uze\/en\/wp-json\/wp\/v2\/comments?post=5111"}],"version-history":[{"count":1,"href":"https:\/\/agenciausphot.com\/uze\/en\/wp-json\/wp\/v2\/product\/5111\/revisions"}],"predecessor-version":[{"id":6035,"href":"https:\/\/agenciausphot.com\/uze\/en\/wp-json\/wp\/v2\/product\/5111\/revisions\/6035"}],"wp:featuredmedia":[{"embeddable":true,"href":"https:\/\/agenciausphot.com\/uze\/en\/wp-json\/wp\/v2\/media\/5110"}],"wp:attachment":[{"href":"https:\/\/agenciausphot.com\/uze\/en\/wp-json\/wp\/v2\/media?parent=5111"}],"wp:term":[{"taxonomy":"brand","embeddable":true,"href":"https:\/\/agenciausphot.com\/uze\/en\/wp-json\/wp\/v2\/etheme_brands?post=5111"},{"taxonomy":"product_brand","embeddable":true,"href":"https:\/\/agenciausphot.com\/uze\/en\/wp-json\/wp\/v2\/product_brand?post=5111"},{"taxonomy":"product_cat","embeddable":true,"href":"https:\/\/agenciausphot.com\/uze\/en\/wp-json\/wp\/v2\/product_cat?post=5111"},{"taxonomy":"product_tag","embeddable":true,"href":"https:\/\/agenciausphot.com\/uze\/en\/wp-json\/wp\/v2\/product_tag?post=5111"}],"curies":[{"name":"wp","href":"https:\/\/api.w.org\/{rel}","templated":true}]}}