{"id":5109,"date":"2025-10-29T13:07:24","date_gmt":"2025-10-29T13:07:24","guid":{"rendered":"https:\/\/agenciausphot.com\/uze\/produto\/berloque-estetoscopio\/"},"modified":"2025-11-04T20:36:48","modified_gmt":"2025-11-04T20:36:48","slug":"berloque-estetoscopio","status":"publish","type":"product","link":"https:\/\/agenciausphot.com\/uze\/en\/product\/berloque-estetoscopio\/","title":{"rendered":"Berloque estetoscopio"},"content":{"rendered":"<h3 data-start=\"103\" data-end=\"129\">Detalhes do Produto:<\/h3>\n<p data-start=\"130\" data-end=\"485\">Berloque em <strong data-start=\"142\" data-end=\"164\">Prata 925 leg\u00edtima<\/strong>, com design delicado em formato de <strong data-start=\"200\" data-end=\"216\">estetosc\u00f3pio<\/strong>, s\u00edmbolo da medicina, cuidado e dedica\u00e7\u00e3o \u00e0 sa\u00fade. Uma pe\u00e7a especial para estudantes, formandos e profissionais da \u00e1rea da sa\u00fade, que desejam carregar consigo a paix\u00e3o pela profiss\u00e3o em cada detalhe. Al\u00e9m de elegante, \u00e9 um berloque cheio de significado e inspira\u00e7\u00e3o.<\/p>\n<p data-start=\"487\" data-end=\"610\">As pratas 925 possuem <strong data-start=\"509\" data-end=\"531\">garantia vital\u00edcia<\/strong>, reconhecidas por sua resist\u00eancia, durabilidade e excelente custo-benef\u00edcio.<\/p>\n<hr data-start=\"612\" data-end=\"615\">\n<h3 data-start=\"617\" data-end=\"649\">Especifica\u00e7\u00f5es do produto:<\/h3>\n<ul data-start=\"650\" data-end=\"937\">\n<li data-start=\"650\" data-end=\"687\">\n<p data-start=\"652\" data-end=\"687\"><strong data-start=\"652\" data-end=\"663\">Modelo:<\/strong> Berloque Estetosc\u00f3pio<\/p>\n<\/li>\n<li data-start=\"688\" data-end=\"728\">\n<p data-start=\"690\" data-end=\"728\"><strong data-start=\"690\" data-end=\"702\">Formato:<\/strong> Estetosc\u00f3pio estilizado<\/p>\n<\/li>\n<li data-start=\"729\" data-end=\"765\">\n<p data-start=\"731\" data-end=\"765\"><strong data-start=\"731\" data-end=\"744\">Material:<\/strong> Prata 925 leg\u00edtima<\/p>\n<\/li>\n<li data-start=\"766\" data-end=\"825\">\n<p data-start=\"768\" data-end=\"825\"><strong data-start=\"768\" data-end=\"783\">Acabamento:<\/strong> Polido brilhante + detalhes trabalhados<\/p>\n<\/li>\n<li data-start=\"826\" data-end=\"911\">\n<p data-start=\"828\" data-end=\"911\"><strong data-start=\"828\" data-end=\"848\">Compatibilidade:<\/strong> Pulseiras estilo europeu (Pandora, Life, Morana e similares)<\/p>\n<\/li>\n<li data-start=\"912\" data-end=\"937\">\n<p data-start=\"914\" data-end=\"937\"><strong data-start=\"914\" data-end=\"923\">Peso:<\/strong> Aprox. 2,0g<\/p>\n<\/li>\n<\/ul>\n<hr data-start=\"939\" data-end=\"942\">\n<h3 data-start=\"944\" data-end=\"959\">Garantia:<\/h3>\n<p data-start=\"960\" data-end=\"1214\">Todos os berloques em <strong data-start=\"982\" data-end=\"995\">Prata 925<\/strong> acompanham <strong data-start=\"1007\" data-end=\"1051\">Certificado de Garantia de Autenticidade<\/strong>, assegurando a <strong data-start=\"1067\" data-end=\"1085\">dura\u00e7\u00e3o eterna<\/strong> do material. Diferente das bijuterias, pe\u00e7as em Prata 925 preservam brilho e valor por toda a vida, assim como o <strong data-start=\"1199\" data-end=\"1211\">Ouro 18k<\/strong>.<\/p>","protected":false},"excerpt":{"rendered":"<p>Detalhes do Produto: Berloque em Prata 925 leg\u00edtima, com design delicado em formato de estetosc\u00f3pio, s\u00edmbolo da medicina, cuidado e dedica\u00e7\u00e3o \u00e0 sa\u00fade. Uma pe\u00e7a&#8230;<\/p>","protected":false},"featured_media":5108,"comment_status":"open","ping_status":"closed","template":"","meta":[],"etheme_brands":[],"product_brand":[],"product_cat":[127],"product_tag":[133],"class_list":{"0":"post-5109","1":"product","2":"type-product","3":"status-publish","4":"has-post-thumbnail","6":"product_cat-categoriaberloques","7":"product_tag-uze-pratas","9":"first","10":"instock","11":"shipping-taxable","12":"purchasable","13":"product-type-simple"},"_links":{"self":[{"href":"https:\/\/agenciausphot.com\/uze\/en\/wp-json\/wp\/v2\/product\/5109","targetHints":{"allow":["GET"]}}],"collection":[{"href":"https:\/\/agenciausphot.com\/uze\/en\/wp-json\/wp\/v2\/product"}],"about":[{"href":"https:\/\/agenciausphot.com\/uze\/en\/wp-json\/wp\/v2\/types\/product"}],"replies":[{"embeddable":true,"href":"https:\/\/agenciausphot.com\/uze\/en\/wp-json\/wp\/v2\/comments?post=5109"}],"version-history":[{"count":1,"href":"https:\/\/agenciausphot.com\/uze\/en\/wp-json\/wp\/v2\/product\/5109\/revisions"}],"predecessor-version":[{"id":6034,"href":"https:\/\/agenciausphot.com\/uze\/en\/wp-json\/wp\/v2\/product\/5109\/revisions\/6034"}],"wp:featuredmedia":[{"embeddable":true,"href":"https:\/\/agenciausphot.com\/uze\/en\/wp-json\/wp\/v2\/media\/5108"}],"wp:attachment":[{"href":"https:\/\/agenciausphot.com\/uze\/en\/wp-json\/wp\/v2\/media?parent=5109"}],"wp:term":[{"taxonomy":"brand","embeddable":true,"href":"https:\/\/agenciausphot.com\/uze\/en\/wp-json\/wp\/v2\/etheme_brands?post=5109"},{"taxonomy":"product_brand","embeddable":true,"href":"https:\/\/agenciausphot.com\/uze\/en\/wp-json\/wp\/v2\/product_brand?post=5109"},{"taxonomy":"product_cat","embeddable":true,"href":"https:\/\/agenciausphot.com\/uze\/en\/wp-json\/wp\/v2\/product_cat?post=5109"},{"taxonomy":"product_tag","embeddable":true,"href":"https:\/\/agenciausphot.com\/uze\/en\/wp-json\/wp\/v2\/product_tag?post=5109"}],"curies":[{"name":"wp","href":"https:\/\/api.w.org\/{rel}","templated":true}]}}