{"id":5104,"date":"2025-10-29T13:07:20","date_gmt":"2025-10-29T13:07:20","guid":{"rendered":"https:\/\/agenciausphot.com\/uze\/produto\/berloque-direito\/"},"modified":"2025-12-04T18:41:29","modified_gmt":"2025-12-04T18:41:29","slug":"berloque-direito","status":"publish","type":"product","link":"https:\/\/agenciausphot.com\/uze\/en\/product\/berloque-direito\/","title":{"rendered":"Berloque direito"},"content":{"rendered":"<h3 data-start=\"98\" data-end=\"124\">Detalhes do Produto:<\/h3>\n<p data-start=\"125\" data-end=\"533\">Berloque em <strong data-start=\"137\" data-end=\"159\">Prata 925 leg\u00edtima<\/strong>, com design inspirado na <strong data-start=\"185\" data-end=\"218\">justi\u00e7a e no curso de Direito<\/strong>, perfeito para estudantes, formandos e profissionais da \u00e1rea jur\u00eddica. A pe\u00e7a pode trazer s\u00edmbolos como o <strong data-start=\"325\" data-end=\"344\">Martelo do Juiz<\/strong> ou a <strong data-start=\"350\" data-end=\"372\">Balan\u00e7a da Justi\u00e7a<\/strong>, representando equil\u00edbrio, \u00e9tica e sabedoria. Uma joia significativa e elegante, ideal para personalizar pulseiras e carregar consigo a paix\u00e3o pela profiss\u00e3o.<\/p>\n<p data-start=\"535\" data-end=\"658\">As pratas 925 possuem <strong data-start=\"557\" data-end=\"579\">garantia vital\u00edcia<\/strong>, reconhecidas por sua resist\u00eancia, durabilidade e excelente custo-benef\u00edcio.<\/p>\n<hr data-start=\"660\" data-end=\"663\">\n<h3 data-start=\"665\" data-end=\"697\">Especifica\u00e7\u00f5es do produto:<\/h3>\n<ul data-start=\"698\" data-end=\"1010\">\n<li data-start=\"698\" data-end=\"730\">\n<p data-start=\"700\" data-end=\"730\"><strong data-start=\"700\" data-end=\"711\">Modelo:<\/strong> Berloque Direito<\/p>\n<\/li>\n<li data-start=\"731\" data-end=\"801\">\n<p data-start=\"733\" data-end=\"801\"><strong data-start=\"733\" data-end=\"745\">Formato:<\/strong> Martelo ou balan\u00e7a estilizada (varia conforme modelo)<\/p>\n<\/li>\n<li data-start=\"802\" data-end=\"838\">\n<p data-start=\"804\" data-end=\"838\"><strong data-start=\"804\" data-end=\"817\">Material:<\/strong> Prata 925 leg\u00edtima<\/p>\n<\/li>\n<li data-start=\"839\" data-end=\"898\">\n<p data-start=\"841\" data-end=\"898\"><strong data-start=\"841\" data-end=\"856\">Acabamento:<\/strong> Polido brilhante + detalhes trabalhados<\/p>\n<\/li>\n<li data-start=\"899\" data-end=\"984\">\n<p data-start=\"901\" data-end=\"984\"><strong data-start=\"901\" data-end=\"921\">Compatibilidade:<\/strong> Pulseiras estilo europeu (Pandora, Life, Morana e similares)<\/p>\n<\/li>\n<li data-start=\"985\" data-end=\"1010\">\n<p data-start=\"987\" data-end=\"1010\"><strong data-start=\"987\" data-end=\"996\">Peso:<\/strong> Aprox. 2,0g<\/p>\n<\/li>\n<\/ul>\n<hr data-start=\"1012\" data-end=\"1015\">\n<h3 data-start=\"1017\" data-end=\"1032\">Garantia:<\/h3>\n<p data-start=\"1033\" data-end=\"1287\">Todos os berloques em <strong data-start=\"1055\" data-end=\"1068\">Prata 925<\/strong> acompanham <strong data-start=\"1080\" data-end=\"1124\">Certificado de Garantia de Autenticidade<\/strong>, assegurando a <strong data-start=\"1140\" data-end=\"1158\">dura\u00e7\u00e3o eterna<\/strong> do material. Diferente das bijuterias, pe\u00e7as em Prata 925 preservam brilho e valor por toda a vida, assim como o <strong data-start=\"1272\" data-end=\"1284\">Ouro 18k<\/strong>.<\/p>","protected":false},"excerpt":{"rendered":"<p>Detalhes do Produto: Berloque em Prata 925 leg\u00edtima, com design inspirado na justi\u00e7a e no curso de Direito, perfeito para estudantes, formandos e profissionais da&#8230;<\/p>","protected":false},"featured_media":5103,"comment_status":"open","ping_status":"closed","template":"","meta":[],"etheme_brands":[],"product_brand":[],"product_cat":[127],"product_tag":[133],"class_list":{"0":"post-5104","1":"product","2":"type-product","3":"status-publish","4":"has-post-thumbnail","6":"product_cat-categoriaberloques","7":"product_tag-uze-pratas","9":"first","10":"instock","11":"shipping-taxable","12":"purchasable","13":"product-type-simple"},"_links":{"self":[{"href":"https:\/\/agenciausphot.com\/uze\/en\/wp-json\/wp\/v2\/product\/5104","targetHints":{"allow":["GET"]}}],"collection":[{"href":"https:\/\/agenciausphot.com\/uze\/en\/wp-json\/wp\/v2\/product"}],"about":[{"href":"https:\/\/agenciausphot.com\/uze\/en\/wp-json\/wp\/v2\/types\/product"}],"replies":[{"embeddable":true,"href":"https:\/\/agenciausphot.com\/uze\/en\/wp-json\/wp\/v2\/comments?post=5104"}],"version-history":[{"count":1,"href":"https:\/\/agenciausphot.com\/uze\/en\/wp-json\/wp\/v2\/product\/5104\/revisions"}],"predecessor-version":[{"id":6032,"href":"https:\/\/agenciausphot.com\/uze\/en\/wp-json\/wp\/v2\/product\/5104\/revisions\/6032"}],"wp:featuredmedia":[{"embeddable":true,"href":"https:\/\/agenciausphot.com\/uze\/en\/wp-json\/wp\/v2\/media\/5103"}],"wp:attachment":[{"href":"https:\/\/agenciausphot.com\/uze\/en\/wp-json\/wp\/v2\/media?parent=5104"}],"wp:term":[{"taxonomy":"brand","embeddable":true,"href":"https:\/\/agenciausphot.com\/uze\/en\/wp-json\/wp\/v2\/etheme_brands?post=5104"},{"taxonomy":"product_brand","embeddable":true,"href":"https:\/\/agenciausphot.com\/uze\/en\/wp-json\/wp\/v2\/product_brand?post=5104"},{"taxonomy":"product_cat","embeddable":true,"href":"https:\/\/agenciausphot.com\/uze\/en\/wp-json\/wp\/v2\/product_cat?post=5104"},{"taxonomy":"product_tag","embeddable":true,"href":"https:\/\/agenciausphot.com\/uze\/en\/wp-json\/wp\/v2\/product_tag?post=5104"}],"curies":[{"name":"wp","href":"https:\/\/api.w.org\/{rel}","templated":true}]}}