{"id":5099,"date":"2025-10-29T13:07:16","date_gmt":"2025-10-29T13:07:16","guid":{"rendered":"https:\/\/agenciausphot.com\/uze\/produto\/berloque-separador-coracao-vazado\/"},"modified":"2025-11-04T20:36:45","modified_gmt":"2025-11-04T20:36:45","slug":"berloque-separador-coracao-vazado","status":"publish","type":"product","link":"https:\/\/agenciausphot.com\/uze\/en\/product\/berloque-separador-coracao-vazado\/","title":{"rendered":"Berloque separador cora\u00e7\u00e3o vazado"},"content":{"rendered":"<h3 data-start=\"115\" data-end=\"141\">Detalhes do Produto:<\/h3>\n<p data-start=\"142\" data-end=\"482\">Berloque separador em <strong data-start=\"164\" data-end=\"186\">Prata 925 leg\u00edtima<\/strong>, com design delicado de <strong data-start=\"211\" data-end=\"229\">cora\u00e7\u00e3o vazado<\/strong>, que simboliza amor, uni\u00e3o e delicadeza. Esse modelo \u00e9 perfeito para dar destaque e organiza\u00e7\u00e3o \u00e0s pulseiras, al\u00e9m de trazer um toque rom\u00e2ntico e elegante \u00e0 composi\u00e7\u00e3o. Um acess\u00f3rio vers\u00e1til e atemporal, que combina com diferentes estilos e ocasi\u00f5es.<\/p>\n<p data-start=\"484\" data-end=\"607\">As pratas 925 possuem <strong data-start=\"506\" data-end=\"528\">garantia vital\u00edcia<\/strong>, reconhecidas por sua resist\u00eancia, durabilidade e excelente custo-benef\u00edcio.<\/p>\n<hr data-start=\"609\" data-end=\"612\">\n<h3 data-start=\"614\" data-end=\"646\">Especifica\u00e7\u00f5es do produto:<\/h3>\n<ul data-start=\"647\" data-end=\"953\">\n<li data-start=\"647\" data-end=\"696\">\n<p data-start=\"649\" data-end=\"696\"><strong data-start=\"649\" data-end=\"660\">Modelo:<\/strong> Berloque Separador Cora\u00e7\u00e3o Vazado<\/p>\n<\/li>\n<li data-start=\"697\" data-end=\"728\">\n<p data-start=\"699\" data-end=\"728\"><strong data-start=\"699\" data-end=\"711\">Formato:<\/strong> Cora\u00e7\u00e3o vazado<\/p>\n<\/li>\n<li data-start=\"729\" data-end=\"765\">\n<p data-start=\"731\" data-end=\"765\"><strong data-start=\"731\" data-end=\"744\">Material:<\/strong> Prata 925 leg\u00edtima<\/p>\n<\/li>\n<li data-start=\"766\" data-end=\"802\">\n<p data-start=\"768\" data-end=\"802\"><strong data-start=\"768\" data-end=\"783\">Acabamento:<\/strong> Polido brilhante<\/p>\n<\/li>\n<li data-start=\"803\" data-end=\"841\">\n<p data-start=\"805\" data-end=\"841\"><strong data-start=\"805\" data-end=\"816\">Fun\u00e7\u00e3o:<\/strong> Separador de berloques<\/p>\n<\/li>\n<li data-start=\"842\" data-end=\"927\">\n<p data-start=\"844\" data-end=\"927\"><strong data-start=\"844\" data-end=\"864\">Compatibilidade:<\/strong> Pulseiras estilo europeu (Pandora, Life, Morana e similares)<\/p>\n<\/li>\n<li data-start=\"928\" data-end=\"953\">\n<p data-start=\"930\" data-end=\"953\"><strong data-start=\"930\" data-end=\"939\">Peso:<\/strong> Aprox. 1,8g<\/p>\n<\/li>\n<\/ul>\n<hr data-start=\"955\" data-end=\"958\">\n<h3 data-start=\"960\" data-end=\"975\">Garantia:<\/h3>\n<p data-start=\"976\" data-end=\"1230\">Todos os berloques em <strong data-start=\"998\" data-end=\"1011\">Prata 925<\/strong> acompanham <strong data-start=\"1023\" data-end=\"1067\">Certificado de Garantia de Autenticidade<\/strong>, assegurando a <strong data-start=\"1083\" data-end=\"1101\">dura\u00e7\u00e3o eterna<\/strong> do material. Diferente das bijuterias, pe\u00e7as em Prata 925 preservam brilho e valor por toda a vida, assim como o <strong data-start=\"1215\" data-end=\"1227\">Ouro 18k<\/strong>.<\/p>","protected":false},"excerpt":{"rendered":"<p>Detalhes do Produto: Berloque separador em Prata 925 leg\u00edtima, com design delicado de cora\u00e7\u00e3o vazado, que simboliza amor, uni\u00e3o e delicadeza. Esse modelo \u00e9 perfeito&#8230;<\/p>","protected":false},"featured_media":5097,"comment_status":"open","ping_status":"closed","template":"","meta":[],"etheme_brands":[],"product_brand":[],"product_cat":[127],"product_tag":[133],"class_list":{"0":"post-5099","1":"product","2":"type-product","3":"status-publish","4":"has-post-thumbnail","6":"product_cat-categoriaberloques","7":"product_tag-uze-pratas","9":"first","10":"instock","11":"shipping-taxable","12":"purchasable","13":"product-type-simple"},"_links":{"self":[{"href":"https:\/\/agenciausphot.com\/uze\/en\/wp-json\/wp\/v2\/product\/5099","targetHints":{"allow":["GET"]}}],"collection":[{"href":"https:\/\/agenciausphot.com\/uze\/en\/wp-json\/wp\/v2\/product"}],"about":[{"href":"https:\/\/agenciausphot.com\/uze\/en\/wp-json\/wp\/v2\/types\/product"}],"replies":[{"embeddable":true,"href":"https:\/\/agenciausphot.com\/uze\/en\/wp-json\/wp\/v2\/comments?post=5099"}],"version-history":[{"count":1,"href":"https:\/\/agenciausphot.com\/uze\/en\/wp-json\/wp\/v2\/product\/5099\/revisions"}],"predecessor-version":[{"id":6030,"href":"https:\/\/agenciausphot.com\/uze\/en\/wp-json\/wp\/v2\/product\/5099\/revisions\/6030"}],"wp:featuredmedia":[{"embeddable":true,"href":"https:\/\/agenciausphot.com\/uze\/en\/wp-json\/wp\/v2\/media\/5097"}],"wp:attachment":[{"href":"https:\/\/agenciausphot.com\/uze\/en\/wp-json\/wp\/v2\/media?parent=5099"}],"wp:term":[{"taxonomy":"brand","embeddable":true,"href":"https:\/\/agenciausphot.com\/uze\/en\/wp-json\/wp\/v2\/etheme_brands?post=5099"},{"taxonomy":"product_brand","embeddable":true,"href":"https:\/\/agenciausphot.com\/uze\/en\/wp-json\/wp\/v2\/product_brand?post=5099"},{"taxonomy":"product_cat","embeddable":true,"href":"https:\/\/agenciausphot.com\/uze\/en\/wp-json\/wp\/v2\/product_cat?post=5099"},{"taxonomy":"product_tag","embeddable":true,"href":"https:\/\/agenciausphot.com\/uze\/en\/wp-json\/wp\/v2\/product_tag?post=5099"}],"curies":[{"name":"wp","href":"https:\/\/api.w.org\/{rel}","templated":true}]}}