{"id":5096,"date":"2025-10-29T13:07:14","date_gmt":"2025-10-29T13:07:14","guid":{"rendered":"https:\/\/agenciausphot.com\/uze\/produto\/berloque-de-frases\/"},"modified":"2025-11-18T14:06:16","modified_gmt":"2025-11-18T14:06:16","slug":"berloque-de-frases","status":"publish","type":"product","link":"https:\/\/agenciausphot.com\/uze\/en\/product\/berloque-de-frases\/","title":{"rendered":"Berloque de frases"},"content":{"rendered":"<h3 data-start=\"100\" data-end=\"126\">Detalhes do Produto:<\/h3>\n<p data-start=\"127\" data-end=\"445\">Berloque em <strong data-start=\"139\" data-end=\"161\">Prata 925 leg\u00edtima<\/strong>, com design em formato de <strong data-start=\"188\" data-end=\"208\">medalha delicada<\/strong>, gravada com frases inspiradoras, que transmitem f\u00e9, amor, motiva\u00e7\u00e3o ou prote\u00e7\u00e3o. Uma pe\u00e7a cheia de significado, ideal para personalizar pulseiras e carregar sempre mensagens especiais que representam momentos, sentimentos ou cren\u00e7as.<\/p>\n<p data-start=\"447\" data-end=\"570\">As pratas 925 possuem <strong data-start=\"469\" data-end=\"491\">garantia vital\u00edcia<\/strong>, reconhecidas por sua resist\u00eancia, durabilidade e excelente custo-benef\u00edcio.<\/p>\n<hr data-start=\"572\" data-end=\"575\">\n<h3 data-start=\"577\" data-end=\"609\">Especifica\u00e7\u00f5es do produto:<\/h3>\n<ul data-start=\"610\" data-end=\"1004\">\n<li data-start=\"610\" data-end=\"644\">\n<p data-start=\"612\" data-end=\"644\"><strong data-start=\"612\" data-end=\"623\">Modelo:<\/strong> Berloque de Frases<\/p>\n<\/li>\n<li data-start=\"645\" data-end=\"710\">\n<p data-start=\"647\" data-end=\"710\"><strong data-start=\"647\" data-end=\"659\">Formato:<\/strong> Medalha redonda (ou retangular, conforme modelo)<\/p>\n<\/li>\n<li data-start=\"711\" data-end=\"786\">\n<p data-start=\"713\" data-end=\"786\"><strong data-start=\"713\" data-end=\"726\">Detalhes:<\/strong> Grava\u00e7\u00f5es com frases motivacionais, religiosas ou de amor<\/p>\n<\/li>\n<li data-start=\"787\" data-end=\"823\">\n<p data-start=\"789\" data-end=\"823\"><strong data-start=\"789\" data-end=\"802\">Material:<\/strong> Prata 925 leg\u00edtima<\/p>\n<\/li>\n<li data-start=\"824\" data-end=\"892\">\n<p data-start=\"826\" data-end=\"892\"><strong data-start=\"826\" data-end=\"841\">Acabamento:<\/strong> Polido brilhante + grava\u00e7\u00e3o em alto\/baixo relevo<\/p>\n<\/li>\n<li data-start=\"893\" data-end=\"978\">\n<p data-start=\"895\" data-end=\"978\"><strong data-start=\"895\" data-end=\"915\">Compatibilidade:<\/strong> Pulseiras estilo europeu (Pandora, Life, Morana e similares)<\/p>\n<\/li>\n<li data-start=\"979\" data-end=\"1004\">\n<p data-start=\"981\" data-end=\"1004\"><strong data-start=\"981\" data-end=\"990\">Peso:<\/strong> Aprox. 2,0g<\/p>\n<\/li>\n<\/ul>\n<hr data-start=\"1006\" data-end=\"1009\">\n<h3 data-start=\"1011\" data-end=\"1026\">Garantia:<\/h3>\n<p data-start=\"1027\" data-end=\"1281\">Todos os berloques em <strong data-start=\"1049\" data-end=\"1062\">Prata 925<\/strong> acompanham <strong data-start=\"1074\" data-end=\"1118\">Certificado de Garantia de Autenticidade<\/strong>, assegurando a <strong data-start=\"1134\" data-end=\"1152\">dura\u00e7\u00e3o eterna<\/strong> do material. Diferente das bijuterias, pe\u00e7as em Prata 925 preservam brilho e valor por toda a vida, assim como o <strong data-start=\"1266\" data-end=\"1278\">Ouro 18k<\/strong>.<\/p>","protected":false},"excerpt":{"rendered":"<p>Detalhes do Produto: Berloque em Prata 925 leg\u00edtima, com design em formato de medalha delicada, gravada com frases inspiradoras, que transmitem f\u00e9, amor, motiva\u00e7\u00e3o ou&#8230;<\/p>","protected":false},"featured_media":5094,"comment_status":"open","ping_status":"closed","template":"","meta":[],"etheme_brands":[],"product_brand":[],"product_cat":[127],"product_tag":[133],"class_list":{"0":"post-5096","1":"product","2":"type-product","3":"status-publish","4":"has-post-thumbnail","6":"product_cat-categoriaberloques","7":"product_tag-uze-pratas","9":"first","10":"outofstock","11":"shipping-taxable","12":"purchasable","13":"product-type-simple"},"_links":{"self":[{"href":"https:\/\/agenciausphot.com\/uze\/en\/wp-json\/wp\/v2\/product\/5096","targetHints":{"allow":["GET"]}}],"collection":[{"href":"https:\/\/agenciausphot.com\/uze\/en\/wp-json\/wp\/v2\/product"}],"about":[{"href":"https:\/\/agenciausphot.com\/uze\/en\/wp-json\/wp\/v2\/types\/product"}],"replies":[{"embeddable":true,"href":"https:\/\/agenciausphot.com\/uze\/en\/wp-json\/wp\/v2\/comments?post=5096"}],"version-history":[{"count":1,"href":"https:\/\/agenciausphot.com\/uze\/en\/wp-json\/wp\/v2\/product\/5096\/revisions"}],"predecessor-version":[{"id":6029,"href":"https:\/\/agenciausphot.com\/uze\/en\/wp-json\/wp\/v2\/product\/5096\/revisions\/6029"}],"wp:featuredmedia":[{"embeddable":true,"href":"https:\/\/agenciausphot.com\/uze\/en\/wp-json\/wp\/v2\/media\/5094"}],"wp:attachment":[{"href":"https:\/\/agenciausphot.com\/uze\/en\/wp-json\/wp\/v2\/media?parent=5096"}],"wp:term":[{"taxonomy":"brand","embeddable":true,"href":"https:\/\/agenciausphot.com\/uze\/en\/wp-json\/wp\/v2\/etheme_brands?post=5096"},{"taxonomy":"product_brand","embeddable":true,"href":"https:\/\/agenciausphot.com\/uze\/en\/wp-json\/wp\/v2\/product_brand?post=5096"},{"taxonomy":"product_cat","embeddable":true,"href":"https:\/\/agenciausphot.com\/uze\/en\/wp-json\/wp\/v2\/product_cat?post=5096"},{"taxonomy":"product_tag","embeddable":true,"href":"https:\/\/agenciausphot.com\/uze\/en\/wp-json\/wp\/v2\/product_tag?post=5096"}],"curies":[{"name":"wp","href":"https:\/\/api.w.org\/{rel}","templated":true}]}}