{"id":5085,"date":"2025-10-29T13:07:06","date_gmt":"2025-10-29T13:07:06","guid":{"rendered":"https:\/\/agenciausphot.com\/uze\/produto\/berloque-chapeu\/"},"modified":"2025-11-04T20:36:41","modified_gmt":"2025-11-04T20:36:41","slug":"berloque-chapeu","status":"publish","type":"product","link":"https:\/\/agenciausphot.com\/uze\/en\/product\/berloque-chapeu\/","title":{"rendered":"Berloque chapeu"},"content":{"rendered":"<h3 data-start=\"97\" data-end=\"123\">Detalhes do Produto:<\/h3>\n<p data-start=\"124\" data-end=\"444\">Berloque em <strong data-start=\"136\" data-end=\"158\">Prata 925 leg\u00edtima<\/strong>, com design delicado de <strong data-start=\"183\" data-end=\"204\">chap\u00e9u estilizado<\/strong>, s\u00edmbolo de estilo, tradi\u00e7\u00e3o e autenticidade. Uma pe\u00e7a charmosa e cheia de personalidade, perfeita para personalizar pulseiras e representar o amor pelo universo country, pela vida no campo ou simplesmente pelo estilo casual sofisticado.<\/p>\n<p data-start=\"446\" data-end=\"569\">As pratas 925 possuem <strong data-start=\"468\" data-end=\"490\">garantia vital\u00edcia<\/strong>, reconhecidas por sua resist\u00eancia, durabilidade e excelente custo-benef\u00edcio.<\/p>\n<hr data-start=\"571\" data-end=\"574\">\n<h3 data-start=\"576\" data-end=\"608\">Especifica\u00e7\u00f5es do produto:<\/h3>\n<ul data-start=\"609\" data-end=\"889\">\n<li data-start=\"609\" data-end=\"640\">\n<p data-start=\"611\" data-end=\"640\"><strong data-start=\"611\" data-end=\"622\">Modelo:<\/strong> Berloque Chap\u00e9u<\/p>\n<\/li>\n<li data-start=\"641\" data-end=\"680\">\n<p data-start=\"643\" data-end=\"680\"><strong data-start=\"643\" data-end=\"655\">Formato:<\/strong> Mini chap\u00e9u estilizado<\/p>\n<\/li>\n<li data-start=\"681\" data-end=\"717\">\n<p data-start=\"683\" data-end=\"717\"><strong data-start=\"683\" data-end=\"696\">Material:<\/strong> Prata 925 leg\u00edtima<\/p>\n<\/li>\n<li data-start=\"718\" data-end=\"777\">\n<p data-start=\"720\" data-end=\"777\"><strong data-start=\"720\" data-end=\"735\">Acabamento:<\/strong> Polido brilhante + detalhes trabalhados<\/p>\n<\/li>\n<li data-start=\"778\" data-end=\"863\">\n<p data-start=\"780\" data-end=\"863\"><strong data-start=\"780\" data-end=\"800\">Compatibilidade:<\/strong> Pulseiras estilo europeu (Pandora, Life, Morana e similares)<\/p>\n<\/li>\n<li data-start=\"864\" data-end=\"889\">\n<p data-start=\"866\" data-end=\"889\"><strong data-start=\"866\" data-end=\"875\">Peso:<\/strong> Aprox. 2,0g<\/p>\n<\/li>\n<\/ul>\n<hr data-start=\"891\" data-end=\"894\">\n<h3 data-start=\"896\" data-end=\"911\">Garantia:<\/h3>\n<p data-start=\"912\" data-end=\"1166\">Todos os berloques em <strong data-start=\"934\" data-end=\"947\">Prata 925<\/strong> acompanham <strong data-start=\"959\" data-end=\"1003\">Certificado de Garantia de Autenticidade<\/strong>, assegurando a <strong data-start=\"1019\" data-end=\"1037\">dura\u00e7\u00e3o eterna<\/strong> do material. Diferente das bijuterias, pe\u00e7as em Prata 925 preservam brilho e valor por toda a vida, assim como o <strong data-start=\"1151\" data-end=\"1163\">Ouro 18k<\/strong>.<\/p>","protected":false},"excerpt":{"rendered":"<p>Detalhes do Produto: Berloque em Prata 925 leg\u00edtima, com design delicado de chap\u00e9u estilizado, s\u00edmbolo de estilo, tradi\u00e7\u00e3o e autenticidade. Uma pe\u00e7a charmosa e cheia&#8230;<\/p>","protected":false},"featured_media":5083,"comment_status":"open","ping_status":"closed","template":"","meta":[],"etheme_brands":[],"product_brand":[],"product_cat":[127],"product_tag":[133],"class_list":{"0":"post-5085","1":"product","2":"type-product","3":"status-publish","4":"has-post-thumbnail","6":"product_cat-categoriaberloques","7":"product_tag-uze-pratas","9":"first","10":"instock","11":"shipping-taxable","12":"purchasable","13":"product-type-simple"},"_links":{"self":[{"href":"https:\/\/agenciausphot.com\/uze\/en\/wp-json\/wp\/v2\/product\/5085","targetHints":{"allow":["GET"]}}],"collection":[{"href":"https:\/\/agenciausphot.com\/uze\/en\/wp-json\/wp\/v2\/product"}],"about":[{"href":"https:\/\/agenciausphot.com\/uze\/en\/wp-json\/wp\/v2\/types\/product"}],"replies":[{"embeddable":true,"href":"https:\/\/agenciausphot.com\/uze\/en\/wp-json\/wp\/v2\/comments?post=5085"}],"version-history":[{"count":1,"href":"https:\/\/agenciausphot.com\/uze\/en\/wp-json\/wp\/v2\/product\/5085\/revisions"}],"predecessor-version":[{"id":6024,"href":"https:\/\/agenciausphot.com\/uze\/en\/wp-json\/wp\/v2\/product\/5085\/revisions\/6024"}],"wp:featuredmedia":[{"embeddable":true,"href":"https:\/\/agenciausphot.com\/uze\/en\/wp-json\/wp\/v2\/media\/5083"}],"wp:attachment":[{"href":"https:\/\/agenciausphot.com\/uze\/en\/wp-json\/wp\/v2\/media?parent=5085"}],"wp:term":[{"taxonomy":"brand","embeddable":true,"href":"https:\/\/agenciausphot.com\/uze\/en\/wp-json\/wp\/v2\/etheme_brands?post=5085"},{"taxonomy":"product_brand","embeddable":true,"href":"https:\/\/agenciausphot.com\/uze\/en\/wp-json\/wp\/v2\/product_brand?post=5085"},{"taxonomy":"product_cat","embeddable":true,"href":"https:\/\/agenciausphot.com\/uze\/en\/wp-json\/wp\/v2\/product_cat?post=5085"},{"taxonomy":"product_tag","embeddable":true,"href":"https:\/\/agenciausphot.com\/uze\/en\/wp-json\/wp\/v2\/product_tag?post=5085"}],"curies":[{"name":"wp","href":"https:\/\/api.w.org\/{rel}","templated":true}]}}