{"id":5062,"date":"2025-10-29T13:06:47","date_gmt":"2025-10-29T13:06:47","guid":{"rendered":"https:\/\/agenciausphot.com\/uze\/produto\/berloque-viagem-aviao\/"},"modified":"2025-11-04T20:36:34","modified_gmt":"2025-11-04T20:36:34","slug":"berloque-viagem-aviao","status":"publish","type":"product","link":"https:\/\/agenciausphot.com\/uze\/en\/product\/berloque-viagem-aviao\/","title":{"rendered":"Berloque viagem avi\u00e3o"},"content":{"rendered":"<h3 data-start=\"103\" data-end=\"129\">Detalhes do Produto:<\/h3>\n<p data-start=\"130\" data-end=\"493\">Berloque em <strong data-start=\"142\" data-end=\"164\">Prata 925 leg\u00edtima<\/strong>, em formato de <strong data-start=\"180\" data-end=\"189\">avi\u00e3o<\/strong>, perfeito para simbolizar viagens, aventuras e novas conquistas. Um acess\u00f3rio delicado e cheio de significado, ideal para personalizar pulseiras e eternizar momentos inesquec\u00edveis. O design moderno e detalhado torna a pe\u00e7a uma escolha encantadora para quem ama explorar o mundo e colecionar hist\u00f3rias.<\/p>\n<p data-start=\"495\" data-end=\"618\">As pratas 925 possuem <strong data-start=\"517\" data-end=\"539\">garantia vital\u00edcia<\/strong>, reconhecidas por sua resist\u00eancia, durabilidade e excelente custo-benef\u00edcio.<\/p>\n<hr data-start=\"620\" data-end=\"623\">\n<h3 data-start=\"625\" data-end=\"657\">Especifica\u00e7\u00f5es do produto:<\/h3>\n<ul data-start=\"658\" data-end=\"938\">\n<li data-start=\"658\" data-end=\"695\">\n<p data-start=\"660\" data-end=\"695\"><strong data-start=\"660\" data-end=\"671\">Modelo:<\/strong> Berloque Viagem Avi\u00e3o<\/p>\n<\/li>\n<li data-start=\"696\" data-end=\"729\">\n<p data-start=\"698\" data-end=\"729\"><strong data-start=\"698\" data-end=\"710\">Formato:<\/strong> Avi\u00e3o estilizado<\/p>\n<\/li>\n<li data-start=\"730\" data-end=\"766\">\n<p data-start=\"732\" data-end=\"766\"><strong data-start=\"732\" data-end=\"745\">Material:<\/strong> Prata 925 leg\u00edtima<\/p>\n<\/li>\n<li data-start=\"767\" data-end=\"826\">\n<p data-start=\"769\" data-end=\"826\"><strong data-start=\"769\" data-end=\"784\">Acabamento:<\/strong> Polido brilhante + detalhes trabalhados<\/p>\n<\/li>\n<li data-start=\"827\" data-end=\"912\">\n<p data-start=\"829\" data-end=\"912\"><strong data-start=\"829\" data-end=\"849\">Compatibilidade:<\/strong> Pulseiras estilo europeu (Pandora, Life, Morana e similares)<\/p>\n<\/li>\n<li data-start=\"913\" data-end=\"938\">\n<p data-start=\"915\" data-end=\"938\"><strong data-start=\"915\" data-end=\"924\">Peso:<\/strong> Aprox. 2,0g<\/p>\n<\/li>\n<\/ul>\n<hr data-start=\"940\" data-end=\"943\">\n<h3 data-start=\"945\" data-end=\"960\">Garantia:<\/h3>\n<p data-start=\"961\" data-end=\"1215\">Todos os berloques em <strong data-start=\"983\" data-end=\"996\">Prata 925<\/strong> acompanham <strong data-start=\"1008\" data-end=\"1052\">Certificado de Garantia de Autenticidade<\/strong>, assegurando a <strong data-start=\"1068\" data-end=\"1086\">dura\u00e7\u00e3o eterna<\/strong> do material. Diferente das bijuterias, pe\u00e7as em Prata 925 preservam brilho e valor por toda a vida, assim como o <strong data-start=\"1200\" data-end=\"1212\">Ouro 18k<\/strong>.<\/p>","protected":false},"excerpt":{"rendered":"<p>Detalhes do Produto: Berloque em Prata 925 leg\u00edtima, em formato de avi\u00e3o, perfeito para simbolizar viagens, aventuras e novas conquistas. Um acess\u00f3rio delicado e cheio&#8230;<\/p>","protected":false},"featured_media":5061,"comment_status":"open","ping_status":"closed","template":"","meta":[],"etheme_brands":[],"product_brand":[],"product_cat":[127],"product_tag":[133],"class_list":{"0":"post-5062","1":"product","2":"type-product","3":"status-publish","4":"has-post-thumbnail","6":"product_cat-categoriaberloques","7":"product_tag-uze-pratas","9":"first","10":"instock","11":"shipping-taxable","12":"purchasable","13":"product-type-simple"},"_links":{"self":[{"href":"https:\/\/agenciausphot.com\/uze\/en\/wp-json\/wp\/v2\/product\/5062","targetHints":{"allow":["GET"]}}],"collection":[{"href":"https:\/\/agenciausphot.com\/uze\/en\/wp-json\/wp\/v2\/product"}],"about":[{"href":"https:\/\/agenciausphot.com\/uze\/en\/wp-json\/wp\/v2\/types\/product"}],"replies":[{"embeddable":true,"href":"https:\/\/agenciausphot.com\/uze\/en\/wp-json\/wp\/v2\/comments?post=5062"}],"version-history":[{"count":1,"href":"https:\/\/agenciausphot.com\/uze\/en\/wp-json\/wp\/v2\/product\/5062\/revisions"}],"predecessor-version":[{"id":6015,"href":"https:\/\/agenciausphot.com\/uze\/en\/wp-json\/wp\/v2\/product\/5062\/revisions\/6015"}],"wp:featuredmedia":[{"embeddable":true,"href":"https:\/\/agenciausphot.com\/uze\/en\/wp-json\/wp\/v2\/media\/5061"}],"wp:attachment":[{"href":"https:\/\/agenciausphot.com\/uze\/en\/wp-json\/wp\/v2\/media?parent=5062"}],"wp:term":[{"taxonomy":"brand","embeddable":true,"href":"https:\/\/agenciausphot.com\/uze\/en\/wp-json\/wp\/v2\/etheme_brands?post=5062"},{"taxonomy":"product_brand","embeddable":true,"href":"https:\/\/agenciausphot.com\/uze\/en\/wp-json\/wp\/v2\/product_brand?post=5062"},{"taxonomy":"product_cat","embeddable":true,"href":"https:\/\/agenciausphot.com\/uze\/en\/wp-json\/wp\/v2\/product_cat?post=5062"},{"taxonomy":"product_tag","embeddable":true,"href":"https:\/\/agenciausphot.com\/uze\/en\/wp-json\/wp\/v2\/product_tag?post=5062"}],"curies":[{"name":"wp","href":"https:\/\/api.w.org\/{rel}","templated":true}]}}