{"id":5060,"date":"2025-10-29T13:06:46","date_gmt":"2025-10-29T13:06:46","guid":{"rendered":"https:\/\/agenciausphot.com\/uze\/produto\/berloque-anjo\/"},"modified":"2025-11-04T20:36:34","modified_gmt":"2025-11-04T20:36:34","slug":"berloque-anjo","status":"publish","type":"product","link":"https:\/\/agenciausphot.com\/uze\/en\/product\/berloque-anjo\/","title":{"rendered":"Berloque anjo"},"content":{"rendered":"<h3 data-start=\"95\" data-end=\"121\">Detalhes do Produto:<\/h3>\n<p data-start=\"122\" data-end=\"460\">Berloque em <strong data-start=\"134\" data-end=\"156\">Prata 925 leg\u00edtima<\/strong>, com delicado design de <strong data-start=\"181\" data-end=\"189\">anjo<\/strong>, s\u00edmbolo de prote\u00e7\u00e3o, f\u00e9 e espiritualidade. Uma pe\u00e7a charmosa e significativa, ideal para personalizar pulseiras e eternizar sentimentos especiais. O acabamento detalhado valoriza cada tra\u00e7o, tornando a joia perfeita para compor cole\u00e7\u00f5es que unem beleza e significado.<\/p>\n<p data-start=\"462\" data-end=\"585\">As pratas 925 possuem <strong data-start=\"484\" data-end=\"506\">garantia vital\u00edcia<\/strong>, reconhecidas por sua resist\u00eancia, durabilidade e excelente custo-benef\u00edcio.<\/p>\n<hr data-start=\"587\" data-end=\"590\">\n<h3 data-start=\"592\" data-end=\"624\">Especifica\u00e7\u00f5es do produto:<\/h3>\n<ul data-start=\"625\" data-end=\"896\">\n<li data-start=\"625\" data-end=\"654\">\n<p data-start=\"627\" data-end=\"654\"><strong data-start=\"627\" data-end=\"638\">Modelo:<\/strong> Berloque Anjo<\/p>\n<\/li>\n<li data-start=\"655\" data-end=\"687\">\n<p data-start=\"657\" data-end=\"687\"><strong data-start=\"657\" data-end=\"669\">Formato:<\/strong> Anjo estilizado<\/p>\n<\/li>\n<li data-start=\"688\" data-end=\"724\">\n<p data-start=\"690\" data-end=\"724\"><strong data-start=\"690\" data-end=\"703\">Material:<\/strong> Prata 925 leg\u00edtima<\/p>\n<\/li>\n<li data-start=\"725\" data-end=\"784\">\n<p data-start=\"727\" data-end=\"784\"><strong data-start=\"727\" data-end=\"742\">Acabamento:<\/strong> Polido brilhante + detalhes trabalhados<\/p>\n<\/li>\n<li data-start=\"785\" data-end=\"870\">\n<p data-start=\"787\" data-end=\"870\"><strong data-start=\"787\" data-end=\"807\">Compatibilidade:<\/strong> Pulseiras estilo europeu (Pandora, Life, Morana e similares)<\/p>\n<\/li>\n<li data-start=\"871\" data-end=\"896\">\n<p data-start=\"873\" data-end=\"896\"><strong data-start=\"873\" data-end=\"882\">Peso:<\/strong> Aprox. 2,0g<\/p>\n<\/li>\n<\/ul>\n<hr data-start=\"898\" data-end=\"901\">\n<h3 data-start=\"903\" data-end=\"918\">Garantia:<\/h3>\n<p data-start=\"919\" data-end=\"1173\">Todos os berloques em <strong data-start=\"941\" data-end=\"954\">Prata 925<\/strong> acompanham <strong data-start=\"966\" data-end=\"1010\">Certificado de Garantia de Autenticidade<\/strong>, assegurando a <strong data-start=\"1026\" data-end=\"1044\">dura\u00e7\u00e3o eterna<\/strong> do material. Diferente das bijuterias, pe\u00e7as em Prata 925 preservam brilho e valor por toda a vida, assim como o <strong data-start=\"1158\" data-end=\"1170\">Ouro 18k<\/strong>.<\/p>","protected":false},"excerpt":{"rendered":"<p>Detalhes do Produto: Berloque em Prata 925 leg\u00edtima, com delicado design de anjo, s\u00edmbolo de prote\u00e7\u00e3o, f\u00e9 e espiritualidade. Uma pe\u00e7a charmosa e significativa, ideal&#8230;<\/p>","protected":false},"featured_media":5058,"comment_status":"open","ping_status":"closed","template":"","meta":[],"etheme_brands":[],"product_brand":[],"product_cat":[127],"product_tag":[133],"class_list":{"0":"post-5060","1":"product","2":"type-product","3":"status-publish","4":"has-post-thumbnail","6":"product_cat-categoriaberloques","7":"product_tag-uze-pratas","9":"first","10":"instock","11":"shipping-taxable","12":"purchasable","13":"product-type-simple"},"_links":{"self":[{"href":"https:\/\/agenciausphot.com\/uze\/en\/wp-json\/wp\/v2\/product\/5060","targetHints":{"allow":["GET"]}}],"collection":[{"href":"https:\/\/agenciausphot.com\/uze\/en\/wp-json\/wp\/v2\/product"}],"about":[{"href":"https:\/\/agenciausphot.com\/uze\/en\/wp-json\/wp\/v2\/types\/product"}],"replies":[{"embeddable":true,"href":"https:\/\/agenciausphot.com\/uze\/en\/wp-json\/wp\/v2\/comments?post=5060"}],"version-history":[{"count":1,"href":"https:\/\/agenciausphot.com\/uze\/en\/wp-json\/wp\/v2\/product\/5060\/revisions"}],"predecessor-version":[{"id":6014,"href":"https:\/\/agenciausphot.com\/uze\/en\/wp-json\/wp\/v2\/product\/5060\/revisions\/6014"}],"wp:featuredmedia":[{"embeddable":true,"href":"https:\/\/agenciausphot.com\/uze\/en\/wp-json\/wp\/v2\/media\/5058"}],"wp:attachment":[{"href":"https:\/\/agenciausphot.com\/uze\/en\/wp-json\/wp\/v2\/media?parent=5060"}],"wp:term":[{"taxonomy":"brand","embeddable":true,"href":"https:\/\/agenciausphot.com\/uze\/en\/wp-json\/wp\/v2\/etheme_brands?post=5060"},{"taxonomy":"product_brand","embeddable":true,"href":"https:\/\/agenciausphot.com\/uze\/en\/wp-json\/wp\/v2\/product_brand?post=5060"},{"taxonomy":"product_cat","embeddable":true,"href":"https:\/\/agenciausphot.com\/uze\/en\/wp-json\/wp\/v2\/product_cat?post=5060"},{"taxonomy":"product_tag","embeddable":true,"href":"https:\/\/agenciausphot.com\/uze\/en\/wp-json\/wp\/v2\/product_tag?post=5060"}],"curies":[{"name":"wp","href":"https:\/\/api.w.org\/{rel}","templated":true}]}}