{"id":5051,"date":"2025-10-29T13:06:38","date_gmt":"2025-10-29T13:06:38","guid":{"rendered":"https:\/\/agenciausphot.com\/uze\/produto\/pingente-nossa-senhora-de-fatima\/"},"modified":"2025-11-04T20:36:32","modified_gmt":"2025-11-04T20:36:32","slug":"pingente-nossa-senhora-de-fatima","status":"publish","type":"product","link":"https:\/\/agenciausphot.com\/uze\/en\/product\/pingente-nossa-senhora-de-fatima\/","title":{"rendered":"Pingente nossa senhora de fatima"},"content":{"rendered":"<h3 data-start=\"114\" data-end=\"140\">Detalhes do Produto:<\/h3>\n<p data-start=\"141\" data-end=\"516\">Pingente em <strong data-start=\"153\" data-end=\"175\">Prata 925 leg\u00edtima<\/strong>, com delicada imagem de <strong data-start=\"200\" data-end=\"227\">Nossa Senhora de F\u00e1tima<\/strong>, s\u00edmbolo de f\u00e9, devo\u00e7\u00e3o e prote\u00e7\u00e3o espiritual. O design detalhado transmite leveza e significado, sendo uma joia especial para quem deseja carregar consigo um amuleto de b\u00ean\u00e7\u00e3o e esperan\u00e7a. Pode ser usado sozinho em correntes ou combinado com escapul\u00e1rios e outros pingentes religiosos.<\/p>\n<p data-start=\"518\" data-end=\"641\">As pratas 925 possuem <strong data-start=\"540\" data-end=\"562\">garantia vital\u00edcia<\/strong>, reconhecidas por sua resist\u00eancia, durabilidade e excelente custo-benef\u00edcio.<\/p>\n<hr data-start=\"643\" data-end=\"646\">\n<h3 data-start=\"648\" data-end=\"680\">Especifica\u00e7\u00f5es do produto:<\/h3>\n<ul data-start=\"681\" data-end=\"953\">\n<li data-start=\"681\" data-end=\"729\">\n<p data-start=\"683\" data-end=\"729\"><strong data-start=\"683\" data-end=\"694\">Modelo:<\/strong> Pingente Nossa Senhora de F\u00e1tima<\/p>\n<\/li>\n<li data-start=\"730\" data-end=\"771\">\n<p data-start=\"732\" data-end=\"771\"><strong data-start=\"732\" data-end=\"744\">Formato:<\/strong> Medalha\/Imagem religiosa<\/p>\n<\/li>\n<li data-start=\"772\" data-end=\"808\">\n<p data-start=\"774\" data-end=\"808\"><strong data-start=\"774\" data-end=\"787\">Material:<\/strong> Prata 925 leg\u00edtima<\/p>\n<\/li>\n<li data-start=\"809\" data-end=\"903\">\n<p data-start=\"811\" data-end=\"903\"><strong data-start=\"811\" data-end=\"826\">Acabamento:<\/strong> Polido brilhante + detalhes trabalhados (podendo haver vers\u00f5es cravejadas)<\/p>\n<\/li>\n<li data-start=\"904\" data-end=\"927\">\n<p data-start=\"906\" data-end=\"927\"><strong data-start=\"906\" data-end=\"917\">G\u00eanero:<\/strong> Unissex<\/p>\n<\/li>\n<li data-start=\"928\" data-end=\"953\">\n<p data-start=\"930\" data-end=\"953\"><strong data-start=\"930\" data-end=\"939\">Peso:<\/strong> Aprox. 2,5g<\/p>\n<\/li>\n<\/ul>\n<hr data-start=\"955\" data-end=\"958\">\n<h3 data-start=\"960\" data-end=\"975\">Garantia:<\/h3>\n<p data-start=\"976\" data-end=\"1243\">Todos os pingentes em <strong data-start=\"998\" data-end=\"1011\">Prata 925<\/strong> acompanham <strong data-start=\"1023\" data-end=\"1067\">Certificado de Garantia de Autenticidade<\/strong>, assegurando a <strong data-start=\"1083\" data-end=\"1101\">dura\u00e7\u00e3o eterna<\/strong> do material. Diferente das bijuterias, pe\u00e7as em Prata 925 preservam brilho, valor e significado por toda a vida, assim como o <strong data-start=\"1228\" data-end=\"1240\">Ouro 18k<\/strong>.<\/p>\n<hr data-start=\"1245\" data-end=\"1250\">\n<p data-start=\"1252\" data-end=\"1418\" data-is-last-node=\"\" data-is-only-node=\"\">","protected":false},"excerpt":{"rendered":"<p>Detalhes do Produto: Pingente em Prata 925 leg\u00edtima, com delicada imagem de Nossa Senhora de F\u00e1tima, s\u00edmbolo de f\u00e9, devo\u00e7\u00e3o e prote\u00e7\u00e3o espiritual. O design&#8230;<\/p>","protected":false},"featured_media":5050,"comment_status":"open","ping_status":"closed","template":"","meta":[],"etheme_brands":[],"product_brand":[],"product_cat":[119,118],"product_tag":[133],"class_list":{"0":"post-5051","1":"product","2":"type-product","3":"status-publish","4":"has-post-thumbnail","6":"product_cat-categoriapingentespingente-feminino","7":"product_cat-categoriapingentes","8":"product_tag-uze-pratas","10":"first","11":"outofstock","12":"shipping-taxable","13":"purchasable","14":"product-type-simple"},"_links":{"self":[{"href":"https:\/\/agenciausphot.com\/uze\/en\/wp-json\/wp\/v2\/product\/5051","targetHints":{"allow":["GET"]}}],"collection":[{"href":"https:\/\/agenciausphot.com\/uze\/en\/wp-json\/wp\/v2\/product"}],"about":[{"href":"https:\/\/agenciausphot.com\/uze\/en\/wp-json\/wp\/v2\/types\/product"}],"replies":[{"embeddable":true,"href":"https:\/\/agenciausphot.com\/uze\/en\/wp-json\/wp\/v2\/comments?post=5051"}],"version-history":[{"count":1,"href":"https:\/\/agenciausphot.com\/uze\/en\/wp-json\/wp\/v2\/product\/5051\/revisions"}],"predecessor-version":[{"id":6011,"href":"https:\/\/agenciausphot.com\/uze\/en\/wp-json\/wp\/v2\/product\/5051\/revisions\/6011"}],"wp:featuredmedia":[{"embeddable":true,"href":"https:\/\/agenciausphot.com\/uze\/en\/wp-json\/wp\/v2\/media\/5050"}],"wp:attachment":[{"href":"https:\/\/agenciausphot.com\/uze\/en\/wp-json\/wp\/v2\/media?parent=5051"}],"wp:term":[{"taxonomy":"brand","embeddable":true,"href":"https:\/\/agenciausphot.com\/uze\/en\/wp-json\/wp\/v2\/etheme_brands?post=5051"},{"taxonomy":"product_brand","embeddable":true,"href":"https:\/\/agenciausphot.com\/uze\/en\/wp-json\/wp\/v2\/product_brand?post=5051"},{"taxonomy":"product_cat","embeddable":true,"href":"https:\/\/agenciausphot.com\/uze\/en\/wp-json\/wp\/v2\/product_cat?post=5051"},{"taxonomy":"product_tag","embeddable":true,"href":"https:\/\/agenciausphot.com\/uze\/en\/wp-json\/wp\/v2\/product_tag?post=5051"}],"curies":[{"name":"wp","href":"https:\/\/api.w.org\/{rel}","templated":true}]}}