{"id":5047,"date":"2025-10-29T13:06:35","date_gmt":"2025-10-29T13:06:35","guid":{"rendered":"https:\/\/agenciausphot.com\/uze\/produto\/pingente-cruz-em-prata\/"},"modified":"2025-12-22T16:26:09","modified_gmt":"2025-12-22T16:26:09","slug":"pingente-cruz-em-prata","status":"publish","type":"product","link":"https:\/\/agenciausphot.com\/uze\/en\/product\/pingente-cruz-em-prata\/","title":{"rendered":"Pingente cruz em prata"},"content":{"rendered":"<h3 data-start=\"95\" data-end=\"121\">Detalhes do Produto:<\/h3>\n<p data-start=\"122\" data-end=\"448\">Pingente em <strong data-start=\"134\" data-end=\"156\">Prata 925 leg\u00edtima<\/strong>, no formato cl\u00e1ssico de <strong data-start=\"181\" data-end=\"189\">cruz<\/strong>, s\u00edmbolo universal de f\u00e9, espiritualidade e prote\u00e7\u00e3o. Com acabamento polido e elegante, \u00e9 uma joia atemporal que pode ser usada diariamente, sozinha para um visual minimalista ou acompanhada de outros pingentes para composi\u00e7\u00f5es modernas e cheias de estilo.<\/p>\n<p data-start=\"450\" data-end=\"570\">As pratas 925 possuem <strong data-start=\"472\" data-end=\"494\">garantia vital\u00edcia<\/strong>, reconhecidas por sua resist\u00eancia, qualidade e excelente custo-benef\u00edcio.<\/p>\n<hr data-start=\"572\" data-end=\"575\">\n<h3 data-start=\"577\" data-end=\"609\">Especifica\u00e7\u00f5es do produto:<\/h3>\n<ul data-start=\"610\" data-end=\"807\">\n<li data-start=\"610\" data-end=\"644\">\n<p data-start=\"612\" data-end=\"644\"><strong data-start=\"612\" data-end=\"623\">Modelo:<\/strong> Pingente Cruz Liso<\/p>\n<\/li>\n<li data-start=\"645\" data-end=\"678\">\n<p data-start=\"647\" data-end=\"678\"><strong data-start=\"647\" data-end=\"659\">Formato:<\/strong> Cruz tradicional<\/p>\n<\/li>\n<li data-start=\"679\" data-end=\"715\">\n<p data-start=\"681\" data-end=\"715\"><strong data-start=\"681\" data-end=\"694\">Material:<\/strong> Prata 925 leg\u00edtima<\/p>\n<\/li>\n<li data-start=\"716\" data-end=\"757\">\n<p data-start=\"718\" data-end=\"757\"><strong data-start=\"718\" data-end=\"733\">Acabamento:<\/strong> Liso polido brilhante<\/p>\n<\/li>\n<li data-start=\"758\" data-end=\"781\">\n<p data-start=\"760\" data-end=\"781\"><strong data-start=\"760\" data-end=\"771\">G\u00eanero:<\/strong> Unissex<\/p>\n<\/li>\n<li data-start=\"782\" data-end=\"807\">\n<p data-start=\"784\" data-end=\"807\"><strong data-start=\"784\" data-end=\"793\">Peso:<\/strong> Aprox. 1,8g<\/p>\n<\/li>\n<\/ul>\n<hr data-start=\"809\" data-end=\"812\">\n<h3 data-start=\"814\" data-end=\"829\">Garantia:<\/h3>\n<p data-start=\"830\" data-end=\"1097\">Todos os pingentes em <strong data-start=\"852\" data-end=\"865\">Prata 925<\/strong> acompanham <strong data-start=\"877\" data-end=\"921\">Certificado de Garantia de Autenticidade<\/strong>, assegurando a <strong data-start=\"937\" data-end=\"955\">dura\u00e7\u00e3o eterna<\/strong> do material. Diferente das bijuterias, pe\u00e7as em Prata 925 preservam brilho, valor e significado por toda a vida, assim como o <strong data-start=\"1082\" data-end=\"1094\">Ouro 18k<\/strong>.<\/p>","protected":false},"excerpt":{"rendered":"<p>Detalhes do Produto: Pingente em Prata 925 leg\u00edtima, no formato cl\u00e1ssico de cruz, s\u00edmbolo universal de f\u00e9, espiritualidade e prote\u00e7\u00e3o. Com acabamento polido e elegante,&#8230;<\/p>","protected":false},"featured_media":5046,"comment_status":"open","ping_status":"closed","template":"","meta":[],"etheme_brands":[],"product_brand":[],"product_cat":[120,118],"product_tag":[133],"class_list":{"0":"post-5047","1":"product","2":"type-product","3":"status-publish","4":"has-post-thumbnail","6":"product_cat-categoriapingentespingente-masculino","7":"product_cat-categoriapingentes","8":"product_tag-uze-pratas","10":"first","11":"outofstock","12":"shipping-taxable","13":"purchasable","14":"product-type-simple"},"_links":{"self":[{"href":"https:\/\/agenciausphot.com\/uze\/en\/wp-json\/wp\/v2\/product\/5047","targetHints":{"allow":["GET"]}}],"collection":[{"href":"https:\/\/agenciausphot.com\/uze\/en\/wp-json\/wp\/v2\/product"}],"about":[{"href":"https:\/\/agenciausphot.com\/uze\/en\/wp-json\/wp\/v2\/types\/product"}],"replies":[{"embeddable":true,"href":"https:\/\/agenciausphot.com\/uze\/en\/wp-json\/wp\/v2\/comments?post=5047"}],"version-history":[{"count":1,"href":"https:\/\/agenciausphot.com\/uze\/en\/wp-json\/wp\/v2\/product\/5047\/revisions"}],"predecessor-version":[{"id":6009,"href":"https:\/\/agenciausphot.com\/uze\/en\/wp-json\/wp\/v2\/product\/5047\/revisions\/6009"}],"wp:featuredmedia":[{"embeddable":true,"href":"https:\/\/agenciausphot.com\/uze\/en\/wp-json\/wp\/v2\/media\/5046"}],"wp:attachment":[{"href":"https:\/\/agenciausphot.com\/uze\/en\/wp-json\/wp\/v2\/media?parent=5047"}],"wp:term":[{"taxonomy":"brand","embeddable":true,"href":"https:\/\/agenciausphot.com\/uze\/en\/wp-json\/wp\/v2\/etheme_brands?post=5047"},{"taxonomy":"product_brand","embeddable":true,"href":"https:\/\/agenciausphot.com\/uze\/en\/wp-json\/wp\/v2\/product_brand?post=5047"},{"taxonomy":"product_cat","embeddable":true,"href":"https:\/\/agenciausphot.com\/uze\/en\/wp-json\/wp\/v2\/product_cat?post=5047"},{"taxonomy":"product_tag","embeddable":true,"href":"https:\/\/agenciausphot.com\/uze\/en\/wp-json\/wp\/v2\/product_tag?post=5047"}],"curies":[{"name":"wp","href":"https:\/\/api.w.org\/{rel}","templated":true}]}}