{"id":5045,"date":"2025-10-29T13:06:33","date_gmt":"2025-10-29T13:06:33","guid":{"rendered":"https:\/\/agenciausphot.com\/uze\/produto\/pingente-cruz-cravejada\/"},"modified":"2025-12-22T16:26:09","modified_gmt":"2025-12-22T16:26:09","slug":"pingente-cruz-cravejada","status":"publish","type":"product","link":"https:\/\/agenciausphot.com\/uze\/en\/product\/pingente-cruz-cravejada\/","title":{"rendered":"Pingente cruz cravejada"},"content":{"rendered":"<h3 data-start=\"105\" data-end=\"131\">Detalhes do Produto:<\/h3>\n<p data-start=\"132\" data-end=\"514\">Pingente em <strong data-start=\"144\" data-end=\"166\">Prata 925 leg\u00edtima<\/strong>, no formato cl\u00e1ssico de <strong data-start=\"191\" data-end=\"199\">cruz<\/strong>, totalmente <strong data-start=\"212\" data-end=\"247\">cravejado com zirc\u00f4nias cristal<\/strong> que proporcionam brilho intenso e sofisticado. Uma joia que transmite f\u00e9, prote\u00e7\u00e3o e estilo, perfeita para uso di\u00e1rio ou ocasi\u00f5es especiais. Pode ser usada sozinha em correntes para destaque ou combinada com outros pingentes para um visual moderno e personalizado.<\/p>\n<p data-start=\"516\" data-end=\"636\">As pratas 925 possuem <strong data-start=\"538\" data-end=\"560\">garantia vital\u00edcia<\/strong>, reconhecidas por sua resist\u00eancia, qualidade e excelente custo-benef\u00edcio.<\/p>\n<hr data-start=\"638\" data-end=\"641\">\n<h3 data-start=\"643\" data-end=\"675\">Especifica\u00e7\u00f5es do produto:<\/h3>\n<ul data-start=\"676\" data-end=\"895\">\n<li data-start=\"676\" data-end=\"715\">\n<p data-start=\"678\" data-end=\"715\"><strong data-start=\"678\" data-end=\"689\">Modelo:<\/strong> Pingente Cruz Cravejada<\/p>\n<\/li>\n<li data-start=\"716\" data-end=\"759\">\n<p data-start=\"718\" data-end=\"759\"><strong data-start=\"718\" data-end=\"730\">Formato:<\/strong> Cruz com zirc\u00f4nias cristal<\/p>\n<\/li>\n<li data-start=\"760\" data-end=\"796\">\n<p data-start=\"762\" data-end=\"796\"><strong data-start=\"762\" data-end=\"775\">Material:<\/strong> Prata 925 leg\u00edtima<\/p>\n<\/li>\n<li data-start=\"797\" data-end=\"845\">\n<p data-start=\"799\" data-end=\"845\"><strong data-start=\"799\" data-end=\"814\">Acabamento:<\/strong> Polido brilhante + cravejado<\/p>\n<\/li>\n<li data-start=\"846\" data-end=\"869\">\n<p data-start=\"848\" data-end=\"869\"><strong data-start=\"848\" data-end=\"859\">G\u00eanero:<\/strong> Unissex<\/p>\n<\/li>\n<li data-start=\"870\" data-end=\"895\">\n<p data-start=\"872\" data-end=\"895\"><strong data-start=\"872\" data-end=\"881\">Peso:<\/strong> Aprox. 2,0g<\/p>\n<\/li>\n<\/ul>\n<hr data-start=\"897\" data-end=\"900\">\n<h3 data-start=\"902\" data-end=\"917\">Garantia:<\/h3>\n<p data-start=\"918\" data-end=\"1185\">Todos os pingentes em <strong data-start=\"940\" data-end=\"953\">Prata 925<\/strong> acompanham <strong data-start=\"965\" data-end=\"1009\">Certificado de Garantia de Autenticidade<\/strong>, assegurando a <strong data-start=\"1025\" data-end=\"1043\">dura\u00e7\u00e3o eterna<\/strong> do material. Diferente das bijuterias, pe\u00e7as em Prata 925 preservam brilho, valor e significado por toda a vida, assim como o <strong data-start=\"1170\" data-end=\"1182\">Ouro 18k<\/strong>.<\/p>","protected":false},"excerpt":{"rendered":"<p>Detalhes do Produto: Pingente em Prata 925 leg\u00edtima, no formato cl\u00e1ssico de cruz, totalmente cravejado com zirc\u00f4nias cristal que proporcionam brilho intenso e sofisticado. Uma&#8230;<\/p>","protected":false},"featured_media":5044,"comment_status":"open","ping_status":"closed","template":"","meta":[],"etheme_brands":[],"product_brand":[],"product_cat":[120,118],"product_tag":[133],"class_list":{"0":"post-5045","1":"product","2":"type-product","3":"status-publish","4":"has-post-thumbnail","6":"product_cat-categoriapingentespingente-masculino","7":"product_cat-categoriapingentes","8":"product_tag-uze-pratas","10":"first","11":"outofstock","12":"shipping-taxable","13":"purchasable","14":"product-type-simple"},"_links":{"self":[{"href":"https:\/\/agenciausphot.com\/uze\/en\/wp-json\/wp\/v2\/product\/5045","targetHints":{"allow":["GET"]}}],"collection":[{"href":"https:\/\/agenciausphot.com\/uze\/en\/wp-json\/wp\/v2\/product"}],"about":[{"href":"https:\/\/agenciausphot.com\/uze\/en\/wp-json\/wp\/v2\/types\/product"}],"replies":[{"embeddable":true,"href":"https:\/\/agenciausphot.com\/uze\/en\/wp-json\/wp\/v2\/comments?post=5045"}],"version-history":[{"count":1,"href":"https:\/\/agenciausphot.com\/uze\/en\/wp-json\/wp\/v2\/product\/5045\/revisions"}],"predecessor-version":[{"id":6008,"href":"https:\/\/agenciausphot.com\/uze\/en\/wp-json\/wp\/v2\/product\/5045\/revisions\/6008"}],"wp:featuredmedia":[{"embeddable":true,"href":"https:\/\/agenciausphot.com\/uze\/en\/wp-json\/wp\/v2\/media\/5044"}],"wp:attachment":[{"href":"https:\/\/agenciausphot.com\/uze\/en\/wp-json\/wp\/v2\/media?parent=5045"}],"wp:term":[{"taxonomy":"brand","embeddable":true,"href":"https:\/\/agenciausphot.com\/uze\/en\/wp-json\/wp\/v2\/etheme_brands?post=5045"},{"taxonomy":"product_brand","embeddable":true,"href":"https:\/\/agenciausphot.com\/uze\/en\/wp-json\/wp\/v2\/product_brand?post=5045"},{"taxonomy":"product_cat","embeddable":true,"href":"https:\/\/agenciausphot.com\/uze\/en\/wp-json\/wp\/v2\/product_cat?post=5045"},{"taxonomy":"product_tag","embeddable":true,"href":"https:\/\/agenciausphot.com\/uze\/en\/wp-json\/wp\/v2\/product_tag?post=5045"}],"curies":[{"name":"wp","href":"https:\/\/api.w.org\/{rel}","templated":true}]}}