{"id":5040,"date":"2025-10-29T13:06:29","date_gmt":"2025-10-29T13:06:29","guid":{"rendered":"https:\/\/agenciausphot.com\/uze\/produto\/pingente-filho-menino\/"},"modified":"2026-01-12T15:14:36","modified_gmt":"2026-01-12T15:14:36","slug":"pingente-filho-menino","status":"publish","type":"product","link":"https:\/\/agenciausphot.com\/uze\/en\/product\/pingente-filho-menino\/","title":{"rendered":"Pingente filho menino"},"content":{"rendered":"<h3 data-start=\"103\" data-end=\"129\">Detalhes do Produto:<\/h3>\n<p data-start=\"130\" data-end=\"497\">Pingente em <strong data-start=\"142\" data-end=\"164\">Prata 925 leg\u00edtima<\/strong>, no formato delicado de <strong data-start=\"189\" data-end=\"199\">menino<\/strong>, representando o amor e a conex\u00e3o \u00fanica entre m\u00e3e, pai e filho. Uma joia carregada de significado, perfeita para expressar carinho e afeto familiar. Pode ser usada sozinha em correntes ou combinada com outros pingentes, como menina ou cora\u00e7\u00e3o, formando um colar personalizado cheio de hist\u00f3rias.<\/p>\n<p data-start=\"499\" data-end=\"619\">As pratas 925 possuem <strong data-start=\"521\" data-end=\"543\">garantia vital\u00edcia<\/strong>, reconhecidas por sua resist\u00eancia, qualidade e excelente custo-benef\u00edcio.<\/p>\n<hr data-start=\"621\" data-end=\"624\">\n<h3 data-start=\"626\" data-end=\"658\">Especifica\u00e7\u00f5es do produto:<\/h3>\n<ul data-start=\"659\" data-end=\"910\">\n<li data-start=\"659\" data-end=\"696\">\n<p data-start=\"661\" data-end=\"696\"><strong data-start=\"661\" data-end=\"672\">Modelo:<\/strong> Pingente Filho Menino<\/p>\n<\/li>\n<li data-start=\"697\" data-end=\"732\">\n<p data-start=\"699\" data-end=\"732\"><strong data-start=\"699\" data-end=\"711\">Formato:<\/strong> Silhueta de menino<\/p>\n<\/li>\n<li data-start=\"733\" data-end=\"769\">\n<p data-start=\"735\" data-end=\"769\"><strong data-start=\"735\" data-end=\"748\">Material:<\/strong> Prata 925 leg\u00edtima<\/p>\n<\/li>\n<li data-start=\"770\" data-end=\"860\">\n<p data-start=\"772\" data-end=\"860\"><strong data-start=\"772\" data-end=\"787\">Acabamento:<\/strong> Liso polido brilhante (podendo haver vers\u00f5es cravejadas ou esmaltadas)<\/p>\n<\/li>\n<li data-start=\"861\" data-end=\"884\">\n<p data-start=\"863\" data-end=\"884\"><strong data-start=\"863\" data-end=\"874\">G\u00eanero:<\/strong> Unissex<\/p>\n<\/li>\n<li data-start=\"885\" data-end=\"910\">\n<p data-start=\"887\" data-end=\"910\"><strong data-start=\"887\" data-end=\"896\">Peso:<\/strong> Aprox. 1,5g<\/p>\n<\/li>\n<\/ul>\n<hr data-start=\"912\" data-end=\"915\">\n<h3 data-start=\"917\" data-end=\"932\">Garantia:<\/h3>\n<p data-start=\"933\" data-end=\"1200\">Todos os pingentes em <strong data-start=\"955\" data-end=\"968\">Prata 925<\/strong> acompanham <strong data-start=\"980\" data-end=\"1024\">Certificado de Garantia de Autenticidade<\/strong>, assegurando a <strong data-start=\"1040\" data-end=\"1058\">dura\u00e7\u00e3o eterna<\/strong> do material. Diferente das bijuterias, pe\u00e7as em Prata 925 preservam brilho, valor e significado por toda a vida, assim como o <strong data-start=\"1185\" data-end=\"1197\">Ouro 18k<\/strong>.<\/p>\n<hr data-start=\"1202\" data-end=\"1207\">\n<p data-start=\"1209\" data-end=\"1336\" data-is-last-node=\"\" data-is-only-node=\"\">","protected":false},"excerpt":{"rendered":"<p>Detalhes do Produto: Pingente em Prata 925 leg\u00edtima, no formato delicado de menino, representando o amor e a conex\u00e3o \u00fanica entre m\u00e3e, pai e filho&#8230;.<\/p>","protected":false},"featured_media":5039,"comment_status":"open","ping_status":"closed","template":"","meta":[],"etheme_brands":[],"product_brand":[],"product_cat":[119,118],"product_tag":[133],"class_list":{"0":"post-5040","1":"product","2":"type-product","3":"status-publish","4":"has-post-thumbnail","6":"product_cat-categoriapingentespingente-feminino","7":"product_cat-categoriapingentes","8":"product_tag-uze-pratas","10":"first","11":"instock","12":"shipping-taxable","13":"purchasable","14":"product-type-simple"},"_links":{"self":[{"href":"https:\/\/agenciausphot.com\/uze\/en\/wp-json\/wp\/v2\/product\/5040","targetHints":{"allow":["GET"]}}],"collection":[{"href":"https:\/\/agenciausphot.com\/uze\/en\/wp-json\/wp\/v2\/product"}],"about":[{"href":"https:\/\/agenciausphot.com\/uze\/en\/wp-json\/wp\/v2\/types\/product"}],"replies":[{"embeddable":true,"href":"https:\/\/agenciausphot.com\/uze\/en\/wp-json\/wp\/v2\/comments?post=5040"}],"version-history":[{"count":1,"href":"https:\/\/agenciausphot.com\/uze\/en\/wp-json\/wp\/v2\/product\/5040\/revisions"}],"predecessor-version":[{"id":6006,"href":"https:\/\/agenciausphot.com\/uze\/en\/wp-json\/wp\/v2\/product\/5040\/revisions\/6006"}],"wp:featuredmedia":[{"embeddable":true,"href":"https:\/\/agenciausphot.com\/uze\/en\/wp-json\/wp\/v2\/media\/5039"}],"wp:attachment":[{"href":"https:\/\/agenciausphot.com\/uze\/en\/wp-json\/wp\/v2\/media?parent=5040"}],"wp:term":[{"taxonomy":"brand","embeddable":true,"href":"https:\/\/agenciausphot.com\/uze\/en\/wp-json\/wp\/v2\/etheme_brands?post=5040"},{"taxonomy":"product_brand","embeddable":true,"href":"https:\/\/agenciausphot.com\/uze\/en\/wp-json\/wp\/v2\/product_brand?post=5040"},{"taxonomy":"product_cat","embeddable":true,"href":"https:\/\/agenciausphot.com\/uze\/en\/wp-json\/wp\/v2\/product_cat?post=5040"},{"taxonomy":"product_tag","embeddable":true,"href":"https:\/\/agenciausphot.com\/uze\/en\/wp-json\/wp\/v2\/product_tag?post=5040"}],"curies":[{"name":"wp","href":"https:\/\/api.w.org\/{rel}","templated":true}]}}