{"id":5038,"date":"2025-10-29T13:06:27","date_gmt":"2025-10-29T13:06:27","guid":{"rendered":"https:\/\/agenciausphot.com\/uze\/produto\/argola-pipocada-folheada-a-ouro-18k\/"},"modified":"2025-12-05T04:41:35","modified_gmt":"2025-12-05T04:41:35","slug":"argola-pipocada-folheada-a-ouro-18k","status":"publish","type":"product","link":"https:\/\/agenciausphot.com\/uze\/en\/product\/argola-pipocada-folheada-a-ouro-18k\/","title":{"rendered":"Argola pipocada folheada a ouro 18k"},"content":{"rendered":"<h3 data-start=\"104\" data-end=\"130\">Detalhes do Produto:<\/h3>\n<p data-start=\"131\" data-end=\"508\">Argola <strong data-start=\"138\" data-end=\"161\">folheada a ouro 18k<\/strong>, com design diferenciado em <strong data-start=\"190\" data-end=\"222\">formato pipocado\/texturizado<\/strong>, que traz modernidade e brilho especial \u00e0 pe\u00e7a. Seu acabamento elegante garante sofistica\u00e7\u00e3o, tornando a joia perfeita para compor looks vers\u00e1teis \u2014 do casual ao mais refinado. Uma pe\u00e7a atemporal e cheia de personalidade, ideal para quem busca estilo e delicadeza no mesmo acess\u00f3rio.<\/p>\n<p data-start=\"510\" data-end=\"638\">O banho em ouro 18k garante <strong data-start=\"538\" data-end=\"559\">alta durabilidade<\/strong> e aspecto luxuoso, semelhante ao ouro maci\u00e7o, com excelente custo-benef\u00edcio.<\/p>\n<hr data-start=\"640\" data-end=\"643\">\n<h3 data-start=\"645\" data-end=\"677\">Especifica\u00e7\u00f5es do produto:<\/h3>\n<ul data-start=\"678\" data-end=\"897\">\n<li data-start=\"678\" data-end=\"709\">\n<p data-start=\"680\" data-end=\"709\"><strong data-start=\"680\" data-end=\"691\">Modelo:<\/strong> Argola Pipocada<\/p>\n<\/li>\n<li data-start=\"710\" data-end=\"771\">\n<p data-start=\"712\" data-end=\"771\"><strong data-start=\"712\" data-end=\"725\">Material:<\/strong> Metal de alta qualidade folheado a ouro 18k<\/p>\n<\/li>\n<li data-start=\"772\" data-end=\"812\">\n<p data-start=\"774\" data-end=\"812\"><strong data-start=\"774\" data-end=\"789\">Acabamento:<\/strong> Texturizado pipocado<\/p>\n<\/li>\n<li data-start=\"813\" data-end=\"840\">\n<p data-start=\"815\" data-end=\"840\"><strong data-start=\"815\" data-end=\"825\">Fecho:<\/strong> Click seguro<\/p>\n<\/li>\n<li data-start=\"841\" data-end=\"865\">\n<p data-start=\"843\" data-end=\"865\"><strong data-start=\"843\" data-end=\"854\">G\u00eanero:<\/strong> Feminino<\/p>\n<\/li>\n<li data-start=\"866\" data-end=\"897\">\n<p data-start=\"868\" data-end=\"897\"><strong data-start=\"868\" data-end=\"877\">Peso:<\/strong> Aprox. 3,0g (par)<\/p>\n<\/li>\n<\/ul>\n<hr data-start=\"899\" data-end=\"902\">\n<h3 data-start=\"904\" data-end=\"919\">Garantia:<\/h3>\n<p data-start=\"920\" data-end=\"1042\">As pe\u00e7as folheadas a <strong data-start=\"941\" data-end=\"953\">Ouro 18k<\/strong> acompanham <strong data-start=\"965\" data-end=\"1001\">Certificado de Garantia de Banho<\/strong>, assegurando qualidade e durabilidade.<\/p>","protected":false},"excerpt":{"rendered":"<p>Detalhes do Produto: Argola folheada a ouro 18k, com design diferenciado em formato pipocado\/texturizado, que traz modernidade e brilho especial \u00e0 pe\u00e7a. Seu acabamento elegante&#8230;<\/p>","protected":false},"featured_media":5037,"comment_status":"open","ping_status":"closed","template":"","meta":[],"etheme_brands":[],"product_brand":[],"product_cat":[117,97],"product_tag":[133],"class_list":{"0":"post-5038","1":"product","2":"type-product","3":"status-publish","4":"has-post-thumbnail","6":"product_cat-categoriabrincosbrinco-feminino","7":"product_cat-categoriabrincos","8":"product_tag-uze-pratas","10":"first","11":"instock","12":"shipping-taxable","13":"purchasable","14":"product-type-simple"},"_links":{"self":[{"href":"https:\/\/agenciausphot.com\/uze\/en\/wp-json\/wp\/v2\/product\/5038","targetHints":{"allow":["GET"]}}],"collection":[{"href":"https:\/\/agenciausphot.com\/uze\/en\/wp-json\/wp\/v2\/product"}],"about":[{"href":"https:\/\/agenciausphot.com\/uze\/en\/wp-json\/wp\/v2\/types\/product"}],"replies":[{"embeddable":true,"href":"https:\/\/agenciausphot.com\/uze\/en\/wp-json\/wp\/v2\/comments?post=5038"}],"version-history":[{"count":1,"href":"https:\/\/agenciausphot.com\/uze\/en\/wp-json\/wp\/v2\/product\/5038\/revisions"}],"predecessor-version":[{"id":6005,"href":"https:\/\/agenciausphot.com\/uze\/en\/wp-json\/wp\/v2\/product\/5038\/revisions\/6005"}],"wp:featuredmedia":[{"embeddable":true,"href":"https:\/\/agenciausphot.com\/uze\/en\/wp-json\/wp\/v2\/media\/5037"}],"wp:attachment":[{"href":"https:\/\/agenciausphot.com\/uze\/en\/wp-json\/wp\/v2\/media?parent=5038"}],"wp:term":[{"taxonomy":"brand","embeddable":true,"href":"https:\/\/agenciausphot.com\/uze\/en\/wp-json\/wp\/v2\/etheme_brands?post=5038"},{"taxonomy":"product_brand","embeddable":true,"href":"https:\/\/agenciausphot.com\/uze\/en\/wp-json\/wp\/v2\/product_brand?post=5038"},{"taxonomy":"product_cat","embeddable":true,"href":"https:\/\/agenciausphot.com\/uze\/en\/wp-json\/wp\/v2\/product_cat?post=5038"},{"taxonomy":"product_tag","embeddable":true,"href":"https:\/\/agenciausphot.com\/uze\/en\/wp-json\/wp\/v2\/product_tag?post=5038"}],"curies":[{"name":"wp","href":"https:\/\/api.w.org\/{rel}","templated":true}]}}