{"id":5032,"date":"2025-10-29T13:06:23","date_gmt":"2025-10-29T13:06:23","guid":{"rendered":"https:\/\/agenciausphot.com\/uze\/produto\/pingente-beija-flor-em-prata\/"},"modified":"2025-12-22T16:26:08","modified_gmt":"2025-12-22T16:26:08","slug":"pingente-beija-flor-em-prata","status":"publish","type":"product","link":"https:\/\/agenciausphot.com\/uze\/en\/product\/pingente-beija-flor-em-prata\/","title":{"rendered":"Pingente beija flor em prata"},"content":{"rendered":"<div>Detalhes do Produto:<\/div>\n<div><\/div>\n<div>Pingente em Prata 925 leg\u00edtima, no formato delicado de beija-flor, s\u00edmbolo de leveza, alegria e renova\u00e7\u00e3o. O design detalhado transmite delicadeza e sofistica\u00e7\u00e3o, tornando a pe\u00e7a ideal para compor correntes e escapul\u00e1rios, ou at\u00e9 mesmo ser usada como amuleto de boas energias. Uma joia cheia de charme e significado, perfeita para presentear ou carregar consigo diariamente.<\/div>\n<div><\/div>\n<div>As pratas 925 possuem garantia vital\u00edcia, reconhecidas por sua resist\u00eancia, qualidade e excelente custo-benef\u00edcio.<\/div>\n<div><\/div>\n<div>Especifica\u00e7\u00f5es do produto:<\/div>\n<div><\/div>\n<div>Modelo: Pingente Beija-flor<\/div>\n<div><\/div>\n<div>Formato: Silhueta de beija-flor<\/div>\n<div><\/div>\n<div>Material: Prata 925 leg\u00edtima<\/div>\n<div><\/div>\n<div>Acabamento: Liso polido brilhante (op\u00e7\u00e3o cravejada em alguns modelos)<\/div>\n<div><\/div>\n<div>G\u00eanero: Feminino\/Unissex<\/div>\n<div><\/div>\n<div>Peso: Aprox. 1,8g<\/div>\n<div><\/div>\n<div>Garantia:<\/div>\n<div><\/div>\n<div>Todos os pingentes em Prata 925 acompanham Certificado de Garantia de Autenticidade, assegurando a dura\u00e7\u00e3o eterna do material. Diferente das bijuterias, pe\u00e7as em Prata 925 preservam brilho e valor por toda a vida, assim como o Ouro 18k.<\/div>","protected":false},"excerpt":{"rendered":"<p>Detalhes do Produto: Pingente em Prata 925 leg\u00edtima, no formato delicado de beija-flor, s\u00edmbolo de leveza, alegria e renova\u00e7\u00e3o. O design detalhado transmite delicadeza e&#8230;<\/p>","protected":false},"featured_media":5031,"comment_status":"open","ping_status":"closed","template":"","meta":[],"etheme_brands":[],"product_brand":[],"product_cat":[119,118],"product_tag":[133],"class_list":{"0":"post-5032","1":"product","2":"type-product","3":"status-publish","4":"has-post-thumbnail","6":"product_cat-categoriapingentespingente-feminino","7":"product_cat-categoriapingentes","8":"product_tag-uze-pratas","10":"first","11":"outofstock","12":"shipping-taxable","13":"purchasable","14":"product-type-simple"},"_links":{"self":[{"href":"https:\/\/agenciausphot.com\/uze\/en\/wp-json\/wp\/v2\/product\/5032","targetHints":{"allow":["GET"]}}],"collection":[{"href":"https:\/\/agenciausphot.com\/uze\/en\/wp-json\/wp\/v2\/product"}],"about":[{"href":"https:\/\/agenciausphot.com\/uze\/en\/wp-json\/wp\/v2\/types\/product"}],"replies":[{"embeddable":true,"href":"https:\/\/agenciausphot.com\/uze\/en\/wp-json\/wp\/v2\/comments?post=5032"}],"version-history":[{"count":0,"href":"https:\/\/agenciausphot.com\/uze\/en\/wp-json\/wp\/v2\/product\/5032\/revisions"}],"wp:featuredmedia":[{"embeddable":true,"href":"https:\/\/agenciausphot.com\/uze\/en\/wp-json\/wp\/v2\/media\/5031"}],"wp:attachment":[{"href":"https:\/\/agenciausphot.com\/uze\/en\/wp-json\/wp\/v2\/media?parent=5032"}],"wp:term":[{"taxonomy":"brand","embeddable":true,"href":"https:\/\/agenciausphot.com\/uze\/en\/wp-json\/wp\/v2\/etheme_brands?post=5032"},{"taxonomy":"product_brand","embeddable":true,"href":"https:\/\/agenciausphot.com\/uze\/en\/wp-json\/wp\/v2\/product_brand?post=5032"},{"taxonomy":"product_cat","embeddable":true,"href":"https:\/\/agenciausphot.com\/uze\/en\/wp-json\/wp\/v2\/product_cat?post=5032"},{"taxonomy":"product_tag","embeddable":true,"href":"https:\/\/agenciausphot.com\/uze\/en\/wp-json\/wp\/v2\/product_tag?post=5032"}],"curies":[{"name":"wp","href":"https:\/\/api.w.org\/{rel}","templated":true}]}}