{"id":5011,"date":"2025-10-29T13:06:08","date_gmt":"2025-10-29T13:06:08","guid":{"rendered":"https:\/\/agenciausphot.com\/uze\/produto\/trio-de-brincos-ponto-de-luz-aqua\/"},"modified":"2025-12-05T04:41:35","modified_gmt":"2025-12-05T04:41:35","slug":"trio-de-brincos-ponto-de-luz-aqua","status":"publish","type":"product","link":"https:\/\/agenciausphot.com\/uze\/en\/product\/trio-de-brincos-ponto-de-luz-aqua\/","title":{"rendered":"Trio de brincos ponto de luz aqua"},"content":{"rendered":"<h3 data-start=\"115\" data-end=\"141\">Detalhes do Produto:<\/h3>\n<p data-start=\"142\" data-end=\"531\">Trio de brincos em <strong data-start=\"161\" data-end=\"183\">Prata 925 leg\u00edtima<\/strong>, no estilo cl\u00e1ssico <strong data-start=\"204\" data-end=\"228\">ponto de luz redondo<\/strong>, com <strong data-start=\"234\" data-end=\"259\">zirc\u00f4nias na cor aqua<\/strong> que transmitem frescor, delicadeza e brilho sofisticado. O conjunto conta com tr\u00eas tamanhos diferentes, ideal para quem possui m\u00faltiplos furos ou gosta de variar os acess\u00f3rios no dia a dia. Uma joia elegante e vers\u00e1til, perfeita para compor looks modernos e rom\u00e2nticos.<\/p>\n<p data-start=\"533\" data-end=\"656\">As pratas 925 possuem <strong data-start=\"555\" data-end=\"577\">garantia vital\u00edcia<\/strong>, reconhecidas por sua resist\u00eancia, durabilidade e excelente custo-benef\u00edcio.<\/p>\n<hr data-start=\"658\" data-end=\"661\">\n<h3 data-start=\"663\" data-end=\"695\">Especifica\u00e7\u00f5es do produto:<\/h3>\n<ul data-start=\"696\" data-end=\"994\">\n<li data-start=\"696\" data-end=\"745\">\n<p data-start=\"698\" data-end=\"745\"><strong data-start=\"698\" data-end=\"709\">Modelo:<\/strong> Trio de Brincos Ponto de Luz Aqua<\/p>\n<\/li>\n<li data-start=\"746\" data-end=\"770\">\n<p data-start=\"748\" data-end=\"770\"><strong data-start=\"748\" data-end=\"760\">Formato:<\/strong> Redondo<\/p>\n<\/li>\n<li data-start=\"771\" data-end=\"844\">\n<p data-start=\"773\" data-end=\"844\"><strong data-start=\"773\" data-end=\"784\">Pedras:<\/strong> Zirc\u00f4nias aqua em tr\u00eas tamanhos (pequena, m\u00e9dia e grande)<\/p>\n<\/li>\n<li data-start=\"845\" data-end=\"881\">\n<p data-start=\"847\" data-end=\"881\"><strong data-start=\"847\" data-end=\"860\">Material:<\/strong> Prata 925 leg\u00edtima<\/p>\n<\/li>\n<li data-start=\"882\" data-end=\"918\">\n<p data-start=\"884\" data-end=\"918\"><strong data-start=\"884\" data-end=\"899\">Acabamento:<\/strong> Polido brilhante<\/p>\n<\/li>\n<li data-start=\"919\" data-end=\"952\">\n<p data-start=\"921\" data-end=\"952\"><strong data-start=\"921\" data-end=\"932\">G\u00eanero:<\/strong> Feminino\/Infantil<\/p>\n<\/li>\n<li data-start=\"953\" data-end=\"994\">\n<p data-start=\"955\" data-end=\"994\"><strong data-start=\"955\" data-end=\"964\">Peso:<\/strong> Aprox. 2,5g (trio completo)<\/p>\n<\/li>\n<\/ul>\n<hr data-start=\"996\" data-end=\"999\">\n<h3 data-start=\"1001\" data-end=\"1016\">Garantia:<\/h3>\n<p data-start=\"1017\" data-end=\"1269\">Todos os brincos em <strong data-start=\"1037\" data-end=\"1050\">Prata 925<\/strong> acompanham <strong data-start=\"1062\" data-end=\"1106\">Certificado de Garantia de Autenticidade<\/strong>, assegurando a <strong data-start=\"1122\" data-end=\"1140\">dura\u00e7\u00e3o eterna<\/strong> do material. Diferente das bijuterias, pe\u00e7as em Prata 925 preservam brilho e valor por toda a vida, assim como o <strong data-start=\"1254\" data-end=\"1266\">Ouro 18k<\/strong>.<\/p>","protected":false},"excerpt":{"rendered":"<p>Detalhes do Produto: Trio de brincos em Prata 925 leg\u00edtima, no estilo cl\u00e1ssico ponto de luz redondo, com zirc\u00f4nias na cor aqua que transmitem frescor,&#8230;<\/p>","protected":false},"featured_media":5010,"comment_status":"open","ping_status":"closed","template":"","meta":[],"etheme_brands":[],"product_brand":[],"product_cat":[117,97],"product_tag":[133],"class_list":{"0":"post-5011","1":"product","2":"type-product","3":"status-publish","4":"has-post-thumbnail","6":"product_cat-categoriabrincosbrinco-feminino","7":"product_cat-categoriabrincos","8":"product_tag-uze-pratas","10":"first","11":"instock","12":"shipping-taxable","13":"purchasable","14":"product-type-simple"},"_links":{"self":[{"href":"https:\/\/agenciausphot.com\/uze\/en\/wp-json\/wp\/v2\/product\/5011","targetHints":{"allow":["GET"]}}],"collection":[{"href":"https:\/\/agenciausphot.com\/uze\/en\/wp-json\/wp\/v2\/product"}],"about":[{"href":"https:\/\/agenciausphot.com\/uze\/en\/wp-json\/wp\/v2\/types\/product"}],"replies":[{"embeddable":true,"href":"https:\/\/agenciausphot.com\/uze\/en\/wp-json\/wp\/v2\/comments?post=5011"}],"version-history":[{"count":1,"href":"https:\/\/agenciausphot.com\/uze\/en\/wp-json\/wp\/v2\/product\/5011\/revisions"}],"predecessor-version":[{"id":5993,"href":"https:\/\/agenciausphot.com\/uze\/en\/wp-json\/wp\/v2\/product\/5011\/revisions\/5993"}],"wp:featuredmedia":[{"embeddable":true,"href":"https:\/\/agenciausphot.com\/uze\/en\/wp-json\/wp\/v2\/media\/5010"}],"wp:attachment":[{"href":"https:\/\/agenciausphot.com\/uze\/en\/wp-json\/wp\/v2\/media?parent=5011"}],"wp:term":[{"taxonomy":"brand","embeddable":true,"href":"https:\/\/agenciausphot.com\/uze\/en\/wp-json\/wp\/v2\/etheme_brands?post=5011"},{"taxonomy":"product_brand","embeddable":true,"href":"https:\/\/agenciausphot.com\/uze\/en\/wp-json\/wp\/v2\/product_brand?post=5011"},{"taxonomy":"product_cat","embeddable":true,"href":"https:\/\/agenciausphot.com\/uze\/en\/wp-json\/wp\/v2\/product_cat?post=5011"},{"taxonomy":"product_tag","embeddable":true,"href":"https:\/\/agenciausphot.com\/uze\/en\/wp-json\/wp\/v2\/product_tag?post=5011"}],"curies":[{"name":"wp","href":"https:\/\/api.w.org\/{rel}","templated":true}]}}