{"id":5009,"date":"2025-10-29T13:06:07","date_gmt":"2025-10-29T13:06:07","guid":{"rendered":"https:\/\/agenciausphot.com\/uze\/produto\/pingente-menina\/"},"modified":"2025-11-04T20:36:18","modified_gmt":"2025-11-04T20:36:18","slug":"pingente-menina","status":"publish","type":"product","link":"https:\/\/agenciausphot.com\/uze\/en\/product\/pingente-menina\/","title":{"rendered":"Pingente menina"},"content":{"rendered":"<h3 data-start=\"97\" data-end=\"123\">Detalhes do Produto:<\/h3>\n<p data-start=\"124\" data-end=\"470\">Pingente em <strong data-start=\"136\" data-end=\"158\">Prata 925 leg\u00edtima<\/strong>, no formato delicado de <strong data-start=\"183\" data-end=\"193\">menina<\/strong>, s\u00edmbolo de amor, afeto e liga\u00e7\u00e3o familiar. \u00c9 uma joia especial para m\u00e3es, av\u00f3s ou pessoas que desejam carregar consigo uma lembran\u00e7a cheia de significado. Pode ser usado sozinho ou combinado com outros pingentes personalizados, formando um colar \u00fanico e cheio de hist\u00f3rias.<\/p>\n<p data-start=\"472\" data-end=\"595\">As pratas 925 possuem <strong data-start=\"494\" data-end=\"516\">garantia vital\u00edcia<\/strong>, reconhecidas por sua resist\u00eancia, durabilidade e excelente custo-benef\u00edcio.<\/p>\n<hr data-start=\"597\" data-end=\"600\">\n<h3 data-start=\"602\" data-end=\"634\">Especifica\u00e7\u00f5es do produto:<\/h3>\n<ul data-start=\"635\" data-end=\"877\">\n<li data-start=\"635\" data-end=\"666\">\n<p data-start=\"637\" data-end=\"666\"><strong data-start=\"637\" data-end=\"648\">Modelo:<\/strong> Pingente Menina<\/p>\n<\/li>\n<li data-start=\"667\" data-end=\"702\">\n<p data-start=\"669\" data-end=\"702\"><strong data-start=\"669\" data-end=\"681\">Formato:<\/strong> Silhueta de menina<\/p>\n<\/li>\n<li data-start=\"703\" data-end=\"739\">\n<p data-start=\"705\" data-end=\"739\"><strong data-start=\"705\" data-end=\"718\">Material:<\/strong> Prata 925 leg\u00edtima<\/p>\n<\/li>\n<li data-start=\"740\" data-end=\"818\">\n<p data-start=\"742\" data-end=\"818\"><strong data-start=\"742\" data-end=\"757\">Acabamento:<\/strong> Liso polido brilhante (op\u00e7\u00e3o de cravejado conforme modelo)<\/p>\n<\/li>\n<li data-start=\"819\" data-end=\"851\">\n<p data-start=\"821\" data-end=\"851\"><strong data-start=\"821\" data-end=\"832\">G\u00eanero:<\/strong> Feminino\/Unissex<\/p>\n<\/li>\n<li data-start=\"852\" data-end=\"877\">\n<p data-start=\"854\" data-end=\"877\"><strong data-start=\"854\" data-end=\"863\">Peso:<\/strong> Aprox. 1,5g<\/p>\n<\/li>\n<\/ul>\n<hr data-start=\"879\" data-end=\"882\">\n<h3 data-start=\"884\" data-end=\"899\">Garantia:<\/h3>\n<p data-start=\"900\" data-end=\"1154\">Todos os pingentes em <strong data-start=\"922\" data-end=\"935\">Prata 925<\/strong> acompanham <strong data-start=\"947\" data-end=\"991\">Certificado de Garantia de Autenticidade<\/strong>, assegurando a <strong data-start=\"1007\" data-end=\"1025\">dura\u00e7\u00e3o eterna<\/strong> do material. Diferente das bijuterias, pe\u00e7as em Prata 925 preservam brilho e valor por toda a vida, assim como o <strong data-start=\"1139\" data-end=\"1151\">Ouro 18k<\/strong>.<\/p>","protected":false},"excerpt":{"rendered":"<p>Detalhes do Produto: Pingente em Prata 925 leg\u00edtima, no formato delicado de menina, s\u00edmbolo de amor, afeto e liga\u00e7\u00e3o familiar. \u00c9 uma joia especial para&#8230;<\/p>","protected":false},"featured_media":5008,"comment_status":"open","ping_status":"closed","template":"","meta":[],"etheme_brands":[],"product_brand":[],"product_cat":[119,118],"product_tag":[133],"class_list":{"0":"post-5009","1":"product","2":"type-product","3":"status-publish","4":"has-post-thumbnail","6":"product_cat-categoriapingentespingente-feminino","7":"product_cat-categoriapingentes","8":"product_tag-uze-pratas","10":"first","11":"instock","12":"shipping-taxable","13":"purchasable","14":"product-type-simple"},"_links":{"self":[{"href":"https:\/\/agenciausphot.com\/uze\/en\/wp-json\/wp\/v2\/product\/5009","targetHints":{"allow":["GET"]}}],"collection":[{"href":"https:\/\/agenciausphot.com\/uze\/en\/wp-json\/wp\/v2\/product"}],"about":[{"href":"https:\/\/agenciausphot.com\/uze\/en\/wp-json\/wp\/v2\/types\/product"}],"replies":[{"embeddable":true,"href":"https:\/\/agenciausphot.com\/uze\/en\/wp-json\/wp\/v2\/comments?post=5009"}],"version-history":[{"count":1,"href":"https:\/\/agenciausphot.com\/uze\/en\/wp-json\/wp\/v2\/product\/5009\/revisions"}],"predecessor-version":[{"id":5992,"href":"https:\/\/agenciausphot.com\/uze\/en\/wp-json\/wp\/v2\/product\/5009\/revisions\/5992"}],"wp:featuredmedia":[{"embeddable":true,"href":"https:\/\/agenciausphot.com\/uze\/en\/wp-json\/wp\/v2\/media\/5008"}],"wp:attachment":[{"href":"https:\/\/agenciausphot.com\/uze\/en\/wp-json\/wp\/v2\/media?parent=5009"}],"wp:term":[{"taxonomy":"brand","embeddable":true,"href":"https:\/\/agenciausphot.com\/uze\/en\/wp-json\/wp\/v2\/etheme_brands?post=5009"},{"taxonomy":"product_brand","embeddable":true,"href":"https:\/\/agenciausphot.com\/uze\/en\/wp-json\/wp\/v2\/product_brand?post=5009"},{"taxonomy":"product_cat","embeddable":true,"href":"https:\/\/agenciausphot.com\/uze\/en\/wp-json\/wp\/v2\/product_cat?post=5009"},{"taxonomy":"product_tag","embeddable":true,"href":"https:\/\/agenciausphot.com\/uze\/en\/wp-json\/wp\/v2\/product_tag?post=5009"}],"curies":[{"name":"wp","href":"https:\/\/api.w.org\/{rel}","templated":true}]}}