{"id":5007,"date":"2025-10-29T13:06:05","date_gmt":"2025-10-29T13:06:05","guid":{"rendered":"https:\/\/agenciausphot.com\/uze\/produto\/trio-de-brincos-borboletas-detalhadas\/"},"modified":"2025-11-04T20:36:18","modified_gmt":"2025-11-04T20:36:18","slug":"trio-de-brincos-borboletas-detalhadas","status":"publish","type":"product","link":"https:\/\/agenciausphot.com\/uze\/en\/product\/trio-de-brincos-borboletas-detalhadas\/","title":{"rendered":"Trio de brincos borboletas detalhadas"},"content":{"rendered":"<h3 data-start=\"119\" data-end=\"145\">Detalhes do Produto:<\/h3>\n<p data-start=\"146\" data-end=\"524\">Trio de brincos em <strong data-start=\"165\" data-end=\"187\">Prata 925 leg\u00edtima<\/strong>, com delicado design de <strong data-start=\"212\" data-end=\"237\">borboletas detalhadas<\/strong>, que simbolizam leveza, transforma\u00e7\u00e3o e liberdade. O conjunto \u00e9 composto por tr\u00eas tamanhos diferentes, perfeitos para quem possui m\u00faltiplos furos ou gosta de variar o estilo no dia a dia. O acabamento polido real\u00e7a cada detalhe das asas, tornando a pe\u00e7a charmosa, moderna e atemporal.<\/p>\n<p data-start=\"526\" data-end=\"649\">As pratas 925 possuem <strong data-start=\"548\" data-end=\"570\">garantia vital\u00edcia<\/strong>, reconhecidas por sua resist\u00eancia, durabilidade e excelente custo-benef\u00edcio.<\/p>\n<hr data-start=\"651\" data-end=\"654\">\n<h3 data-start=\"656\" data-end=\"688\">Especifica\u00e7\u00f5es do produto:<\/h3>\n<ul data-start=\"689\" data-end=\"969\">\n<li data-start=\"689\" data-end=\"742\">\n<p data-start=\"691\" data-end=\"742\"><strong data-start=\"691\" data-end=\"702\">Modelo:<\/strong> Trio de Brincos Borboletas Detalhadas<\/p>\n<\/li>\n<li data-start=\"743\" data-end=\"799\">\n<p data-start=\"745\" data-end=\"799\"><strong data-start=\"745\" data-end=\"757\">Formato:<\/strong> Borboletas estilizadas em tr\u00eas tamanhos<\/p>\n<\/li>\n<li data-start=\"800\" data-end=\"836\">\n<p data-start=\"802\" data-end=\"836\"><strong data-start=\"802\" data-end=\"815\">Material:<\/strong> Prata 925 leg\u00edtima<\/p>\n<\/li>\n<li data-start=\"837\" data-end=\"893\">\n<p data-start=\"839\" data-end=\"893\"><strong data-start=\"839\" data-end=\"854\">Acabamento:<\/strong> Liso polido com detalhes trabalhados<\/p>\n<\/li>\n<li data-start=\"894\" data-end=\"927\">\n<p data-start=\"896\" data-end=\"927\"><strong data-start=\"896\" data-end=\"907\">G\u00eanero:<\/strong> Feminino\/Infantil<\/p>\n<\/li>\n<li data-start=\"928\" data-end=\"969\">\n<p data-start=\"930\" data-end=\"969\"><strong data-start=\"930\" data-end=\"939\">Peso:<\/strong> Aprox. 2,8g (trio completo)<\/p>\n<\/li>\n<\/ul>\n<hr data-start=\"971\" data-end=\"974\">\n<h3 data-start=\"976\" data-end=\"991\">Garantia:<\/h3>\n<p data-start=\"992\" data-end=\"1244\">Todos os brincos em <strong data-start=\"1012\" data-end=\"1025\">Prata 925<\/strong> acompanham <strong data-start=\"1037\" data-end=\"1081\">Certificado de Garantia de Autenticidade<\/strong>, assegurando a <strong data-start=\"1097\" data-end=\"1115\">dura\u00e7\u00e3o eterna<\/strong> do material. Diferente das bijuterias, pe\u00e7as em Prata 925 preservam brilho e valor por toda a vida, assim como o <strong data-start=\"1229\" data-end=\"1241\">Ouro 18k<\/strong>.<\/p>","protected":false},"excerpt":{"rendered":"<p>Detalhes do Produto: Trio de brincos em Prata 925 leg\u00edtima, com delicado design de borboletas detalhadas, que simbolizam leveza, transforma\u00e7\u00e3o e liberdade. O conjunto \u00e9&#8230;<\/p>","protected":false},"featured_media":5006,"comment_status":"open","ping_status":"closed","template":"","meta":[],"etheme_brands":[],"product_brand":[],"product_cat":[117,97],"product_tag":[133],"class_list":{"0":"post-5007","1":"product","2":"type-product","3":"status-publish","4":"has-post-thumbnail","6":"product_cat-categoriabrincosbrinco-feminino","7":"product_cat-categoriabrincos","8":"product_tag-uze-pratas","10":"first","11":"instock","12":"shipping-taxable","13":"purchasable","14":"product-type-simple"},"_links":{"self":[{"href":"https:\/\/agenciausphot.com\/uze\/en\/wp-json\/wp\/v2\/product\/5007","targetHints":{"allow":["GET"]}}],"collection":[{"href":"https:\/\/agenciausphot.com\/uze\/en\/wp-json\/wp\/v2\/product"}],"about":[{"href":"https:\/\/agenciausphot.com\/uze\/en\/wp-json\/wp\/v2\/types\/product"}],"replies":[{"embeddable":true,"href":"https:\/\/agenciausphot.com\/uze\/en\/wp-json\/wp\/v2\/comments?post=5007"}],"version-history":[{"count":1,"href":"https:\/\/agenciausphot.com\/uze\/en\/wp-json\/wp\/v2\/product\/5007\/revisions"}],"predecessor-version":[{"id":5991,"href":"https:\/\/agenciausphot.com\/uze\/en\/wp-json\/wp\/v2\/product\/5007\/revisions\/5991"}],"wp:featuredmedia":[{"embeddable":true,"href":"https:\/\/agenciausphot.com\/uze\/en\/wp-json\/wp\/v2\/media\/5006"}],"wp:attachment":[{"href":"https:\/\/agenciausphot.com\/uze\/en\/wp-json\/wp\/v2\/media?parent=5007"}],"wp:term":[{"taxonomy":"brand","embeddable":true,"href":"https:\/\/agenciausphot.com\/uze\/en\/wp-json\/wp\/v2\/etheme_brands?post=5007"},{"taxonomy":"product_brand","embeddable":true,"href":"https:\/\/agenciausphot.com\/uze\/en\/wp-json\/wp\/v2\/product_brand?post=5007"},{"taxonomy":"product_cat","embeddable":true,"href":"https:\/\/agenciausphot.com\/uze\/en\/wp-json\/wp\/v2\/product_cat?post=5007"},{"taxonomy":"product_tag","embeddable":true,"href":"https:\/\/agenciausphot.com\/uze\/en\/wp-json\/wp\/v2\/product_tag?post=5007"}],"curies":[{"name":"wp","href":"https:\/\/api.w.org\/{rel}","templated":true}]}}