{"id":4999,"date":"2025-10-29T13:05:59","date_gmt":"2025-10-29T13:05:59","guid":{"rendered":"https:\/\/agenciausphot.com\/uze\/produto\/brinco-pingente-de-perola\/"},"modified":"2025-11-04T20:36:15","modified_gmt":"2025-11-04T20:36:15","slug":"brinco-pingente-de-perola","status":"publish","type":"product","link":"https:\/\/agenciausphot.com\/uze\/en\/product\/brinco-pingente-de-perola\/","title":{"rendered":"Brinco pingente de perola"},"content":{"rendered":"<h3 data-start=\"107\" data-end=\"133\">Detalhes do Produto:<\/h3>\n<p data-start=\"134\" data-end=\"447\">Brinco em <strong data-start=\"144\" data-end=\"166\">Prata 925 leg\u00edtima<\/strong>, com design delicado e elegante, composto por uma <strong data-start=\"217\" data-end=\"239\">p\u00e9rola em pingente<\/strong> que traz sofistica\u00e7\u00e3o e movimento \u00e0 pe\u00e7a. O contraste da prata polida com o brilho suave da p\u00e9rola transforma o acess\u00f3rio em uma joia cl\u00e1ssica e atemporal, ideal para uso di\u00e1rio ou para ocasi\u00f5es especiais.<\/p>\n<p data-start=\"449\" data-end=\"569\">As pratas 925 possuem <strong data-start=\"471\" data-end=\"493\">garantia vital\u00edcia<\/strong>, reconhecidas por sua resist\u00eancia, qualidade e excelente custo-benef\u00edcio.<\/p>\n<hr data-start=\"571\" data-end=\"574\">\n<h3 data-start=\"576\" data-end=\"608\">Especifica\u00e7\u00f5es do produto:<\/h3>\n<ul data-start=\"609\" data-end=\"865\">\n<li data-start=\"609\" data-end=\"650\">\n<p data-start=\"611\" data-end=\"650\"><strong data-start=\"611\" data-end=\"622\">Modelo:<\/strong> Brinco Pingente de P\u00e9rola<\/p>\n<\/li>\n<li data-start=\"651\" data-end=\"700\">\n<p data-start=\"653\" data-end=\"700\"><strong data-start=\"653\" data-end=\"663\">Pedra:<\/strong> P\u00e9rola sint\u00e9tica de alta qualidade<\/p>\n<\/li>\n<li data-start=\"701\" data-end=\"737\">\n<p data-start=\"703\" data-end=\"737\"><strong data-start=\"703\" data-end=\"716\">Material:<\/strong> Prata 925 leg\u00edtima<\/p>\n<\/li>\n<li data-start=\"738\" data-end=\"774\">\n<p data-start=\"740\" data-end=\"774\"><strong data-start=\"740\" data-end=\"755\">Acabamento:<\/strong> Polido brilhante<\/p>\n<\/li>\n<li data-start=\"775\" data-end=\"808\">\n<p data-start=\"777\" data-end=\"808\"><strong data-start=\"777\" data-end=\"788\">Estilo:<\/strong> Pendente delicado<\/p>\n<\/li>\n<li data-start=\"809\" data-end=\"833\">\n<p data-start=\"811\" data-end=\"833\"><strong data-start=\"811\" data-end=\"822\">G\u00eanero:<\/strong> Feminino<\/p>\n<\/li>\n<li data-start=\"834\" data-end=\"865\">\n<p data-start=\"836\" data-end=\"865\"><strong data-start=\"836\" data-end=\"845\">Peso:<\/strong> Aprox. 2,5g (par)<\/p>\n<\/li>\n<\/ul>\n<hr data-start=\"867\" data-end=\"870\">\n<h3 data-start=\"872\" data-end=\"887\">Garantia:<\/h3>\n<p data-start=\"888\" data-end=\"1140\">Todos os brincos em <strong data-start=\"908\" data-end=\"921\">Prata 925<\/strong> acompanham <strong data-start=\"933\" data-end=\"977\">Certificado de Garantia de Autenticidade<\/strong>, assegurando a <strong data-start=\"993\" data-end=\"1011\">dura\u00e7\u00e3o eterna<\/strong> do material. Diferente das bijuterias, pe\u00e7as em Prata 925 preservam brilho e valor por toda a vida, assim como o <strong data-start=\"1125\" data-end=\"1137\">Ouro 18k<\/strong>.<\/p>","protected":false},"excerpt":{"rendered":"<p>Detalhes do Produto: Brinco em Prata 925 leg\u00edtima, com design delicado e elegante, composto por uma p\u00e9rola em pingente que traz sofistica\u00e7\u00e3o e movimento \u00e0&#8230;<\/p>","protected":false},"featured_media":4997,"comment_status":"open","ping_status":"closed","template":"","meta":[],"etheme_brands":[],"product_brand":[],"product_cat":[117,97],"product_tag":[133],"class_list":{"0":"post-4999","1":"product","2":"type-product","3":"status-publish","4":"has-post-thumbnail","6":"product_cat-categoriabrincosbrinco-feminino","7":"product_cat-categoriabrincos","8":"product_tag-uze-pratas","10":"first","11":"instock","12":"shipping-taxable","13":"purchasable","14":"product-type-simple"},"_links":{"self":[{"href":"https:\/\/agenciausphot.com\/uze\/en\/wp-json\/wp\/v2\/product\/4999","targetHints":{"allow":["GET"]}}],"collection":[{"href":"https:\/\/agenciausphot.com\/uze\/en\/wp-json\/wp\/v2\/product"}],"about":[{"href":"https:\/\/agenciausphot.com\/uze\/en\/wp-json\/wp\/v2\/types\/product"}],"replies":[{"embeddable":true,"href":"https:\/\/agenciausphot.com\/uze\/en\/wp-json\/wp\/v2\/comments?post=4999"}],"version-history":[{"count":1,"href":"https:\/\/agenciausphot.com\/uze\/en\/wp-json\/wp\/v2\/product\/4999\/revisions"}],"predecessor-version":[{"id":5988,"href":"https:\/\/agenciausphot.com\/uze\/en\/wp-json\/wp\/v2\/product\/4999\/revisions\/5988"}],"wp:featuredmedia":[{"embeddable":true,"href":"https:\/\/agenciausphot.com\/uze\/en\/wp-json\/wp\/v2\/media\/4997"}],"wp:attachment":[{"href":"https:\/\/agenciausphot.com\/uze\/en\/wp-json\/wp\/v2\/media?parent=4999"}],"wp:term":[{"taxonomy":"brand","embeddable":true,"href":"https:\/\/agenciausphot.com\/uze\/en\/wp-json\/wp\/v2\/etheme_brands?post=4999"},{"taxonomy":"product_brand","embeddable":true,"href":"https:\/\/agenciausphot.com\/uze\/en\/wp-json\/wp\/v2\/product_brand?post=4999"},{"taxonomy":"product_cat","embeddable":true,"href":"https:\/\/agenciausphot.com\/uze\/en\/wp-json\/wp\/v2\/product_cat?post=4999"},{"taxonomy":"product_tag","embeddable":true,"href":"https:\/\/agenciausphot.com\/uze\/en\/wp-json\/wp\/v2\/product_tag?post=4999"}],"curies":[{"name":"wp","href":"https:\/\/api.w.org\/{rel}","templated":true}]}}