{"id":4996,"date":"2025-10-29T13:05:56","date_gmt":"2025-10-29T13:05:56","guid":{"rendered":"https:\/\/agenciausphot.com\/uze\/produto\/brinco-perola-com-detalhe-cravejado\/"},"modified":"2025-12-22T16:26:08","modified_gmt":"2025-12-22T16:26:08","slug":"brinco-perola-com-detalhe-cravejado","status":"publish","type":"product","link":"https:\/\/agenciausphot.com\/uze\/en\/product\/brinco-perola-com-detalhe-cravejado\/","title":{"rendered":"Brinco p\u00e9rola com detalhe cravejado"},"content":{"rendered":"<h3 data-start=\"117\" data-end=\"143\">Detalhes do Produto:<\/h3>\n<p data-start=\"144\" data-end=\"486\">Brinco em <strong data-start=\"154\" data-end=\"176\">Prata 925 leg\u00edtima<\/strong>, com design cl\u00e1ssico e elegante, composto por uma <strong data-start=\"227\" data-end=\"245\">p\u00e9rola central<\/strong> que transmite sofistica\u00e7\u00e3o e delicadeza, acompanhada de um <strong data-start=\"305\" data-end=\"348\">detalhe cravejado com zirc\u00f4nias cristal<\/strong>, que intensifica o brilho da pe\u00e7a. Uma joia atemporal, perfeita para ocasi\u00f5es especiais ou para dar um toque refinado ao visual di\u00e1rio.<\/p>\n<p data-start=\"488\" data-end=\"611\">As pratas 925 possuem <strong data-start=\"510\" data-end=\"532\">garantia vital\u00edcia<\/strong>, reconhecidas por sua resist\u00eancia, durabilidade e excelente custo-benef\u00edcio.<\/p>\n<hr data-start=\"613\" data-end=\"616\">\n<h3 data-start=\"618\" data-end=\"650\">Especifica\u00e7\u00f5es do produto:<\/h3>\n<ul data-start=\"651\" data-end=\"955\">\n<li data-start=\"651\" data-end=\"702\">\n<p data-start=\"653\" data-end=\"702\"><strong data-start=\"653\" data-end=\"664\">Modelo:<\/strong> Brinco P\u00e9rola com Detalhe Cravejado<\/p>\n<\/li>\n<li data-start=\"703\" data-end=\"760\">\n<p data-start=\"705\" data-end=\"760\"><strong data-start=\"705\" data-end=\"723\">Pedra central:<\/strong> P\u00e9rola sint\u00e9tica de alta qualidade<\/p>\n<\/li>\n<li data-start=\"761\" data-end=\"812\">\n<p data-start=\"763\" data-end=\"812\"><strong data-start=\"763\" data-end=\"776\">Detalhes:<\/strong> Cravejamento em zirc\u00f4nias cristal<\/p>\n<\/li>\n<li data-start=\"813\" data-end=\"849\">\n<p data-start=\"815\" data-end=\"849\"><strong data-start=\"815\" data-end=\"828\">Material:<\/strong> Prata 925 leg\u00edtima<\/p>\n<\/li>\n<li data-start=\"850\" data-end=\"898\">\n<p data-start=\"852\" data-end=\"898\"><strong data-start=\"852\" data-end=\"867\">Acabamento:<\/strong> Polido brilhante + cravejado<\/p>\n<\/li>\n<li data-start=\"899\" data-end=\"923\">\n<p data-start=\"901\" data-end=\"923\"><strong data-start=\"901\" data-end=\"912\">G\u00eanero:<\/strong> Feminino<\/p>\n<\/li>\n<li data-start=\"924\" data-end=\"955\">\n<p data-start=\"926\" data-end=\"955\"><strong data-start=\"926\" data-end=\"935\">Peso:<\/strong> Aprox. 3,0g (par)<\/p>\n<\/li>\n<\/ul>\n<hr data-start=\"957\" data-end=\"960\">\n<h3 data-start=\"962\" data-end=\"977\">Garantia:<\/h3>\n<p data-start=\"978\" data-end=\"1230\">Todos os brincos em <strong data-start=\"998\" data-end=\"1011\">Prata 925<\/strong> acompanham <strong data-start=\"1023\" data-end=\"1067\">Certificado de Garantia de Autenticidade<\/strong>, assegurando a <strong data-start=\"1083\" data-end=\"1101\">dura\u00e7\u00e3o eterna<\/strong> do material. Diferente das bijuterias, pe\u00e7as em Prata 925 preservam brilho e valor por toda a vida, assim como o <strong data-start=\"1215\" data-end=\"1227\">Ouro 18k<\/strong>.<\/p>","protected":false},"excerpt":{"rendered":"<p>Detalhes do Produto: Brinco em Prata 925 leg\u00edtima, com design cl\u00e1ssico e elegante, composto por uma p\u00e9rola central que transmite sofistica\u00e7\u00e3o e delicadeza, acompanhada de&#8230;<\/p>","protected":false},"featured_media":4994,"comment_status":"open","ping_status":"closed","template":"","meta":[],"etheme_brands":[],"product_brand":[],"product_cat":[117,97],"product_tag":[133],"class_list":{"0":"post-4996","1":"product","2":"type-product","3":"status-publish","4":"has-post-thumbnail","6":"product_cat-categoriabrincosbrinco-feminino","7":"product_cat-categoriabrincos","8":"product_tag-uze-pratas","10":"first","11":"outofstock","12":"shipping-taxable","13":"purchasable","14":"product-type-simple"},"_links":{"self":[{"href":"https:\/\/agenciausphot.com\/uze\/en\/wp-json\/wp\/v2\/product\/4996","targetHints":{"allow":["GET"]}}],"collection":[{"href":"https:\/\/agenciausphot.com\/uze\/en\/wp-json\/wp\/v2\/product"}],"about":[{"href":"https:\/\/agenciausphot.com\/uze\/en\/wp-json\/wp\/v2\/types\/product"}],"replies":[{"embeddable":true,"href":"https:\/\/agenciausphot.com\/uze\/en\/wp-json\/wp\/v2\/comments?post=4996"}],"version-history":[{"count":1,"href":"https:\/\/agenciausphot.com\/uze\/en\/wp-json\/wp\/v2\/product\/4996\/revisions"}],"predecessor-version":[{"id":5987,"href":"https:\/\/agenciausphot.com\/uze\/en\/wp-json\/wp\/v2\/product\/4996\/revisions\/5987"}],"wp:featuredmedia":[{"embeddable":true,"href":"https:\/\/agenciausphot.com\/uze\/en\/wp-json\/wp\/v2\/media\/4994"}],"wp:attachment":[{"href":"https:\/\/agenciausphot.com\/uze\/en\/wp-json\/wp\/v2\/media?parent=4996"}],"wp:term":[{"taxonomy":"brand","embeddable":true,"href":"https:\/\/agenciausphot.com\/uze\/en\/wp-json\/wp\/v2\/etheme_brands?post=4996"},{"taxonomy":"product_brand","embeddable":true,"href":"https:\/\/agenciausphot.com\/uze\/en\/wp-json\/wp\/v2\/product_brand?post=4996"},{"taxonomy":"product_cat","embeddable":true,"href":"https:\/\/agenciausphot.com\/uze\/en\/wp-json\/wp\/v2\/product_cat?post=4996"},{"taxonomy":"product_tag","embeddable":true,"href":"https:\/\/agenciausphot.com\/uze\/en\/wp-json\/wp\/v2\/product_tag?post=4996"}],"curies":[{"name":"wp","href":"https:\/\/api.w.org\/{rel}","templated":true}]}}