{"id":4980,"date":"2025-10-29T13:05:44","date_gmt":"2025-10-29T13:05:44","guid":{"rendered":"https:\/\/agenciausphot.com\/uze\/produto\/trio-de-brincos-ponto-de-luz-colorido\/"},"modified":"2025-11-04T20:36:10","modified_gmt":"2025-11-04T20:36:10","slug":"trio-de-brincos-ponto-de-luz-colorido","status":"publish","type":"product","link":"https:\/\/agenciausphot.com\/uze\/en\/product\/trio-de-brincos-ponto-de-luz-colorido\/","title":{"rendered":"Trio de brincos ponto de luz colorido"},"content":{"rendered":"<p data-start=\"146\" data-end=\"511\">Trio de brincos em <strong data-start=\"165\" data-end=\"187\">Prata 925 leg\u00edtima<\/strong>, no estilo cl\u00e1ssico <strong data-start=\"208\" data-end=\"232\">ponto de luz redondo<\/strong>, com <strong data-start=\"238\" data-end=\"261\">zirc\u00f4nias coloridas<\/strong> em tr\u00eas tamanhos diferentes. O design delicado e vers\u00e1til permite diversas combina\u00e7\u00f5es, ideal para quem possui m\u00faltiplos furos ou deseja variar o look no dia a dia. Uma joia moderna e vibrante, que une delicadeza e personalidade em um s\u00f3 conjunto.<\/p>\n<p data-start=\"513\" data-end=\"636\">As pratas 925 possuem <strong data-start=\"535\" data-end=\"557\">garantia vital\u00edcia<\/strong>, reconhecidas por sua resist\u00eancia, durabilidade e excelente custo-benef\u00edcio.<\/p>","protected":false},"excerpt":{"rendered":"<p>Trio de brincos em Prata 925 leg\u00edtima, no estilo cl\u00e1ssico ponto de luz redondo, com zirc\u00f4nias coloridas em tr\u00eas tamanhos diferentes. O design delicado e&#8230;<\/p>","protected":false},"featured_media":4979,"comment_status":"open","ping_status":"closed","template":"","meta":[],"etheme_brands":[],"product_brand":[],"product_cat":[117,97],"product_tag":[133],"class_list":{"0":"post-4980","1":"product","2":"type-product","3":"status-publish","4":"has-post-thumbnail","6":"product_cat-categoriabrincosbrinco-feminino","7":"product_cat-categoriabrincos","8":"product_tag-uze-pratas","10":"first","11":"instock","12":"shipping-taxable","13":"purchasable","14":"product-type-simple"},"_links":{"self":[{"href":"https:\/\/agenciausphot.com\/uze\/en\/wp-json\/wp\/v2\/product\/4980","targetHints":{"allow":["GET"]}}],"collection":[{"href":"https:\/\/agenciausphot.com\/uze\/en\/wp-json\/wp\/v2\/product"}],"about":[{"href":"https:\/\/agenciausphot.com\/uze\/en\/wp-json\/wp\/v2\/types\/product"}],"replies":[{"embeddable":true,"href":"https:\/\/agenciausphot.com\/uze\/en\/wp-json\/wp\/v2\/comments?post=4980"}],"version-history":[{"count":1,"href":"https:\/\/agenciausphot.com\/uze\/en\/wp-json\/wp\/v2\/product\/4980\/revisions"}],"predecessor-version":[{"id":5980,"href":"https:\/\/agenciausphot.com\/uze\/en\/wp-json\/wp\/v2\/product\/4980\/revisions\/5980"}],"wp:featuredmedia":[{"embeddable":true,"href":"https:\/\/agenciausphot.com\/uze\/en\/wp-json\/wp\/v2\/media\/4979"}],"wp:attachment":[{"href":"https:\/\/agenciausphot.com\/uze\/en\/wp-json\/wp\/v2\/media?parent=4980"}],"wp:term":[{"taxonomy":"brand","embeddable":true,"href":"https:\/\/agenciausphot.com\/uze\/en\/wp-json\/wp\/v2\/etheme_brands?post=4980"},{"taxonomy":"product_brand","embeddable":true,"href":"https:\/\/agenciausphot.com\/uze\/en\/wp-json\/wp\/v2\/product_brand?post=4980"},{"taxonomy":"product_cat","embeddable":true,"href":"https:\/\/agenciausphot.com\/uze\/en\/wp-json\/wp\/v2\/product_cat?post=4980"},{"taxonomy":"product_tag","embeddable":true,"href":"https:\/\/agenciausphot.com\/uze\/en\/wp-json\/wp\/v2\/product_tag?post=4980"}],"curies":[{"name":"wp","href":"https:\/\/api.w.org\/{rel}","templated":true}]}}