{"id":4978,"date":"2025-10-29T13:05:43","date_gmt":"2025-10-29T13:05:43","guid":{"rendered":"https:\/\/agenciausphot.com\/uze\/produto\/brinco-de-flor-prata\/"},"modified":"2025-11-04T20:36:09","modified_gmt":"2025-11-04T20:36:09","slug":"brinco-de-flor-prata","status":"publish","type":"product","link":"https:\/\/agenciausphot.com\/uze\/en\/product\/brinco-de-flor-prata\/","title":{"rendered":"Brinco de flor prata"},"content":{"rendered":"<p>Brinco em <strong data-start=\"37\" data-end=\"59\">Prata 925 leg\u00edtima<\/strong>, com delicado design de <strong data-start=\"84\" data-end=\"92\">flor<\/strong>, trazendo acabamento liso e polido que garante brilho sofisticado. Uma pe\u00e7a charmosa, feminina e atemporal, ideal para uso di\u00e1rio ou para compor produ\u00e7\u00f5es elegantes em ocasi\u00f5es especiais.<\/p>","protected":false},"excerpt":{"rendered":"<p>Brinco em Prata 925 leg\u00edtima, com delicado design de flor, trazendo acabamento liso e polido que garante brilho sofisticado. Uma pe\u00e7a charmosa, feminina e atemporal,&#8230;<\/p>","protected":false},"featured_media":4977,"comment_status":"open","ping_status":"closed","template":"","meta":[],"etheme_brands":[],"product_brand":[],"product_cat":[117,97],"product_tag":[133],"class_list":{"0":"post-4978","1":"product","2":"type-product","3":"status-publish","4":"has-post-thumbnail","6":"product_cat-categoriabrincosbrinco-feminino","7":"product_cat-categoriabrincos","8":"product_tag-uze-pratas","10":"first","11":"instock","12":"shipping-taxable","13":"purchasable","14":"product-type-simple"},"_links":{"self":[{"href":"https:\/\/agenciausphot.com\/uze\/en\/wp-json\/wp\/v2\/product\/4978","targetHints":{"allow":["GET"]}}],"collection":[{"href":"https:\/\/agenciausphot.com\/uze\/en\/wp-json\/wp\/v2\/product"}],"about":[{"href":"https:\/\/agenciausphot.com\/uze\/en\/wp-json\/wp\/v2\/types\/product"}],"replies":[{"embeddable":true,"href":"https:\/\/agenciausphot.com\/uze\/en\/wp-json\/wp\/v2\/comments?post=4978"}],"version-history":[{"count":1,"href":"https:\/\/agenciausphot.com\/uze\/en\/wp-json\/wp\/v2\/product\/4978\/revisions"}],"predecessor-version":[{"id":5979,"href":"https:\/\/agenciausphot.com\/uze\/en\/wp-json\/wp\/v2\/product\/4978\/revisions\/5979"}],"wp:featuredmedia":[{"embeddable":true,"href":"https:\/\/agenciausphot.com\/uze\/en\/wp-json\/wp\/v2\/media\/4977"}],"wp:attachment":[{"href":"https:\/\/agenciausphot.com\/uze\/en\/wp-json\/wp\/v2\/media?parent=4978"}],"wp:term":[{"taxonomy":"brand","embeddable":true,"href":"https:\/\/agenciausphot.com\/uze\/en\/wp-json\/wp\/v2\/etheme_brands?post=4978"},{"taxonomy":"product_brand","embeddable":true,"href":"https:\/\/agenciausphot.com\/uze\/en\/wp-json\/wp\/v2\/product_brand?post=4978"},{"taxonomy":"product_cat","embeddable":true,"href":"https:\/\/agenciausphot.com\/uze\/en\/wp-json\/wp\/v2\/product_cat?post=4978"},{"taxonomy":"product_tag","embeddable":true,"href":"https:\/\/agenciausphot.com\/uze\/en\/wp-json\/wp\/v2\/product_tag?post=4978"}],"curies":[{"name":"wp","href":"https:\/\/api.w.org\/{rel}","templated":true}]}}