{"id":4974,"date":"2025-10-29T13:05:40","date_gmt":"2025-10-29T13:05:40","guid":{"rendered":"https:\/\/agenciausphot.com\/uze\/produto\/trio-brincos-estrelas\/"},"modified":"2025-11-04T20:36:08","modified_gmt":"2025-11-04T20:36:08","slug":"trio-brincos-estrelas","status":"publish","type":"product","link":"https:\/\/agenciausphot.com\/uze\/en\/product\/trio-brincos-estrelas\/","title":{"rendered":"Trio brincos estrelas"},"content":{"rendered":"<p data-start=\"132\" data-end=\"492\">Trio de brincos em <strong data-start=\"151\" data-end=\"173\">Prata 925 leg\u00edtima<\/strong>, com delicado design de <strong data-start=\"198\" data-end=\"216\">estrelas lisas<\/strong>, trazendo brilho e charme em diferentes tamanhos. O conjunto \u00e9 composto por tr\u00eas pares de brincos, perfeitos para quem tem m\u00faltiplos furos ou gosta de variar os acess\u00f3rios de acordo com o look. Uma joia moderna e vers\u00e1til, que transmite leveza e estilo em qualquer ocasi\u00e3o.<\/p>\n<p data-start=\"494\" data-end=\"614\">As pratas 925 possuem <strong data-start=\"516\" data-end=\"538\">garantia vital\u00edcia<\/strong>, reconhecidas por sua resist\u00eancia, qualidade e excelente custo-benef\u00edcio.<\/p>","protected":false},"excerpt":{"rendered":"<p>Trio de brincos em Prata 925 leg\u00edtima, com delicado design de estrelas lisas, trazendo brilho e charme em diferentes tamanhos. O conjunto \u00e9 composto por&#8230;<\/p>","protected":false},"featured_media":4973,"comment_status":"open","ping_status":"closed","template":"","meta":[],"etheme_brands":[],"product_brand":[],"product_cat":[117,97],"product_tag":[133],"class_list":{"0":"post-4974","1":"product","2":"type-product","3":"status-publish","4":"has-post-thumbnail","6":"product_cat-categoriabrincosbrinco-feminino","7":"product_cat-categoriabrincos","8":"product_tag-uze-pratas","10":"first","11":"instock","12":"shipping-taxable","13":"purchasable","14":"product-type-simple"},"_links":{"self":[{"href":"https:\/\/agenciausphot.com\/uze\/en\/wp-json\/wp\/v2\/product\/4974","targetHints":{"allow":["GET"]}}],"collection":[{"href":"https:\/\/agenciausphot.com\/uze\/en\/wp-json\/wp\/v2\/product"}],"about":[{"href":"https:\/\/agenciausphot.com\/uze\/en\/wp-json\/wp\/v2\/types\/product"}],"replies":[{"embeddable":true,"href":"https:\/\/agenciausphot.com\/uze\/en\/wp-json\/wp\/v2\/comments?post=4974"}],"version-history":[{"count":1,"href":"https:\/\/agenciausphot.com\/uze\/en\/wp-json\/wp\/v2\/product\/4974\/revisions"}],"predecessor-version":[{"id":5977,"href":"https:\/\/agenciausphot.com\/uze\/en\/wp-json\/wp\/v2\/product\/4974\/revisions\/5977"}],"wp:featuredmedia":[{"embeddable":true,"href":"https:\/\/agenciausphot.com\/uze\/en\/wp-json\/wp\/v2\/media\/4973"}],"wp:attachment":[{"href":"https:\/\/agenciausphot.com\/uze\/en\/wp-json\/wp\/v2\/media?parent=4974"}],"wp:term":[{"taxonomy":"brand","embeddable":true,"href":"https:\/\/agenciausphot.com\/uze\/en\/wp-json\/wp\/v2\/etheme_brands?post=4974"},{"taxonomy":"product_brand","embeddable":true,"href":"https:\/\/agenciausphot.com\/uze\/en\/wp-json\/wp\/v2\/product_brand?post=4974"},{"taxonomy":"product_cat","embeddable":true,"href":"https:\/\/agenciausphot.com\/uze\/en\/wp-json\/wp\/v2\/product_cat?post=4974"},{"taxonomy":"product_tag","embeddable":true,"href":"https:\/\/agenciausphot.com\/uze\/en\/wp-json\/wp\/v2\/product_tag?post=4974"}],"curies":[{"name":"wp","href":"https:\/\/api.w.org\/{rel}","templated":true}]}}