{"id":4970,"date":"2025-10-29T13:05:38","date_gmt":"2025-10-29T13:05:38","guid":{"rendered":"https:\/\/agenciausphot.com\/uze\/produto\/brinco-trio-ponto-de-luz-rosa-redondo\/"},"modified":"2026-01-12T15:14:36","modified_gmt":"2026-01-12T15:14:36","slug":"brinco-trio-ponto-de-luz-rosa-redondo","status":"publish","type":"product","link":"https:\/\/agenciausphot.com\/uze\/en\/product\/brinco-trio-ponto-de-luz-rosa-redondo\/","title":{"rendered":"Brinco trio ponto de luz rosa redondo"},"content":{"rendered":"<p data-start=\"150\" data-end=\"515\">Trio de brincos em <strong data-start=\"169\" data-end=\"191\">Prata 925 leg\u00edtima<\/strong>, no estilo cl\u00e1ssico <strong data-start=\"212\" data-end=\"236\">ponto de luz redondo<\/strong>, com <strong data-start=\"242\" data-end=\"267\">zirc\u00f4nias na cor rosa<\/strong> que refletem brilho delicado e sofisticado. O conjunto \u00e9 composto por tr\u00eas tamanhos diferentes, permitindo versatilidade no uso \u2014 ideal para quem tem m\u00faltiplos furos ou deseja variar o look no dia a dia. Uma joia rom\u00e2ntica, charmosa e atemporal.<\/p>\n<p data-start=\"517\" data-end=\"640\">As pratas 925 possuem <strong data-start=\"539\" data-end=\"561\">garantia vital\u00edcia<\/strong>, reconhecidas por sua resist\u00eancia, durabilidade e excelente custo-benef\u00edcio.<\/p>","protected":false},"excerpt":{"rendered":"<p>Trio de brincos em Prata 925 leg\u00edtima, no estilo cl\u00e1ssico ponto de luz redondo, com zirc\u00f4nias na cor rosa que refletem brilho delicado e sofisticado&#8230;.<\/p>","protected":false},"featured_media":4969,"comment_status":"open","ping_status":"closed","template":"","meta":[],"etheme_brands":[],"product_brand":[],"product_cat":[117,97],"product_tag":[133],"class_list":{"0":"post-4970","1":"product","2":"type-product","3":"status-publish","4":"has-post-thumbnail","6":"product_cat-categoriabrincosbrinco-feminino","7":"product_cat-categoriabrincos","8":"product_tag-uze-pratas","10":"first","11":"instock","12":"shipping-taxable","13":"purchasable","14":"product-type-simple"},"_links":{"self":[{"href":"https:\/\/agenciausphot.com\/uze\/en\/wp-json\/wp\/v2\/product\/4970","targetHints":{"allow":["GET"]}}],"collection":[{"href":"https:\/\/agenciausphot.com\/uze\/en\/wp-json\/wp\/v2\/product"}],"about":[{"href":"https:\/\/agenciausphot.com\/uze\/en\/wp-json\/wp\/v2\/types\/product"}],"replies":[{"embeddable":true,"href":"https:\/\/agenciausphot.com\/uze\/en\/wp-json\/wp\/v2\/comments?post=4970"}],"version-history":[{"count":1,"href":"https:\/\/agenciausphot.com\/uze\/en\/wp-json\/wp\/v2\/product\/4970\/revisions"}],"predecessor-version":[{"id":5975,"href":"https:\/\/agenciausphot.com\/uze\/en\/wp-json\/wp\/v2\/product\/4970\/revisions\/5975"}],"wp:featuredmedia":[{"embeddable":true,"href":"https:\/\/agenciausphot.com\/uze\/en\/wp-json\/wp\/v2\/media\/4969"}],"wp:attachment":[{"href":"https:\/\/agenciausphot.com\/uze\/en\/wp-json\/wp\/v2\/media?parent=4970"}],"wp:term":[{"taxonomy":"brand","embeddable":true,"href":"https:\/\/agenciausphot.com\/uze\/en\/wp-json\/wp\/v2\/etheme_brands?post=4970"},{"taxonomy":"product_brand","embeddable":true,"href":"https:\/\/agenciausphot.com\/uze\/en\/wp-json\/wp\/v2\/product_brand?post=4970"},{"taxonomy":"product_cat","embeddable":true,"href":"https:\/\/agenciausphot.com\/uze\/en\/wp-json\/wp\/v2\/product_cat?post=4970"},{"taxonomy":"product_tag","embeddable":true,"href":"https:\/\/agenciausphot.com\/uze\/en\/wp-json\/wp\/v2\/product_tag?post=4970"}],"curies":[{"name":"wp","href":"https:\/\/api.w.org\/{rel}","templated":true}]}}