{"id":4966,"date":"2025-10-29T13:05:35","date_gmt":"2025-10-29T13:05:35","guid":{"rendered":"https:\/\/agenciausphot.com\/uze\/produto\/pingente-medalhao\/"},"modified":"2025-11-04T20:36:05","modified_gmt":"2025-11-04T20:36:05","slug":"pingente-medalhao","status":"publish","type":"product","link":"https:\/\/agenciausphot.com\/uze\/en\/product\/pingente-medalhao\/","title":{"rendered":"Pingente medalh\u00e3o"},"content":{"rendered":"<h3 data-start=\"97\" data-end=\"123\">Detalhes do Produto:<\/h3>\n<p data-start=\"124\" data-end=\"477\">Pingente em <strong data-start=\"136\" data-end=\"158\">Prata 925 leg\u00edtima<\/strong>, no formato cl\u00e1ssico de <strong data-start=\"183\" data-end=\"209\">medalh\u00e3o liso e polido<\/strong>, ideal para personaliza\u00e7\u00e3o com grava\u00e7\u00f5es de nomes, iniciais, datas ou s\u00edmbolos especiais. O design minimalista e elegante permite que a pe\u00e7a seja usada de forma vers\u00e1til, sozinha ou combinada com outras correntes, tornando-se uma joia cheia de significado e estilo.<\/p>\n<p data-start=\"479\" data-end=\"602\">As pratas 925 possuem <strong data-start=\"501\" data-end=\"523\">garantia vital\u00edcia<\/strong>, reconhecidas por sua resist\u00eancia, durabilidade e excelente custo-benef\u00edcio.<\/p>\n<hr data-start=\"604\" data-end=\"607\">\n<h3 data-start=\"609\" data-end=\"641\">Especifica\u00e7\u00f5es do produto:<\/h3>\n<ul data-start=\"642\" data-end=\"888\">\n<li data-start=\"642\" data-end=\"675\">\n<p data-start=\"644\" data-end=\"675\"><strong data-start=\"644\" data-end=\"655\">Modelo:<\/strong> Pingente Medalh\u00e3o<\/p>\n<\/li>\n<li data-start=\"676\" data-end=\"734\">\n<p data-start=\"678\" data-end=\"734\"><strong data-start=\"678\" data-end=\"690\">Formato:<\/strong> Redondo (liso, ideal para personaliza\u00e7\u00e3o)<\/p>\n<\/li>\n<li data-start=\"735\" data-end=\"771\">\n<p data-start=\"737\" data-end=\"771\"><strong data-start=\"737\" data-end=\"750\">Material:<\/strong> Prata 925 leg\u00edtima<\/p>\n<\/li>\n<li data-start=\"772\" data-end=\"813\">\n<p data-start=\"774\" data-end=\"813\"><strong data-start=\"774\" data-end=\"789\">Acabamento:<\/strong> Liso polido brilhante<\/p>\n<\/li>\n<li data-start=\"814\" data-end=\"837\">\n<p data-start=\"816\" data-end=\"837\"><strong data-start=\"816\" data-end=\"827\">G\u00eanero:<\/strong> Unissex<\/p>\n<\/li>\n<li data-start=\"838\" data-end=\"888\">\n<p data-start=\"840\" data-end=\"888\"><strong data-start=\"840\" data-end=\"849\">Peso:<\/strong> Aprox. 3,0g (varia conforme tamanho)<\/p>\n<\/li>\n<\/ul>\n<hr data-start=\"890\" data-end=\"893\">\n<h3 data-start=\"895\" data-end=\"910\">Garantia:<\/h3>\n<p data-start=\"911\" data-end=\"1165\">Todos os pingentes em <strong data-start=\"933\" data-end=\"946\">Prata 925<\/strong> acompanham <strong data-start=\"958\" data-end=\"1002\">Certificado de Garantia de Autenticidade<\/strong>, assegurando a <strong data-start=\"1018\" data-end=\"1036\">dura\u00e7\u00e3o eterna<\/strong> do material. Diferente das bijuterias, pe\u00e7as em Prata 925 preservam brilho e valor por toda a vida, assim como o <strong data-start=\"1150\" data-end=\"1162\">Ouro 18k<\/strong>.<\/p>\n<hr data-start=\"1167\" data-end=\"1172\">\n<p data-start=\"1174\" data-end=\"1321\" data-is-last-node=\"\" data-is-only-node=\"\">","protected":false},"excerpt":{"rendered":"<p>Detalhes do Produto: Pingente em Prata 925 leg\u00edtima, no formato cl\u00e1ssico de medalh\u00e3o liso e polido, ideal para personaliza\u00e7\u00e3o com grava\u00e7\u00f5es de nomes, iniciais, datas&#8230;<\/p>","protected":false},"featured_media":4965,"comment_status":"open","ping_status":"closed","template":"","meta":[],"etheme_brands":[],"product_brand":[],"product_cat":[120,118],"product_tag":[133],"class_list":{"0":"post-4966","1":"product","2":"type-product","3":"status-publish","4":"has-post-thumbnail","6":"product_cat-categoriapingentespingente-masculino","7":"product_cat-categoriapingentes","8":"product_tag-uze-pratas","10":"first","11":"instock","12":"shipping-taxable","13":"purchasable","14":"product-type-simple"},"_links":{"self":[{"href":"https:\/\/agenciausphot.com\/uze\/en\/wp-json\/wp\/v2\/product\/4966","targetHints":{"allow":["GET"]}}],"collection":[{"href":"https:\/\/agenciausphot.com\/uze\/en\/wp-json\/wp\/v2\/product"}],"about":[{"href":"https:\/\/agenciausphot.com\/uze\/en\/wp-json\/wp\/v2\/types\/product"}],"replies":[{"embeddable":true,"href":"https:\/\/agenciausphot.com\/uze\/en\/wp-json\/wp\/v2\/comments?post=4966"}],"version-history":[{"count":1,"href":"https:\/\/agenciausphot.com\/uze\/en\/wp-json\/wp\/v2\/product\/4966\/revisions"}],"predecessor-version":[{"id":5973,"href":"https:\/\/agenciausphot.com\/uze\/en\/wp-json\/wp\/v2\/product\/4966\/revisions\/5973"}],"wp:featuredmedia":[{"embeddable":true,"href":"https:\/\/agenciausphot.com\/uze\/en\/wp-json\/wp\/v2\/media\/4965"}],"wp:attachment":[{"href":"https:\/\/agenciausphot.com\/uze\/en\/wp-json\/wp\/v2\/media?parent=4966"}],"wp:term":[{"taxonomy":"brand","embeddable":true,"href":"https:\/\/agenciausphot.com\/uze\/en\/wp-json\/wp\/v2\/etheme_brands?post=4966"},{"taxonomy":"product_brand","embeddable":true,"href":"https:\/\/agenciausphot.com\/uze\/en\/wp-json\/wp\/v2\/product_brand?post=4966"},{"taxonomy":"product_cat","embeddable":true,"href":"https:\/\/agenciausphot.com\/uze\/en\/wp-json\/wp\/v2\/product_cat?post=4966"},{"taxonomy":"product_tag","embeddable":true,"href":"https:\/\/agenciausphot.com\/uze\/en\/wp-json\/wp\/v2\/product_tag?post=4966"}],"curies":[{"name":"wp","href":"https:\/\/api.w.org\/{rel}","templated":true}]}}