{"id":4964,"date":"2025-10-29T13:05:33","date_gmt":"2025-10-29T13:05:33","guid":{"rendered":"https:\/\/agenciausphot.com\/uze\/produto\/pulseira-de-prata-grumet-4-mm\/"},"modified":"2025-11-04T20:41:21","modified_gmt":"2025-11-04T20:41:21","slug":"pulseira-de-prata-grumet-4-mm","status":"publish","type":"product","link":"https:\/\/agenciausphot.com\/uze\/en\/product\/pulseira-de-prata-grumet-4-mm\/","title":{"rendered":"Pulseira de prata grumet 4 mm"},"content":{"rendered":"<h3 data-start=\"101\" data-end=\"127\">Detalhes do Produto:<\/h3>\n<p data-start=\"128\" data-end=\"527\">Pulseira em <strong data-start=\"140\" data-end=\"162\">Prata 925 leg\u00edtima<\/strong>, modelo cl\u00e1ssico <strong data-start=\"180\" data-end=\"190\">grumet<\/strong>, com elos achatados e entrela\u00e7ados que garantem resist\u00eancia e um brilho sofisticado. Com <strong data-start=\"280\" data-end=\"300\">4mm de espessura<\/strong>, \u00e9 uma pe\u00e7a robusta, elegante e vers\u00e1til, perfeita para homens e mulheres que apreciam acess\u00f3rios atemporais. Pode ser usada sozinha para destacar o visual ou combinada com outras pulseiras para um estilo moderno e marcante.<\/p>\n<p data-start=\"529\" data-end=\"650\">As pratas 925 possuem <strong data-start=\"551\" data-end=\"573\">garantia vital\u00edcia<\/strong>, reconhecidas por sua durabilidade, qualidade e excelente custo-benef\u00edcio.<\/p>\n<hr data-start=\"652\" data-end=\"655\">\n<h3 data-start=\"657\" data-end=\"689\">Especifica\u00e7\u00f5es do produto:<\/h3>\n<ul data-start=\"690\" data-end=\"949\">\n<li data-start=\"690\" data-end=\"721\">\n<p data-start=\"692\" data-end=\"721\"><strong data-start=\"692\" data-end=\"703\">Modelo:<\/strong> Pulseira Grumet<\/p>\n<\/li>\n<li data-start=\"722\" data-end=\"744\">\n<p data-start=\"724\" data-end=\"744\"><strong data-start=\"724\" data-end=\"738\">Espessura:<\/strong> 4mm<\/p>\n<\/li>\n<li data-start=\"745\" data-end=\"797\">\n<p data-start=\"747\" data-end=\"797\"><strong data-start=\"747\" data-end=\"763\">Comprimento:<\/strong> 21cm (varia\u00e7\u00e3o conforme modelo)<\/p>\n<\/li>\n<li data-start=\"798\" data-end=\"834\">\n<p data-start=\"800\" data-end=\"834\"><strong data-start=\"800\" data-end=\"813\">Material:<\/strong> Prata 925 leg\u00edtima<\/p>\n<\/li>\n<li data-start=\"835\" data-end=\"871\">\n<p data-start=\"837\" data-end=\"871\"><strong data-start=\"837\" data-end=\"852\">Acabamento:<\/strong> Polido brilhante<\/p>\n<\/li>\n<li data-start=\"872\" data-end=\"895\">\n<p data-start=\"874\" data-end=\"895\"><strong data-start=\"874\" data-end=\"885\">G\u00eanero:<\/strong> Unissex<\/p>\n<\/li>\n<li data-start=\"896\" data-end=\"949\">\n<p data-start=\"898\" data-end=\"949\"><strong data-start=\"898\" data-end=\"907\">Peso:<\/strong> Aprox. 7,0g (dependendo do comprimento)<\/p>\n<\/li>\n<\/ul>\n<hr data-start=\"951\" data-end=\"954\">\n<h3 data-start=\"956\" data-end=\"971\">Garantia:<\/h3>\n<p data-start=\"972\" data-end=\"1226\">Todas as pulseiras em <strong data-start=\"994\" data-end=\"1007\">Prata 925<\/strong> acompanham <strong data-start=\"1019\" data-end=\"1063\">Certificado de Garantia de Autenticidade<\/strong>, assegurando a <strong data-start=\"1079\" data-end=\"1097\">dura\u00e7\u00e3o eterna<\/strong> do material. Diferente das bijuterias, pe\u00e7as em Prata 925 preservam brilho e valor por toda a vida, assim como o <strong data-start=\"1211\" data-end=\"1223\">Ouro 18k<\/strong>.<\/p>","protected":false},"excerpt":{"rendered":"<p>Detalhes do Produto: Pulseira em Prata 925 leg\u00edtima, modelo cl\u00e1ssico grumet, com elos achatados e entrela\u00e7ados que garantem resist\u00eancia e um brilho sofisticado. Com 4mm&#8230;<\/p>","protected":false},"featured_media":4963,"comment_status":"open","ping_status":"closed","template":"","meta":[],"etheme_brands":[],"product_brand":[],"product_cat":[90,99],"product_tag":[133],"class_list":{"0":"post-4964","1":"product","2":"type-product","3":"status-publish","4":"has-post-thumbnail","6":"product_cat-categoriapulseiras","7":"product_cat-categoriapulseiraspulseira-masculina","8":"product_tag-uze-pratas","10":"first","11":"outofstock","12":"shipping-taxable","13":"product-type-variable"},"_links":{"self":[{"href":"https:\/\/agenciausphot.com\/uze\/en\/wp-json\/wp\/v2\/product\/4964","targetHints":{"allow":["GET"]}}],"collection":[{"href":"https:\/\/agenciausphot.com\/uze\/en\/wp-json\/wp\/v2\/product"}],"about":[{"href":"https:\/\/agenciausphot.com\/uze\/en\/wp-json\/wp\/v2\/types\/product"}],"replies":[{"embeddable":true,"href":"https:\/\/agenciausphot.com\/uze\/en\/wp-json\/wp\/v2\/comments?post=4964"}],"version-history":[{"count":1,"href":"https:\/\/agenciausphot.com\/uze\/en\/wp-json\/wp\/v2\/product\/4964\/revisions"}],"predecessor-version":[{"id":5972,"href":"https:\/\/agenciausphot.com\/uze\/en\/wp-json\/wp\/v2\/product\/4964\/revisions\/5972"}],"wp:featuredmedia":[{"embeddable":true,"href":"https:\/\/agenciausphot.com\/uze\/en\/wp-json\/wp\/v2\/media\/4963"}],"wp:attachment":[{"href":"https:\/\/agenciausphot.com\/uze\/en\/wp-json\/wp\/v2\/media?parent=4964"}],"wp:term":[{"taxonomy":"brand","embeddable":true,"href":"https:\/\/agenciausphot.com\/uze\/en\/wp-json\/wp\/v2\/etheme_brands?post=4964"},{"taxonomy":"product_brand","embeddable":true,"href":"https:\/\/agenciausphot.com\/uze\/en\/wp-json\/wp\/v2\/product_brand?post=4964"},{"taxonomy":"product_cat","embeddable":true,"href":"https:\/\/agenciausphot.com\/uze\/en\/wp-json\/wp\/v2\/product_cat?post=4964"},{"taxonomy":"product_tag","embeddable":true,"href":"https:\/\/agenciausphot.com\/uze\/en\/wp-json\/wp\/v2\/product_tag?post=4964"}],"curies":[{"name":"wp","href":"https:\/\/api.w.org\/{rel}","templated":true}]}}