{"id":4956,"date":"2025-10-29T13:05:27","date_gmt":"2025-10-29T13:05:27","guid":{"rendered":"https:\/\/agenciausphot.com\/uze\/produto\/corrente-escamada\/"},"modified":"2026-01-12T15:14:58","modified_gmt":"2026-01-12T15:14:58","slug":"corrente-escamada","status":"publish","type":"product","link":"https:\/\/agenciausphot.com\/uze\/en\/product\/corrente-escamada\/","title":{"rendered":"Corrente escamada"},"content":{"rendered":"<h3 data-start=\"108\" data-end=\"134\">Detalhes do Produto:<\/h3>\n<p data-start=\"135\" data-end=\"527\">Corrente em <strong data-start=\"147\" data-end=\"169\">Prata 925 leg\u00edtima<\/strong>, modelo <strong data-start=\"178\" data-end=\"190\">escamado<\/strong>, com 60cm de comprimento e 2mm de espessura. Seu design \u00e9 composto por elos trabalhados em formato de escamas, que refletem a luz de maneira \u00fanica, proporcionando brilho elegante e diferenciado. Uma pe\u00e7a vers\u00e1til, ideal para uso di\u00e1rio, podendo ser usada sozinha ou com pingentes, atendendo tanto ao p\u00fablico masculino quanto feminino.<\/p>\n<p data-start=\"529\" data-end=\"649\">As pratas 925 possuem <strong data-start=\"551\" data-end=\"573\">garantia vital\u00edcia<\/strong>, reconhecidas por sua resist\u00eancia, qualidade e excelente custo-benef\u00edcio.<\/p>\n<hr data-start=\"651\" data-end=\"654\">\n<h3 data-start=\"656\" data-end=\"688\">Especifica\u00e7\u00f5es do produto:<\/h3>\n<ul data-start=\"689\" data-end=\"904\">\n<li data-start=\"689\" data-end=\"722\">\n<p data-start=\"691\" data-end=\"722\"><strong data-start=\"691\" data-end=\"702\">Modelo:<\/strong> Corrente Escamada<\/p>\n<\/li>\n<li data-start=\"723\" data-end=\"748\">\n<p data-start=\"725\" data-end=\"748\"><strong data-start=\"725\" data-end=\"741\">Comprimento:<\/strong> 60cm<\/p>\n<\/li>\n<li data-start=\"749\" data-end=\"771\">\n<p data-start=\"751\" data-end=\"771\"><strong data-start=\"751\" data-end=\"765\">Espessura:<\/strong> 2mm<\/p>\n<\/li>\n<li data-start=\"772\" data-end=\"808\">\n<p data-start=\"774\" data-end=\"808\"><strong data-start=\"774\" data-end=\"787\">Material:<\/strong> Prata 925 leg\u00edtima<\/p>\n<\/li>\n<li data-start=\"809\" data-end=\"854\">\n<p data-start=\"811\" data-end=\"854\"><strong data-start=\"811\" data-end=\"826\">Acabamento:<\/strong> Escamado polido brilhante<\/p>\n<\/li>\n<li data-start=\"855\" data-end=\"878\">\n<p data-start=\"857\" data-end=\"878\"><strong data-start=\"857\" data-end=\"868\">G\u00eanero:<\/strong> Unissex<\/p>\n<\/li>\n<li data-start=\"879\" data-end=\"904\">\n<p data-start=\"881\" data-end=\"904\"><strong data-start=\"881\" data-end=\"890\">Peso:<\/strong> Aprox. 5,0g<\/p>\n<\/li>\n<\/ul>\n<hr data-start=\"906\" data-end=\"909\">\n<h3 data-start=\"911\" data-end=\"926\">Garantia:<\/h3>\n<p data-start=\"927\" data-end=\"1181\">Todas as correntes em <strong data-start=\"949\" data-end=\"962\">Prata 925<\/strong> acompanham <strong data-start=\"974\" data-end=\"1018\">Certificado de Garantia de Autenticidade<\/strong>, assegurando a <strong data-start=\"1034\" data-end=\"1052\">dura\u00e7\u00e3o eterna<\/strong> do material. Diferente das bijuterias, pe\u00e7as em Prata 925 preservam brilho e valor por toda a vida, assim como o <strong data-start=\"1166\" data-end=\"1178\">Ouro 18k<\/strong>.<\/p>","protected":false},"excerpt":{"rendered":"<p>Detalhes do Produto: Corrente em Prata 925 leg\u00edtima, modelo escamado, com 60cm de comprimento e 2mm de espessura. Seu design \u00e9 composto por elos trabalhados&#8230;<\/p>","protected":false},"featured_media":4953,"comment_status":"open","ping_status":"closed","template":"","meta":[],"etheme_brands":[],"product_brand":[],"product_cat":[107,93],"product_tag":[133],"class_list":{"0":"post-4956","1":"product","2":"type-product","3":"status-publish","4":"has-post-thumbnail","6":"product_cat-categoriacolarescolar-masculino","7":"product_cat-categoriacolares","8":"product_tag-uze-pratas","10":"first","11":"outofstock","12":"shipping-taxable","13":"product-type-variable"},"_links":{"self":[{"href":"https:\/\/agenciausphot.com\/uze\/en\/wp-json\/wp\/v2\/product\/4956","targetHints":{"allow":["GET"]}}],"collection":[{"href":"https:\/\/agenciausphot.com\/uze\/en\/wp-json\/wp\/v2\/product"}],"about":[{"href":"https:\/\/agenciausphot.com\/uze\/en\/wp-json\/wp\/v2\/types\/product"}],"replies":[{"embeddable":true,"href":"https:\/\/agenciausphot.com\/uze\/en\/wp-json\/wp\/v2\/comments?post=4956"}],"version-history":[{"count":1,"href":"https:\/\/agenciausphot.com\/uze\/en\/wp-json\/wp\/v2\/product\/4956\/revisions"}],"predecessor-version":[{"id":5968,"href":"https:\/\/agenciausphot.com\/uze\/en\/wp-json\/wp\/v2\/product\/4956\/revisions\/5968"}],"wp:featuredmedia":[{"embeddable":true,"href":"https:\/\/agenciausphot.com\/uze\/en\/wp-json\/wp\/v2\/media\/4953"}],"wp:attachment":[{"href":"https:\/\/agenciausphot.com\/uze\/en\/wp-json\/wp\/v2\/media?parent=4956"}],"wp:term":[{"taxonomy":"brand","embeddable":true,"href":"https:\/\/agenciausphot.com\/uze\/en\/wp-json\/wp\/v2\/etheme_brands?post=4956"},{"taxonomy":"product_brand","embeddable":true,"href":"https:\/\/agenciausphot.com\/uze\/en\/wp-json\/wp\/v2\/product_brand?post=4956"},{"taxonomy":"product_cat","embeddable":true,"href":"https:\/\/agenciausphot.com\/uze\/en\/wp-json\/wp\/v2\/product_cat?post=4956"},{"taxonomy":"product_tag","embeddable":true,"href":"https:\/\/agenciausphot.com\/uze\/en\/wp-json\/wp\/v2\/product_tag?post=4956"}],"curies":[{"name":"wp","href":"https:\/\/api.w.org\/{rel}","templated":true}]}}