{"id":4952,"date":"2025-10-29T13:05:23","date_gmt":"2025-10-29T13:05:23","guid":{"rendered":"https:\/\/agenciausphot.com\/uze\/produto\/anel-cravejado-oval\/"},"modified":"2025-12-22T16:27:20","modified_gmt":"2025-12-22T16:27:20","slug":"anel-cravejado-oval","status":"publish","type":"product","link":"https:\/\/agenciausphot.com\/uze\/en\/product\/anel-cravejado-oval\/","title":{"rendered":"Anel cravejado OVAL"},"content":{"rendered":"<h3 data-start=\"96\" data-end=\"122\">Detalhes do Produto:<\/h3>\n<p data-start=\"123\" data-end=\"461\">Anel em <strong data-start=\"131\" data-end=\"153\">Prata 925 leg\u00edtima<\/strong>, com aro delicado totalmente <strong data-start=\"183\" data-end=\"218\">cravejado com zirc\u00f4nias cristal<\/strong>, que refletem brilho intenso e sofisticado. O design elegante e atemporal torna a pe\u00e7a vers\u00e1til, ideal tanto para o dia a dia quanto para ocasi\u00f5es especiais, podendo ser usado sozinho ou combinado com outros an\u00e9is para composi\u00e7\u00f5es modernas.<\/p>\n<p data-start=\"463\" data-end=\"583\">As pratas 925 possuem <strong data-start=\"485\" data-end=\"507\">garantia vital\u00edcia<\/strong>, reconhecidas por sua resist\u00eancia, qualidade e excelente custo-benef\u00edcio.<\/p>\n<hr data-start=\"585\" data-end=\"588\">\n<h3 data-start=\"590\" data-end=\"622\">Especifica\u00e7\u00f5es do produto:<\/h3>\n<ul data-start=\"623\" data-end=\"891\">\n<li data-start=\"623\" data-end=\"653\">\n<p data-start=\"625\" data-end=\"653\"><strong data-start=\"625\" data-end=\"636\">Modelo:<\/strong> Anel Cravejado<\/p>\n<\/li>\n<li data-start=\"654\" data-end=\"697\">\n<p data-start=\"656\" data-end=\"697\"><strong data-start=\"656\" data-end=\"664\">Aro:<\/strong> Completo com zirc\u00f4nias cristal<\/p>\n<\/li>\n<li data-start=\"698\" data-end=\"754\">\n<p data-start=\"700\" data-end=\"754\"><strong data-start=\"700\" data-end=\"711\">Pedras:<\/strong> Micro zirc\u00f4nias em cravejamento cont\u00ednuo<\/p>\n<\/li>\n<li data-start=\"755\" data-end=\"791\">\n<p data-start=\"757\" data-end=\"791\"><strong data-start=\"757\" data-end=\"770\">Material:<\/strong> Prata 925 leg\u00edtima<\/p>\n<\/li>\n<li data-start=\"792\" data-end=\"840\">\n<p data-start=\"794\" data-end=\"840\"><strong data-start=\"794\" data-end=\"809\">Acabamento:<\/strong> Polido brilhante + cravejado<\/p>\n<\/li>\n<li data-start=\"841\" data-end=\"865\">\n<p data-start=\"843\" data-end=\"865\"><strong data-start=\"843\" data-end=\"854\">G\u00eanero:<\/strong> Feminino<\/p>\n<\/li>\n<li data-start=\"866\" data-end=\"891\">\n<p data-start=\"868\" data-end=\"891\"><strong data-start=\"868\" data-end=\"877\">Peso:<\/strong> Aprox. 2,0g<\/p>\n<\/li>\n<\/ul>\n<hr data-start=\"893\" data-end=\"896\">\n<h3 data-start=\"898\" data-end=\"913\">Garantia:<\/h3>\n<p data-start=\"914\" data-end=\"1164\">Todos os an\u00e9is em <strong data-start=\"932\" data-end=\"945\">Prata 925<\/strong> acompanham <strong data-start=\"957\" data-end=\"1001\">Certificado de Garantia de Autenticidade<\/strong>, assegurando a <strong data-start=\"1017\" data-end=\"1035\">dura\u00e7\u00e3o eterna<\/strong> do material. Diferente das bijuterias, pe\u00e7as em Prata 925 preservam brilho e valor por toda a vida, assim como o <strong data-start=\"1149\" data-end=\"1161\">Ouro 18k<\/strong>.<\/p>","protected":false},"excerpt":{"rendered":"<p>Detalhes do Produto: Anel em Prata 925 leg\u00edtima, com aro delicado totalmente cravejado com zirc\u00f4nias cristal, que refletem brilho intenso e sofisticado. O design elegante&#8230;<\/p>","protected":false},"featured_media":4951,"comment_status":"open","ping_status":"closed","template":"","meta":[],"etheme_brands":[],"product_brand":[],"product_cat":[103,92],"product_tag":[133],"class_list":{"0":"post-4952","1":"product","2":"type-product","3":"status-publish","4":"has-post-thumbnail","6":"product_cat-categoriaanisanel-feminino","7":"product_cat-categoriaanis","8":"product_tag-uze-pratas","10":"first","11":"instock","12":"shipping-taxable","13":"purchasable","14":"product-type-variable"},"_links":{"self":[{"href":"https:\/\/agenciausphot.com\/uze\/en\/wp-json\/wp\/v2\/product\/4952","targetHints":{"allow":["GET"]}}],"collection":[{"href":"https:\/\/agenciausphot.com\/uze\/en\/wp-json\/wp\/v2\/product"}],"about":[{"href":"https:\/\/agenciausphot.com\/uze\/en\/wp-json\/wp\/v2\/types\/product"}],"replies":[{"embeddable":true,"href":"https:\/\/agenciausphot.com\/uze\/en\/wp-json\/wp\/v2\/comments?post=4952"}],"version-history":[{"count":1,"href":"https:\/\/agenciausphot.com\/uze\/en\/wp-json\/wp\/v2\/product\/4952\/revisions"}],"predecessor-version":[{"id":5967,"href":"https:\/\/agenciausphot.com\/uze\/en\/wp-json\/wp\/v2\/product\/4952\/revisions\/5967"}],"wp:featuredmedia":[{"embeddable":true,"href":"https:\/\/agenciausphot.com\/uze\/en\/wp-json\/wp\/v2\/media\/4951"}],"wp:attachment":[{"href":"https:\/\/agenciausphot.com\/uze\/en\/wp-json\/wp\/v2\/media?parent=4952"}],"wp:term":[{"taxonomy":"brand","embeddable":true,"href":"https:\/\/agenciausphot.com\/uze\/en\/wp-json\/wp\/v2\/etheme_brands?post=4952"},{"taxonomy":"product_brand","embeddable":true,"href":"https:\/\/agenciausphot.com\/uze\/en\/wp-json\/wp\/v2\/product_brand?post=4952"},{"taxonomy":"product_cat","embeddable":true,"href":"https:\/\/agenciausphot.com\/uze\/en\/wp-json\/wp\/v2\/product_cat?post=4952"},{"taxonomy":"product_tag","embeddable":true,"href":"https:\/\/agenciausphot.com\/uze\/en\/wp-json\/wp\/v2\/product_tag?post=4952"}],"curies":[{"name":"wp","href":"https:\/\/api.w.org\/{rel}","templated":true}]}}