{"id":4950,"date":"2025-10-29T13:05:22","date_gmt":"2025-10-29T13:05:22","guid":{"rendered":"https:\/\/agenciausphot.com\/uze\/produto\/anel-zig-zag\/"},"modified":"2025-12-22T16:27:20","modified_gmt":"2025-12-22T16:27:20","slug":"anel-zig-zag","status":"publish","type":"product","link":"https:\/\/agenciausphot.com\/uze\/en\/product\/anel-zig-zag\/","title":{"rendered":"Anel zig zag"},"content":{"rendered":"<h3 data-start=\"92\" data-end=\"118\">Detalhes do Produto:<\/h3>\n<p data-start=\"119\" data-end=\"497\">Anel em <strong data-start=\"127\" data-end=\"149\">Prata 925 leg\u00edtima<\/strong>, com design moderno em <strong data-start=\"173\" data-end=\"195\">formato de zig zag<\/strong>, que traz movimento e originalidade \u00e0 pe\u00e7a. Seu acabamento polido garante brilho elegante, tornando-o uma joia vers\u00e1til, ideal para compor produ\u00e7\u00f5es estilosas no dia a dia ou dar um toque contempor\u00e2neo em ocasi\u00f5es especiais. Uma escolha perfeita para quem gosta de acess\u00f3rios diferentes e marcantes.<\/p>\n<p data-start=\"499\" data-end=\"619\">As pratas 925 possuem <strong data-start=\"521\" data-end=\"543\">garantia vital\u00edcia<\/strong>, reconhecidas por sua resist\u00eancia, qualidade e excelente custo-benef\u00edcio.<\/p>\n<hr data-start=\"621\" data-end=\"624\">\n<h3 data-start=\"626\" data-end=\"658\">Especifica\u00e7\u00f5es do produto:<\/h3>\n<ul data-start=\"659\" data-end=\"864\">\n<li data-start=\"659\" data-end=\"687\">\n<p data-start=\"661\" data-end=\"687\"><strong data-start=\"661\" data-end=\"672\">Modelo:<\/strong> Anel Zig Zag<\/p>\n<\/li>\n<li data-start=\"688\" data-end=\"734\">\n<p data-start=\"690\" data-end=\"734\"><strong data-start=\"690\" data-end=\"702\">Formato:<\/strong> Aro com ondula\u00e7\u00f5es em zig zag<\/p>\n<\/li>\n<li data-start=\"735\" data-end=\"771\">\n<p data-start=\"737\" data-end=\"771\"><strong data-start=\"737\" data-end=\"750\">Material:<\/strong> Prata 925 leg\u00edtima<\/p>\n<\/li>\n<li data-start=\"772\" data-end=\"813\">\n<p data-start=\"774\" data-end=\"813\"><strong data-start=\"774\" data-end=\"789\">Acabamento:<\/strong> Liso polido brilhante<\/p>\n<\/li>\n<li data-start=\"814\" data-end=\"838\">\n<p data-start=\"816\" data-end=\"838\"><strong data-start=\"816\" data-end=\"827\">G\u00eanero:<\/strong> Feminino<\/p>\n<\/li>\n<li data-start=\"839\" data-end=\"864\">\n<p data-start=\"841\" data-end=\"864\"><strong data-start=\"841\" data-end=\"850\">Peso:<\/strong> Aprox. 2,5g<\/p>\n<\/li>\n<\/ul>\n<hr data-start=\"866\" data-end=\"869\">\n<h3 data-start=\"871\" data-end=\"886\">Garantia:<\/h3>\n<p data-start=\"887\" data-end=\"1137\">Todos os an\u00e9is em <strong data-start=\"905\" data-end=\"918\">Prata 925<\/strong> acompanham <strong data-start=\"930\" data-end=\"974\">Certificado de Garantia de Autenticidade<\/strong>, assegurando a <strong data-start=\"990\" data-end=\"1008\">dura\u00e7\u00e3o eterna<\/strong> do material. Diferente das bijuterias, pe\u00e7as em Prata 925 preservam brilho e valor por toda a vida, assim como o <strong data-start=\"1122\" data-end=\"1134\">Ouro 18k<\/strong>.<\/p>","protected":false},"excerpt":{"rendered":"<p>Detalhes do Produto: Anel em Prata 925 leg\u00edtima, com design moderno em formato de zig zag, que traz movimento e originalidade \u00e0 pe\u00e7a. Seu acabamento&#8230;<\/p>","protected":false},"featured_media":4949,"comment_status":"open","ping_status":"closed","template":"","meta":[],"etheme_brands":[],"product_brand":[],"product_cat":[103,92],"product_tag":[133],"class_list":{"0":"post-4950","1":"product","2":"type-product","3":"status-publish","4":"has-post-thumbnail","6":"product_cat-categoriaanisanel-feminino","7":"product_cat-categoriaanis","8":"product_tag-uze-pratas","10":"first","11":"instock","12":"shipping-taxable","13":"purchasable","14":"product-type-variable"},"_links":{"self":[{"href":"https:\/\/agenciausphot.com\/uze\/en\/wp-json\/wp\/v2\/product\/4950","targetHints":{"allow":["GET"]}}],"collection":[{"href":"https:\/\/agenciausphot.com\/uze\/en\/wp-json\/wp\/v2\/product"}],"about":[{"href":"https:\/\/agenciausphot.com\/uze\/en\/wp-json\/wp\/v2\/types\/product"}],"replies":[{"embeddable":true,"href":"https:\/\/agenciausphot.com\/uze\/en\/wp-json\/wp\/v2\/comments?post=4950"}],"version-history":[{"count":1,"href":"https:\/\/agenciausphot.com\/uze\/en\/wp-json\/wp\/v2\/product\/4950\/revisions"}],"predecessor-version":[{"id":5966,"href":"https:\/\/agenciausphot.com\/uze\/en\/wp-json\/wp\/v2\/product\/4950\/revisions\/5966"}],"wp:featuredmedia":[{"embeddable":true,"href":"https:\/\/agenciausphot.com\/uze\/en\/wp-json\/wp\/v2\/media\/4949"}],"wp:attachment":[{"href":"https:\/\/agenciausphot.com\/uze\/en\/wp-json\/wp\/v2\/media?parent=4950"}],"wp:term":[{"taxonomy":"brand","embeddable":true,"href":"https:\/\/agenciausphot.com\/uze\/en\/wp-json\/wp\/v2\/etheme_brands?post=4950"},{"taxonomy":"product_brand","embeddable":true,"href":"https:\/\/agenciausphot.com\/uze\/en\/wp-json\/wp\/v2\/product_brand?post=4950"},{"taxonomy":"product_cat","embeddable":true,"href":"https:\/\/agenciausphot.com\/uze\/en\/wp-json\/wp\/v2\/product_cat?post=4950"},{"taxonomy":"product_tag","embeddable":true,"href":"https:\/\/agenciausphot.com\/uze\/en\/wp-json\/wp\/v2\/product_tag?post=4950"}],"curies":[{"name":"wp","href":"https:\/\/api.w.org\/{rel}","templated":true}]}}