{"id":4948,"date":"2025-10-29T13:05:21","date_gmt":"2025-10-29T13:05:21","guid":{"rendered":"https:\/\/agenciausphot.com\/uze\/produto\/anel-chuveirinho\/"},"modified":"2025-12-23T05:33:52","modified_gmt":"2025-12-23T05:33:52","slug":"anel-chuveirinho","status":"publish","type":"product","link":"https:\/\/agenciausphot.com\/uze\/en\/product\/anel-chuveirinho\/","title":{"rendered":"Anel chuveirinho"},"content":{"rendered":"<h3 data-start=\"98\" data-end=\"124\">Detalhes do Produto:<\/h3>\n<p data-start=\"125\" data-end=\"493\">Anel em <strong data-start=\"133\" data-end=\"155\">Prata 925 leg\u00edtima<\/strong>, com design cl\u00e1ssico <strong data-start=\"177\" data-end=\"192\">chuveirinho<\/strong>, formado por um conjunto de <strong data-start=\"221\" data-end=\"276\">zirc\u00f4nias cristal cravejadas em disposi\u00e7\u00e3o circular<\/strong>, criando um efeito de brilho intenso e uniforme. Sofisticado e elegante, \u00e9 uma pe\u00e7a atemporal que combina perfeitamente com ocasi\u00f5es especiais, mas tamb\u00e9m pode ser usada no dia a dia para trazer requinte ao visual.<\/p>\n<p data-start=\"495\" data-end=\"618\">As pratas 925 possuem <strong data-start=\"517\" data-end=\"539\">garantia vital\u00edcia<\/strong>, reconhecidas por sua resist\u00eancia, durabilidade e excelente custo-benef\u00edcio.<\/p>\n<hr data-start=\"620\" data-end=\"623\">\n<h3 data-start=\"625\" data-end=\"657\">Especifica\u00e7\u00f5es do produto:<\/h3>\n<ul data-start=\"658\" data-end=\"886\">\n<li data-start=\"658\" data-end=\"690\">\n<p data-start=\"660\" data-end=\"690\"><strong data-start=\"660\" data-end=\"671\">Modelo:<\/strong> Anel Chuveirinho<\/p>\n<\/li>\n<li data-start=\"691\" data-end=\"749\">\n<p data-start=\"693\" data-end=\"749\"><strong data-start=\"693\" data-end=\"704\">Pedras:<\/strong> Zirc\u00f4nias cristal em cravejamento circular<\/p>\n<\/li>\n<li data-start=\"750\" data-end=\"786\">\n<p data-start=\"752\" data-end=\"786\"><strong data-start=\"752\" data-end=\"765\">Material:<\/strong> Prata 925 leg\u00edtima<\/p>\n<\/li>\n<li data-start=\"787\" data-end=\"835\">\n<p data-start=\"789\" data-end=\"835\"><strong data-start=\"789\" data-end=\"804\">Acabamento:<\/strong> Polido brilhante + cravejado<\/p>\n<\/li>\n<li data-start=\"836\" data-end=\"860\">\n<p data-start=\"838\" data-end=\"860\"><strong data-start=\"838\" data-end=\"849\">G\u00eanero:<\/strong> Feminino<\/p>\n<\/li>\n<li data-start=\"861\" data-end=\"886\">\n<p data-start=\"863\" data-end=\"886\"><strong data-start=\"863\" data-end=\"872\">Peso:<\/strong> Aprox. 2,8g<\/p>\n<\/li>\n<\/ul>\n<hr data-start=\"888\" data-end=\"891\">\n<h3 data-start=\"893\" data-end=\"908\">Garantia:<\/h3>\n<p data-start=\"909\" data-end=\"1159\">Todos os an\u00e9is em <strong data-start=\"927\" data-end=\"940\">Prata 925<\/strong> acompanham <strong data-start=\"952\" data-end=\"996\">Certificado de Garantia de Autenticidade<\/strong>, assegurando a <strong data-start=\"1012\" data-end=\"1030\">dura\u00e7\u00e3o eterna<\/strong> do material. Diferente das bijuterias, pe\u00e7as em Prata 925 preservam brilho e valor por toda a vida, assim como o <strong data-start=\"1144\" data-end=\"1156\">Ouro 18k<\/strong>.<\/p>\n<hr data-start=\"1161\" data-end=\"1166\">\n<p data-start=\"1168\" data-end=\"1329\" data-is-last-node=\"\" data-is-only-node=\"\">","protected":false},"excerpt":{"rendered":"<p>Detalhes do Produto: Anel em Prata 925 leg\u00edtima, com design cl\u00e1ssico chuveirinho, formado por um conjunto de zirc\u00f4nias cristal cravejadas em disposi\u00e7\u00e3o circular, criando um&#8230;<\/p>","protected":false},"featured_media":4947,"comment_status":"open","ping_status":"closed","template":"","meta":[],"etheme_brands":[],"product_brand":[],"product_cat":[103,92],"product_tag":[133],"class_list":{"0":"post-4948","1":"product","2":"type-product","3":"status-publish","4":"has-post-thumbnail","6":"product_cat-categoriaanisanel-feminino","7":"product_cat-categoriaanis","8":"product_tag-uze-pratas","10":"first","11":"instock","12":"shipping-taxable","13":"purchasable","14":"product-type-variable"},"_links":{"self":[{"href":"https:\/\/agenciausphot.com\/uze\/en\/wp-json\/wp\/v2\/product\/4948","targetHints":{"allow":["GET"]}}],"collection":[{"href":"https:\/\/agenciausphot.com\/uze\/en\/wp-json\/wp\/v2\/product"}],"about":[{"href":"https:\/\/agenciausphot.com\/uze\/en\/wp-json\/wp\/v2\/types\/product"}],"replies":[{"embeddable":true,"href":"https:\/\/agenciausphot.com\/uze\/en\/wp-json\/wp\/v2\/comments?post=4948"}],"version-history":[{"count":1,"href":"https:\/\/agenciausphot.com\/uze\/en\/wp-json\/wp\/v2\/product\/4948\/revisions"}],"predecessor-version":[{"id":5965,"href":"https:\/\/agenciausphot.com\/uze\/en\/wp-json\/wp\/v2\/product\/4948\/revisions\/5965"}],"wp:featuredmedia":[{"embeddable":true,"href":"https:\/\/agenciausphot.com\/uze\/en\/wp-json\/wp\/v2\/media\/4947"}],"wp:attachment":[{"href":"https:\/\/agenciausphot.com\/uze\/en\/wp-json\/wp\/v2\/media?parent=4948"}],"wp:term":[{"taxonomy":"brand","embeddable":true,"href":"https:\/\/agenciausphot.com\/uze\/en\/wp-json\/wp\/v2\/etheme_brands?post=4948"},{"taxonomy":"product_brand","embeddable":true,"href":"https:\/\/agenciausphot.com\/uze\/en\/wp-json\/wp\/v2\/product_brand?post=4948"},{"taxonomy":"product_cat","embeddable":true,"href":"https:\/\/agenciausphot.com\/uze\/en\/wp-json\/wp\/v2\/product_cat?post=4948"},{"taxonomy":"product_tag","embeddable":true,"href":"https:\/\/agenciausphot.com\/uze\/en\/wp-json\/wp\/v2\/product_tag?post=4948"}],"curies":[{"name":"wp","href":"https:\/\/api.w.org\/{rel}","templated":true}]}}