{"id":4944,"date":"2025-10-29T13:05:18","date_gmt":"2025-10-29T13:05:18","guid":{"rendered":"https:\/\/agenciausphot.com\/uze\/produto\/anel-coracao-cravejado-metade\/"},"modified":"2025-12-22T16:27:19","modified_gmt":"2025-12-22T16:27:19","slug":"anel-coracao-cravejado-metade","status":"publish","type":"product","link":"https:\/\/agenciausphot.com\/uze\/en\/product\/anel-coracao-cravejado-metade\/","title":{"rendered":"Anel cora\u00e7\u00e3o cravejado metade"},"content":{"rendered":"<h3 data-start=\"111\" data-end=\"137\">Detalhes do Produto:<\/h3>\n<p data-start=\"138\" data-end=\"462\">Anel em <strong data-start=\"146\" data-end=\"168\">Prata 925 leg\u00edtima<\/strong>, com design delicado em <strong data-start=\"193\" data-end=\"215\">formato de cora\u00e7\u00e3o<\/strong>, sendo metade liso e metade cravejado com <strong data-start=\"258\" data-end=\"279\">zirc\u00f4nias cristal<\/strong>, criando um contraste moderno e sofisticado. A pe\u00e7a simboliza amor e delicadeza, unindo brilho e minimalismo em uma joia atemporal, perfeita para o dia a dia ou ocasi\u00f5es especiais.<\/p>\n<p data-start=\"464\" data-end=\"587\">As pratas 925 possuem <strong data-start=\"486\" data-end=\"508\">garantia vital\u00edcia<\/strong>, reconhecidas por sua resist\u00eancia, durabilidade e excelente custo-benef\u00edcio.<\/p>\n<hr data-start=\"589\" data-end=\"592\">\n<h3 data-start=\"594\" data-end=\"626\">Especifica\u00e7\u00f5es do produto:<\/h3>\n<ul data-start=\"627\" data-end=\"918\">\n<li data-start=\"627\" data-end=\"672\">\n<p data-start=\"629\" data-end=\"672\"><strong data-start=\"629\" data-end=\"640\">Modelo:<\/strong> Anel Cora\u00e7\u00e3o Metade Cravejado<\/p>\n<\/li>\n<li data-start=\"673\" data-end=\"729\">\n<p data-start=\"675\" data-end=\"729\"><strong data-start=\"675\" data-end=\"687\">Formato:<\/strong> Cora\u00e7\u00e3o (metade liso, metade cravejado)<\/p>\n<\/li>\n<li data-start=\"730\" data-end=\"786\">\n<p data-start=\"732\" data-end=\"786\"><strong data-start=\"732\" data-end=\"743\">Pedras:<\/strong> Zirc\u00f4nias cristal (cravejamento parcial)<\/p>\n<\/li>\n<li data-start=\"787\" data-end=\"823\">\n<p data-start=\"789\" data-end=\"823\"><strong data-start=\"789\" data-end=\"802\">Material:<\/strong> Prata 925 leg\u00edtima<\/p>\n<\/li>\n<li data-start=\"824\" data-end=\"867\">\n<p data-start=\"826\" data-end=\"867\"><strong data-start=\"826\" data-end=\"841\">Acabamento:<\/strong> Liso polido + cravejado<\/p>\n<\/li>\n<li data-start=\"868\" data-end=\"892\">\n<p data-start=\"870\" data-end=\"892\"><strong data-start=\"870\" data-end=\"881\">G\u00eanero:<\/strong> Feminino<\/p>\n<\/li>\n<li data-start=\"893\" data-end=\"918\">\n<p data-start=\"895\" data-end=\"918\"><strong data-start=\"895\" data-end=\"904\">Peso:<\/strong> Aprox. 2,2g<\/p>\n<\/li>\n<\/ul>\n<hr data-start=\"920\" data-end=\"923\">\n<h3 data-start=\"925\" data-end=\"940\">Garantia:<\/h3>\n<p data-start=\"941\" data-end=\"1191\">Todos os an\u00e9is em <strong data-start=\"959\" data-end=\"972\">Prata 925<\/strong> acompanham <strong data-start=\"984\" data-end=\"1028\">Certificado de Garantia de Autenticidade<\/strong>, assegurando a <strong data-start=\"1044\" data-end=\"1062\">dura\u00e7\u00e3o eterna<\/strong> do material. Diferente das bijuterias, pe\u00e7as em Prata 925 preservam brilho e valor por toda a vida, assim como o <strong data-start=\"1176\" data-end=\"1188\">Ouro 18k<\/strong>.<\/p>","protected":false},"excerpt":{"rendered":"<p>Detalhes do Produto: Anel em Prata 925 leg\u00edtima, com design delicado em formato de cora\u00e7\u00e3o, sendo metade liso e metade cravejado com zirc\u00f4nias cristal, criando&#8230;<\/p>","protected":false},"featured_media":4943,"comment_status":"open","ping_status":"closed","template":"","meta":[],"etheme_brands":[],"product_brand":[],"product_cat":[103,92],"product_tag":[133],"class_list":{"0":"post-4944","1":"product","2":"type-product","3":"status-publish","4":"has-post-thumbnail","6":"product_cat-categoriaanisanel-feminino","7":"product_cat-categoriaanis","8":"product_tag-uze-pratas","10":"first","11":"instock","12":"shipping-taxable","13":"purchasable","14":"product-type-variable"},"_links":{"self":[{"href":"https:\/\/agenciausphot.com\/uze\/en\/wp-json\/wp\/v2\/product\/4944","targetHints":{"allow":["GET"]}}],"collection":[{"href":"https:\/\/agenciausphot.com\/uze\/en\/wp-json\/wp\/v2\/product"}],"about":[{"href":"https:\/\/agenciausphot.com\/uze\/en\/wp-json\/wp\/v2\/types\/product"}],"replies":[{"embeddable":true,"href":"https:\/\/agenciausphot.com\/uze\/en\/wp-json\/wp\/v2\/comments?post=4944"}],"version-history":[{"count":1,"href":"https:\/\/agenciausphot.com\/uze\/en\/wp-json\/wp\/v2\/product\/4944\/revisions"}],"predecessor-version":[{"id":5963,"href":"https:\/\/agenciausphot.com\/uze\/en\/wp-json\/wp\/v2\/product\/4944\/revisions\/5963"}],"wp:featuredmedia":[{"embeddable":true,"href":"https:\/\/agenciausphot.com\/uze\/en\/wp-json\/wp\/v2\/media\/4943"}],"wp:attachment":[{"href":"https:\/\/agenciausphot.com\/uze\/en\/wp-json\/wp\/v2\/media?parent=4944"}],"wp:term":[{"taxonomy":"brand","embeddable":true,"href":"https:\/\/agenciausphot.com\/uze\/en\/wp-json\/wp\/v2\/etheme_brands?post=4944"},{"taxonomy":"product_brand","embeddable":true,"href":"https:\/\/agenciausphot.com\/uze\/en\/wp-json\/wp\/v2\/product_brand?post=4944"},{"taxonomy":"product_cat","embeddable":true,"href":"https:\/\/agenciausphot.com\/uze\/en\/wp-json\/wp\/v2\/product_cat?post=4944"},{"taxonomy":"product_tag","embeddable":true,"href":"https:\/\/agenciausphot.com\/uze\/en\/wp-json\/wp\/v2\/product_tag?post=4944"}],"curies":[{"name":"wp","href":"https:\/\/api.w.org\/{rel}","templated":true}]}}