{"id":4933,"date":"2025-10-29T13:05:10","date_gmt":"2025-10-29T13:05:10","guid":{"rendered":"https:\/\/agenciausphot.com\/uze\/produto\/pulseira-coracao-cravejada\/"},"modified":"2025-12-05T04:41:38","modified_gmt":"2025-12-05T04:41:38","slug":"pulseira-coracao-cravejada","status":"publish","type":"product","link":"https:\/\/agenciausphot.com\/uze\/en\/product\/pulseira-coracao-cravejada\/","title":{"rendered":"Pulseira coracao cravejada"},"content":{"rendered":"<h3 data-start=\"108\" data-end=\"134\">Detalhes do Produto:<\/h3>\n<p data-start=\"135\" data-end=\"501\">Pulseira em <strong data-start=\"147\" data-end=\"169\">Prata 925 leg\u00edtima<\/strong>, com corrente delicada e pingente em formato de <strong data-start=\"218\" data-end=\"261\">cora\u00e7\u00e3o cravejado com zirc\u00f4nias cristal<\/strong>, que refletem brilho intenso e sofisticado. O design rom\u00e2ntico e elegante simboliza amor e delicadeza, sendo perfeito para compor looks do dia a dia ou para ocasi\u00f5es especiais. Uma joia atemporal e charmosa, ideal tamb\u00e9m para presentear.<\/p>\n<p data-start=\"503\" data-end=\"623\">As pratas 925 possuem <strong data-start=\"525\" data-end=\"547\">garantia vital\u00edcia<\/strong>, reconhecidas por sua resist\u00eancia, qualidade e excelente custo-benef\u00edcio.<\/p>\n<hr data-start=\"625\" data-end=\"628\">\n<h3 data-start=\"630\" data-end=\"662\">Especifica\u00e7\u00f5es do produto:<\/h3>\n<ul data-start=\"663\" data-end=\"926\">\n<li data-start=\"663\" data-end=\"705\">\n<p data-start=\"665\" data-end=\"705\"><strong data-start=\"665\" data-end=\"676\">Modelo:<\/strong> Pulseira Cora\u00e7\u00e3o Cravejada<\/p>\n<\/li>\n<li data-start=\"706\" data-end=\"743\">\n<p data-start=\"708\" data-end=\"743\"><strong data-start=\"708\" data-end=\"724\">Comprimento:<\/strong> 18cm (ajust\u00e1vel)<\/p>\n<\/li>\n<li data-start=\"744\" data-end=\"801\">\n<p data-start=\"746\" data-end=\"801\"><strong data-start=\"746\" data-end=\"759\">Pingente:<\/strong> Cora\u00e7\u00e3o cravejado com zirc\u00f4nias cristal<\/p>\n<\/li>\n<li data-start=\"802\" data-end=\"838\">\n<p data-start=\"804\" data-end=\"838\"><strong data-start=\"804\" data-end=\"817\">Material:<\/strong> Prata 925 leg\u00edtima<\/p>\n<\/li>\n<li data-start=\"839\" data-end=\"875\">\n<p data-start=\"841\" data-end=\"875\"><strong data-start=\"841\" data-end=\"856\">Acabamento:<\/strong> Polido brilhante<\/p>\n<\/li>\n<li data-start=\"876\" data-end=\"900\">\n<p data-start=\"878\" data-end=\"900\"><strong data-start=\"878\" data-end=\"889\">G\u00eanero:<\/strong> Feminino<\/p>\n<\/li>\n<li data-start=\"901\" data-end=\"926\">\n<p data-start=\"903\" data-end=\"926\"><strong data-start=\"903\" data-end=\"912\">Peso:<\/strong> Aprox. 2,6g<\/p>\n<\/li>\n<\/ul>\n<hr data-start=\"928\" data-end=\"931\">\n<h3 data-start=\"933\" data-end=\"948\">Garantia:<\/h3>\n<p data-start=\"949\" data-end=\"1203\">Todas as pulseiras em <strong data-start=\"971\" data-end=\"984\">Prata 925<\/strong> acompanham <strong data-start=\"996\" data-end=\"1040\">Certificado de Garantia de Autenticidade<\/strong>, assegurando a <strong data-start=\"1056\" data-end=\"1074\">dura\u00e7\u00e3o eterna<\/strong> do material. Diferente das bijuterias, pe\u00e7as em Prata 925 preservam brilho e valor por toda a vida, assim como o <strong data-start=\"1188\" data-end=\"1200\">Ouro 18k<\/strong>.<\/p>","protected":false},"excerpt":{"rendered":"<p>Detalhes do Produto: Pulseira em Prata 925 leg\u00edtima, com corrente delicada e pingente em formato de cora\u00e7\u00e3o cravejado com zirc\u00f4nias cristal, que refletem brilho intenso&#8230;<\/p>","protected":false},"featured_media":4930,"comment_status":"open","ping_status":"closed","template":"","meta":[],"etheme_brands":[],"product_brand":[],"product_cat":[98,90],"product_tag":[133],"class_list":{"0":"post-4933","1":"product","2":"type-product","3":"status-publish","4":"has-post-thumbnail","6":"product_cat-categoriapulseiraspulseira-feminina","7":"product_cat-categoriapulseiras","8":"product_tag-uze-pratas","10":"first","11":"outofstock","12":"shipping-taxable","13":"product-type-variable"},"_links":{"self":[{"href":"https:\/\/agenciausphot.com\/uze\/en\/wp-json\/wp\/v2\/product\/4933","targetHints":{"allow":["GET"]}}],"collection":[{"href":"https:\/\/agenciausphot.com\/uze\/en\/wp-json\/wp\/v2\/product"}],"about":[{"href":"https:\/\/agenciausphot.com\/uze\/en\/wp-json\/wp\/v2\/types\/product"}],"replies":[{"embeddable":true,"href":"https:\/\/agenciausphot.com\/uze\/en\/wp-json\/wp\/v2\/comments?post=4933"}],"version-history":[{"count":1,"href":"https:\/\/agenciausphot.com\/uze\/en\/wp-json\/wp\/v2\/product\/4933\/revisions"}],"predecessor-version":[{"id":5958,"href":"https:\/\/agenciausphot.com\/uze\/en\/wp-json\/wp\/v2\/product\/4933\/revisions\/5958"}],"wp:featuredmedia":[{"embeddable":true,"href":"https:\/\/agenciausphot.com\/uze\/en\/wp-json\/wp\/v2\/media\/4930"}],"wp:attachment":[{"href":"https:\/\/agenciausphot.com\/uze\/en\/wp-json\/wp\/v2\/media?parent=4933"}],"wp:term":[{"taxonomy":"brand","embeddable":true,"href":"https:\/\/agenciausphot.com\/uze\/en\/wp-json\/wp\/v2\/etheme_brands?post=4933"},{"taxonomy":"product_brand","embeddable":true,"href":"https:\/\/agenciausphot.com\/uze\/en\/wp-json\/wp\/v2\/product_brand?post=4933"},{"taxonomy":"product_cat","embeddable":true,"href":"https:\/\/agenciausphot.com\/uze\/en\/wp-json\/wp\/v2\/product_cat?post=4933"},{"taxonomy":"product_tag","embeddable":true,"href":"https:\/\/agenciausphot.com\/uze\/en\/wp-json\/wp\/v2\/product_tag?post=4933"}],"curies":[{"name":"wp","href":"https:\/\/api.w.org\/{rel}","templated":true}]}}