{"id":4927,"date":"2025-10-29T13:05:05","date_gmt":"2025-10-29T13:05:05","guid":{"rendered":"https:\/\/agenciausphot.com\/uze\/produto\/pulseira-van-cleef-perolada\/"},"modified":"2025-12-05T04:41:38","modified_gmt":"2025-12-05T04:41:38","slug":"pulseira-van-cleef-perolada","status":"publish","type":"product","link":"https:\/\/agenciausphot.com\/uze\/en\/product\/pulseira-van-cleef-perolada\/","title":{"rendered":"Pulseira van cleef perolada"},"content":{"rendered":"<h3 data-start=\"109\" data-end=\"135\">Detalhes do Produto:<\/h3>\n<p data-start=\"136\" data-end=\"524\">Pulseira em <strong data-start=\"148\" data-end=\"170\">Prata 925 leg\u00edtima<\/strong>, inspirada no cl\u00e1ssico design Van Cleef, composta por delicados pingentes em formato de <strong data-start=\"259\" data-end=\"285\">trevo de quatro folhas<\/strong>, com aplica\u00e7\u00e3o <strong data-start=\"301\" data-end=\"313\">perolada<\/strong> que transmite eleg\u00e2ncia e sofistica\u00e7\u00e3o. Uma joia charmosa e cheia de significado, que simboliza sorte, amor, f\u00e9 e esperan\u00e7a, perfeita para compor produ\u00e7\u00f5es modernas ou para presentear com estilo e delicadeza.<\/p>\n<p data-start=\"526\" data-end=\"649\">As pratas 925 possuem <strong data-start=\"548\" data-end=\"570\">garantia vital\u00edcia<\/strong>, reconhecidas por sua resist\u00eancia, durabilidade e excelente custo-benef\u00edcio.<\/p>\n<hr data-start=\"651\" data-end=\"654\">\n<h3 data-start=\"656\" data-end=\"688\">Especifica\u00e7\u00f5es do produto:<\/h3>\n<ul data-start=\"689\" data-end=\"962\">\n<li data-start=\"689\" data-end=\"732\">\n<p data-start=\"691\" data-end=\"732\"><strong data-start=\"691\" data-end=\"702\">Modelo:<\/strong> Pulseira Van Cleef Perolada<\/p>\n<\/li>\n<li data-start=\"733\" data-end=\"770\">\n<p data-start=\"735\" data-end=\"770\"><strong data-start=\"735\" data-end=\"751\">Comprimento:<\/strong> 18cm (ajust\u00e1vel)<\/p>\n<\/li>\n<li data-start=\"771\" data-end=\"819\">\n<p data-start=\"773\" data-end=\"819\"><strong data-start=\"773\" data-end=\"787\">Pingentes:<\/strong> Trevos com aplica\u00e7\u00e3o perolada<\/p>\n<\/li>\n<li data-start=\"820\" data-end=\"856\">\n<p data-start=\"822\" data-end=\"856\"><strong data-start=\"822\" data-end=\"835\">Material:<\/strong> Prata 925 leg\u00edtima<\/p>\n<\/li>\n<li data-start=\"857\" data-end=\"911\">\n<p data-start=\"859\" data-end=\"911\"><strong data-start=\"859\" data-end=\"874\">Acabamento:<\/strong> Polido brilhante + resina perolada<\/p>\n<\/li>\n<li data-start=\"912\" data-end=\"936\">\n<p data-start=\"914\" data-end=\"936\"><strong data-start=\"914\" data-end=\"925\">G\u00eanero:<\/strong> Feminino<\/p>\n<\/li>\n<li data-start=\"937\" data-end=\"962\">\n<p data-start=\"939\" data-end=\"962\"><strong data-start=\"939\" data-end=\"948\">Peso:<\/strong> Aprox. 3,0g<\/p>\n<\/li>\n<\/ul>\n<hr data-start=\"964\" data-end=\"967\">\n<h3 data-start=\"969\" data-end=\"984\">Garantia:<\/h3>\n<p data-start=\"985\" data-end=\"1253\">Todas as pulseiras em <strong data-start=\"1007\" data-end=\"1020\">Prata 925<\/strong> acompanham <strong data-start=\"1032\" data-end=\"1076\">Certificado de Garantia de Autenticidade<\/strong>, assegurando a <strong data-start=\"1092\" data-end=\"1110\">dura\u00e7\u00e3o eterna<\/strong> do material. Diferente das bijuterias, pe\u00e7as em Prata 925 preservam brilho, valor e sofistica\u00e7\u00e3o por toda a vida, assim como o <strong data-start=\"1238\" data-end=\"1250\">Ouro 18k<\/strong>.<\/p>\n<hr data-start=\"1255\" data-end=\"1260\">\n<p data-start=\"1262\" data-end=\"1392\" data-is-last-node=\"\" data-is-only-node=\"\">","protected":false},"excerpt":{"rendered":"<p>Detalhes do Produto: Pulseira em Prata 925 leg\u00edtima, inspirada no cl\u00e1ssico design Van Cleef, composta por delicados pingentes em formato de trevo de quatro folhas,&#8230;<\/p>","protected":false},"featured_media":4926,"comment_status":"open","ping_status":"closed","template":"","meta":[],"etheme_brands":[],"product_brand":[],"product_cat":[98,90],"product_tag":[133],"class_list":{"0":"post-4927","1":"product","2":"type-product","3":"status-publish","4":"has-post-thumbnail","6":"product_cat-categoriapulseiraspulseira-feminina","7":"product_cat-categoriapulseiras","8":"product_tag-uze-pratas","10":"first","11":"outofstock","12":"shipping-taxable","13":"product-type-variable"},"_links":{"self":[{"href":"https:\/\/agenciausphot.com\/uze\/en\/wp-json\/wp\/v2\/product\/4927","targetHints":{"allow":["GET"]}}],"collection":[{"href":"https:\/\/agenciausphot.com\/uze\/en\/wp-json\/wp\/v2\/product"}],"about":[{"href":"https:\/\/agenciausphot.com\/uze\/en\/wp-json\/wp\/v2\/types\/product"}],"replies":[{"embeddable":true,"href":"https:\/\/agenciausphot.com\/uze\/en\/wp-json\/wp\/v2\/comments?post=4927"}],"version-history":[{"count":1,"href":"https:\/\/agenciausphot.com\/uze\/en\/wp-json\/wp\/v2\/product\/4927\/revisions"}],"predecessor-version":[{"id":5956,"href":"https:\/\/agenciausphot.com\/uze\/en\/wp-json\/wp\/v2\/product\/4927\/revisions\/5956"}],"wp:featuredmedia":[{"embeddable":true,"href":"https:\/\/agenciausphot.com\/uze\/en\/wp-json\/wp\/v2\/media\/4926"}],"wp:attachment":[{"href":"https:\/\/agenciausphot.com\/uze\/en\/wp-json\/wp\/v2\/media?parent=4927"}],"wp:term":[{"taxonomy":"brand","embeddable":true,"href":"https:\/\/agenciausphot.com\/uze\/en\/wp-json\/wp\/v2\/etheme_brands?post=4927"},{"taxonomy":"product_brand","embeddable":true,"href":"https:\/\/agenciausphot.com\/uze\/en\/wp-json\/wp\/v2\/product_brand?post=4927"},{"taxonomy":"product_cat","embeddable":true,"href":"https:\/\/agenciausphot.com\/uze\/en\/wp-json\/wp\/v2\/product_cat?post=4927"},{"taxonomy":"product_tag","embeddable":true,"href":"https:\/\/agenciausphot.com\/uze\/en\/wp-json\/wp\/v2\/product_tag?post=4927"}],"curies":[{"name":"wp","href":"https:\/\/api.w.org\/{rel}","templated":true}]}}