{"id":4925,"date":"2025-10-29T13:05:04","date_gmt":"2025-10-29T13:05:04","guid":{"rendered":"https:\/\/agenciausphot.com\/uze\/produto\/pulseira-riviera-azul\/"},"modified":"2025-12-05T04:41:38","modified_gmt":"2025-12-05T04:41:38","slug":"pulseira-riviera-azul","status":"publish","type":"product","link":"https:\/\/agenciausphot.com\/uze\/en\/product\/pulseira-riviera-azul\/","title":{"rendered":"Pulseira riviera azul"},"content":{"rendered":"<h3 data-start=\"102\" data-end=\"128\">Detalhes do Produto:<\/h3>\n<p data-start=\"129\" data-end=\"493\">Pulseira em <strong data-start=\"141\" data-end=\"163\">Prata 925 leg\u00edtima<\/strong>, no modelo cl\u00e1ssico <strong data-start=\"184\" data-end=\"195\">riviera<\/strong>, composta por uma sequ\u00eancia de <strong data-start=\"227\" data-end=\"246\">zirc\u00f4nias azuis<\/strong> em corte redondo, que refletem brilho intenso e sofisticado. O contraste entre a cor vibrante e a prata polida traz eleg\u00e2ncia e modernidade, tornando a joia perfeita para ocasi\u00f5es especiais ou para dar um toque de cor e estilo ao visual di\u00e1rio.<\/p>\n<p data-start=\"495\" data-end=\"618\">As pratas 925 possuem <strong data-start=\"517\" data-end=\"539\">garantia vital\u00edcia<\/strong>, reconhecidas por sua resist\u00eancia, durabilidade e excelente custo-benef\u00edcio.<\/p>\n<hr data-start=\"620\" data-end=\"623\">\n<h3 data-start=\"625\" data-end=\"657\">Especifica\u00e7\u00f5es do produto:<\/h3>\n<ul data-start=\"658\" data-end=\"907\">\n<li data-start=\"658\" data-end=\"695\">\n<p data-start=\"660\" data-end=\"695\"><strong data-start=\"660\" data-end=\"671\">Modelo:<\/strong> Pulseira Riviera Azul<\/p>\n<\/li>\n<li data-start=\"696\" data-end=\"733\">\n<p data-start=\"698\" data-end=\"733\"><strong data-start=\"698\" data-end=\"714\">Comprimento:<\/strong> 18cm (ajust\u00e1vel)<\/p>\n<\/li>\n<li data-start=\"734\" data-end=\"782\">\n<p data-start=\"736\" data-end=\"782\"><strong data-start=\"736\" data-end=\"747\">Pedras:<\/strong> Zirc\u00f4nias azuis em corte redondo<\/p>\n<\/li>\n<li data-start=\"783\" data-end=\"819\">\n<p data-start=\"785\" data-end=\"819\"><strong data-start=\"785\" data-end=\"798\">Material:<\/strong> Prata 925 leg\u00edtima<\/p>\n<\/li>\n<li data-start=\"820\" data-end=\"856\">\n<p data-start=\"822\" data-end=\"856\"><strong data-start=\"822\" data-end=\"837\">Acabamento:<\/strong> Polido brilhante<\/p>\n<\/li>\n<li data-start=\"857\" data-end=\"881\">\n<p data-start=\"859\" data-end=\"881\"><strong data-start=\"859\" data-end=\"870\">G\u00eanero:<\/strong> Feminino<\/p>\n<\/li>\n<li data-start=\"882\" data-end=\"907\">\n<p data-start=\"884\" data-end=\"907\"><strong data-start=\"884\" data-end=\"893\">Peso:<\/strong> Aprox. 4,5g<\/p>\n<\/li>\n<\/ul>\n<hr data-start=\"909\" data-end=\"912\">\n<h3 data-start=\"914\" data-end=\"929\">Garantia:<\/h3>\n<p data-start=\"930\" data-end=\"1198\">Todas as pulseiras em <strong data-start=\"952\" data-end=\"965\">Prata 925<\/strong> acompanham <strong data-start=\"977\" data-end=\"1021\">Certificado de Garantia de Autenticidade<\/strong>, assegurando a <strong data-start=\"1037\" data-end=\"1055\">dura\u00e7\u00e3o eterna<\/strong> do material. Diferente das bijuterias, pe\u00e7as em Prata 925 preservam brilho, valor e sofistica\u00e7\u00e3o por toda a vida, assim como o <strong data-start=\"1183\" data-end=\"1195\">Ouro 18k<\/strong>.<\/p>","protected":false},"excerpt":{"rendered":"<p>Detalhes do Produto: Pulseira em Prata 925 leg\u00edtima, no modelo cl\u00e1ssico riviera, composta por uma sequ\u00eancia de zirc\u00f4nias azuis em corte redondo, que refletem brilho&#8230;<\/p>","protected":false},"featured_media":4923,"comment_status":"open","ping_status":"closed","template":"","meta":[],"etheme_brands":[],"product_brand":[],"product_cat":[98,90],"product_tag":[133],"class_list":{"0":"post-4925","1":"product","2":"type-product","3":"status-publish","4":"has-post-thumbnail","6":"product_cat-categoriapulseiraspulseira-feminina","7":"product_cat-categoriapulseiras","8":"product_tag-uze-pratas","10":"first","11":"outofstock","12":"shipping-taxable","13":"product-type-variable"},"_links":{"self":[{"href":"https:\/\/agenciausphot.com\/uze\/en\/wp-json\/wp\/v2\/product\/4925","targetHints":{"allow":["GET"]}}],"collection":[{"href":"https:\/\/agenciausphot.com\/uze\/en\/wp-json\/wp\/v2\/product"}],"about":[{"href":"https:\/\/agenciausphot.com\/uze\/en\/wp-json\/wp\/v2\/types\/product"}],"replies":[{"embeddable":true,"href":"https:\/\/agenciausphot.com\/uze\/en\/wp-json\/wp\/v2\/comments?post=4925"}],"version-history":[{"count":1,"href":"https:\/\/agenciausphot.com\/uze\/en\/wp-json\/wp\/v2\/product\/4925\/revisions"}],"predecessor-version":[{"id":5955,"href":"https:\/\/agenciausphot.com\/uze\/en\/wp-json\/wp\/v2\/product\/4925\/revisions\/5955"}],"wp:featuredmedia":[{"embeddable":true,"href":"https:\/\/agenciausphot.com\/uze\/en\/wp-json\/wp\/v2\/media\/4923"}],"wp:attachment":[{"href":"https:\/\/agenciausphot.com\/uze\/en\/wp-json\/wp\/v2\/media?parent=4925"}],"wp:term":[{"taxonomy":"brand","embeddable":true,"href":"https:\/\/agenciausphot.com\/uze\/en\/wp-json\/wp\/v2\/etheme_brands?post=4925"},{"taxonomy":"product_brand","embeddable":true,"href":"https:\/\/agenciausphot.com\/uze\/en\/wp-json\/wp\/v2\/product_brand?post=4925"},{"taxonomy":"product_cat","embeddable":true,"href":"https:\/\/agenciausphot.com\/uze\/en\/wp-json\/wp\/v2\/product_cat?post=4925"},{"taxonomy":"product_tag","embeddable":true,"href":"https:\/\/agenciausphot.com\/uze\/en\/wp-json\/wp\/v2\/product_tag?post=4925"}],"curies":[{"name":"wp","href":"https:\/\/api.w.org\/{rel}","templated":true}]}}