{"id":4922,"date":"2025-10-29T13:05:01","date_gmt":"2025-10-29T13:05:01","guid":{"rendered":"https:\/\/agenciausphot.com\/uze\/produto\/pulseira-lacraia-26mm\/"},"modified":"2025-12-05T04:41:38","modified_gmt":"2025-12-05T04:41:38","slug":"pulseira-lacraia-26mm","status":"publish","type":"product","link":"https:\/\/agenciausphot.com\/uze\/en\/product\/pulseira-lacraia-26mm\/","title":{"rendered":"Pulseira lacraia 2,6mm"},"content":{"rendered":"<h3 data-start=\"100\" data-end=\"126\">Detalhes do Produto:<\/h3>\n<p data-start=\"127\" data-end=\"446\">Pulseira em <strong data-start=\"139\" data-end=\"161\">Prata 925 leg\u00edtima<\/strong>, modelo cl\u00e1ssico <strong data-start=\"179\" data-end=\"190\">lacraia<\/strong>, com espessura de <strong data-start=\"209\" data-end=\"218\">2,6mm<\/strong>, que garante resist\u00eancia e eleg\u00e2ncia em uma pe\u00e7a vers\u00e1til. O design \u00e9 composto por elos articulados que formam um efeito sofisticado e brilhante, ideal para uso di\u00e1rio ou para compor combina\u00e7\u00f5es modernas com outras pulseiras.<\/p>\n<p data-start=\"448\" data-end=\"571\">As pratas 925 possuem <strong data-start=\"470\" data-end=\"492\">garantia vital\u00edcia<\/strong>, reconhecidas por sua resist\u00eancia, durabilidade e excelente custo-benef\u00edcio.<\/p>\n<hr data-start=\"573\" data-end=\"576\">\n<h3 data-start=\"578\" data-end=\"610\">Especifica\u00e7\u00f5es do produto:<\/h3>\n<ul data-start=\"611\" data-end=\"846\">\n<li data-start=\"611\" data-end=\"643\">\n<p data-start=\"613\" data-end=\"643\"><strong data-start=\"613\" data-end=\"624\">Modelo:<\/strong> Pulseira Lacraia<\/p>\n<\/li>\n<li data-start=\"644\" data-end=\"668\">\n<p data-start=\"646\" data-end=\"668\"><strong data-start=\"646\" data-end=\"660\">Espessura:<\/strong> 2,6mm<\/p>\n<\/li>\n<li data-start=\"669\" data-end=\"722\">\n<p data-start=\"671\" data-end=\"722\"><strong data-start=\"671\" data-end=\"687\">Comprimento:<\/strong> 18cm (ajust\u00e1vel conforme modelo)<\/p>\n<\/li>\n<li data-start=\"723\" data-end=\"759\">\n<p data-start=\"725\" data-end=\"759\"><strong data-start=\"725\" data-end=\"738\">Material:<\/strong> Prata 925 leg\u00edtima<\/p>\n<\/li>\n<li data-start=\"760\" data-end=\"796\">\n<p data-start=\"762\" data-end=\"796\"><strong data-start=\"762\" data-end=\"777\">Acabamento:<\/strong> Polido brilhante<\/p>\n<\/li>\n<li data-start=\"797\" data-end=\"820\">\n<p data-start=\"799\" data-end=\"820\"><strong data-start=\"799\" data-end=\"810\">G\u00eanero:<\/strong> Unissex<\/p>\n<\/li>\n<li data-start=\"821\" data-end=\"846\">\n<p data-start=\"823\" data-end=\"846\"><strong data-start=\"823\" data-end=\"832\">Peso:<\/strong> Aprox. 4,0g<\/p>\n<\/li>\n<\/ul>\n<hr data-start=\"848\" data-end=\"851\">\n<h3 data-start=\"853\" data-end=\"868\">Garantia:<\/h3>\n<p data-start=\"869\" data-end=\"1123\">Todas as pulseiras em <strong data-start=\"891\" data-end=\"904\">Prata 925<\/strong> acompanham <strong data-start=\"916\" data-end=\"960\">Certificado de Garantia de Autenticidade<\/strong>, assegurando a <strong data-start=\"976\" data-end=\"994\">dura\u00e7\u00e3o eterna<\/strong> do material. Diferente das bijuterias, pe\u00e7as em Prata 925 preservam brilho e valor por toda a vida, assim como o <strong data-start=\"1108\" data-end=\"1120\">Ouro 18k<\/strong>.<\/p>","protected":false},"excerpt":{"rendered":"<p>Detalhes do Produto: Pulseira em Prata 925 leg\u00edtima, modelo cl\u00e1ssico lacraia, com espessura de 2,6mm, que garante resist\u00eancia e eleg\u00e2ncia em uma pe\u00e7a vers\u00e1til. O&#8230;<\/p>","protected":false},"featured_media":4921,"comment_status":"open","ping_status":"closed","template":"","meta":[],"etheme_brands":[],"product_brand":[],"product_cat":[98,90],"product_tag":[133],"class_list":{"0":"post-4922","1":"product","2":"type-product","3":"status-publish","4":"has-post-thumbnail","6":"product_cat-categoriapulseiraspulseira-feminina","7":"product_cat-categoriapulseiras","8":"product_tag-uze-pratas","10":"first","11":"outofstock","12":"shipping-taxable","13":"product-type-variable"},"_links":{"self":[{"href":"https:\/\/agenciausphot.com\/uze\/en\/wp-json\/wp\/v2\/product\/4922","targetHints":{"allow":["GET"]}}],"collection":[{"href":"https:\/\/agenciausphot.com\/uze\/en\/wp-json\/wp\/v2\/product"}],"about":[{"href":"https:\/\/agenciausphot.com\/uze\/en\/wp-json\/wp\/v2\/types\/product"}],"replies":[{"embeddable":true,"href":"https:\/\/agenciausphot.com\/uze\/en\/wp-json\/wp\/v2\/comments?post=4922"}],"version-history":[{"count":1,"href":"https:\/\/agenciausphot.com\/uze\/en\/wp-json\/wp\/v2\/product\/4922\/revisions"}],"predecessor-version":[{"id":5954,"href":"https:\/\/agenciausphot.com\/uze\/en\/wp-json\/wp\/v2\/product\/4922\/revisions\/5954"}],"wp:featuredmedia":[{"embeddable":true,"href":"https:\/\/agenciausphot.com\/uze\/en\/wp-json\/wp\/v2\/media\/4921"}],"wp:attachment":[{"href":"https:\/\/agenciausphot.com\/uze\/en\/wp-json\/wp\/v2\/media?parent=4922"}],"wp:term":[{"taxonomy":"brand","embeddable":true,"href":"https:\/\/agenciausphot.com\/uze\/en\/wp-json\/wp\/v2\/etheme_brands?post=4922"},{"taxonomy":"product_brand","embeddable":true,"href":"https:\/\/agenciausphot.com\/uze\/en\/wp-json\/wp\/v2\/product_brand?post=4922"},{"taxonomy":"product_cat","embeddable":true,"href":"https:\/\/agenciausphot.com\/uze\/en\/wp-json\/wp\/v2\/product_cat?post=4922"},{"taxonomy":"product_tag","embeddable":true,"href":"https:\/\/agenciausphot.com\/uze\/en\/wp-json\/wp\/v2\/product_tag?post=4922"}],"curies":[{"name":"wp","href":"https:\/\/api.w.org\/{rel}","templated":true}]}}