{"id":4916,"date":"2025-10-29T13:04:56","date_gmt":"2025-10-29T13:04:56","guid":{"rendered":"https:\/\/agenciausphot.com\/uze\/produto\/pulseira-coracao\/"},"modified":"2025-12-04T18:43:51","modified_gmt":"2025-12-04T18:43:51","slug":"pulseira-coracao","status":"publish","type":"product","link":"https:\/\/agenciausphot.com\/uze\/en\/product\/pulseira-coracao\/","title":{"rendered":"Pulseira cora\u00e7\u00e3o"},"content":{"rendered":"<h3 data-start=\"97\" data-end=\"123\">Detalhes do Produto:<\/h3>\n<p data-start=\"124\" data-end=\"468\">Pulseira em <strong data-start=\"136\" data-end=\"158\">Prata 925 leg\u00edtima<\/strong>, com corrente delicada e pingente em formato de <strong data-start=\"207\" data-end=\"218\">cora\u00e7\u00e3o<\/strong>, s\u00edmbolo universal de amor e carinho. O design minimalista e elegante torna a pe\u00e7a vers\u00e1til, ideal para uso di\u00e1rio ou ocasi\u00f5es especiais. Uma joia rom\u00e2ntica e atemporal, perfeita para expressar sentimentos e tamb\u00e9m para presentear algu\u00e9m especial.<\/p>\n<p data-start=\"470\" data-end=\"593\">As pratas 925 possuem <strong data-start=\"492\" data-end=\"514\">garantia vital\u00edcia<\/strong>, reconhecidas por sua resist\u00eancia, durabilidade e excelente custo-benef\u00edcio.<\/p>\n<hr data-start=\"595\" data-end=\"598\">\n<h3 data-start=\"600\" data-end=\"632\">Especifica\u00e7\u00f5es do produto:<\/h3>\n<ul data-start=\"633\" data-end=\"880\">\n<li data-start=\"633\" data-end=\"665\">\n<p data-start=\"635\" data-end=\"665\"><strong data-start=\"635\" data-end=\"646\">Modelo:<\/strong> Pulseira Cora\u00e7\u00e3o<\/p>\n<\/li>\n<li data-start=\"666\" data-end=\"703\">\n<p data-start=\"668\" data-end=\"703\"><strong data-start=\"668\" data-end=\"684\">Comprimento:<\/strong> 18cm (ajust\u00e1vel)<\/p>\n<\/li>\n<li data-start=\"704\" data-end=\"750\">\n<p data-start=\"706\" data-end=\"750\"><strong data-start=\"706\" data-end=\"719\">Pingente:<\/strong> Cora\u00e7\u00e3o liso em prata polida<\/p>\n<\/li>\n<li data-start=\"751\" data-end=\"787\">\n<p data-start=\"753\" data-end=\"787\"><strong data-start=\"753\" data-end=\"766\">Material:<\/strong> Prata 925 leg\u00edtima<\/p>\n<\/li>\n<li data-start=\"788\" data-end=\"829\">\n<p data-start=\"790\" data-end=\"829\"><strong data-start=\"790\" data-end=\"805\">Acabamento:<\/strong> Liso polido brilhante<\/p>\n<\/li>\n<li data-start=\"830\" data-end=\"854\">\n<p data-start=\"832\" data-end=\"854\"><strong data-start=\"832\" data-end=\"843\">G\u00eanero:<\/strong> Feminino<\/p>\n<\/li>\n<li data-start=\"855\" data-end=\"880\">\n<p data-start=\"857\" data-end=\"880\"><strong data-start=\"857\" data-end=\"866\">Peso:<\/strong> Aprox. 2,5g<\/p>\n<\/li>\n<\/ul>\n<hr data-start=\"882\" data-end=\"885\">\n<h3 data-start=\"887\" data-end=\"902\">Garantia:<\/h3>\n<p data-start=\"903\" data-end=\"1157\">Todas as pulseiras em <strong data-start=\"925\" data-end=\"938\">Prata 925<\/strong> acompanham <strong data-start=\"950\" data-end=\"994\">Certificado de Garantia de Autenticidade<\/strong>, assegurando a <strong data-start=\"1010\" data-end=\"1028\">dura\u00e7\u00e3o eterna<\/strong> do material. Diferente das bijuterias, pe\u00e7as em Prata 925 preservam brilho e valor por toda a vida, assim como o <strong data-start=\"1142\" data-end=\"1154\">Ouro 18k<\/strong>.<\/p>","protected":false},"excerpt":{"rendered":"<p>Detalhes do Produto: Pulseira em Prata 925 leg\u00edtima, com corrente delicada e pingente em formato de cora\u00e7\u00e3o, s\u00edmbolo universal de amor e carinho. O design&#8230;<\/p>","protected":false},"featured_media":4915,"comment_status":"open","ping_status":"closed","template":"","meta":[],"etheme_brands":[],"product_brand":[],"product_cat":[98,90],"product_tag":[133],"class_list":{"0":"post-4916","1":"product","2":"type-product","3":"status-publish","4":"has-post-thumbnail","6":"product_cat-categoriapulseiraspulseira-feminina","7":"product_cat-categoriapulseiras","8":"product_tag-uze-pratas","10":"first","11":"outofstock","12":"shipping-taxable","13":"product-type-variable"},"_links":{"self":[{"href":"https:\/\/agenciausphot.com\/uze\/en\/wp-json\/wp\/v2\/product\/4916","targetHints":{"allow":["GET"]}}],"collection":[{"href":"https:\/\/agenciausphot.com\/uze\/en\/wp-json\/wp\/v2\/product"}],"about":[{"href":"https:\/\/agenciausphot.com\/uze\/en\/wp-json\/wp\/v2\/types\/product"}],"replies":[{"embeddable":true,"href":"https:\/\/agenciausphot.com\/uze\/en\/wp-json\/wp\/v2\/comments?post=4916"}],"version-history":[{"count":1,"href":"https:\/\/agenciausphot.com\/uze\/en\/wp-json\/wp\/v2\/product\/4916\/revisions"}],"predecessor-version":[{"id":5952,"href":"https:\/\/agenciausphot.com\/uze\/en\/wp-json\/wp\/v2\/product\/4916\/revisions\/5952"}],"wp:featuredmedia":[{"embeddable":true,"href":"https:\/\/agenciausphot.com\/uze\/en\/wp-json\/wp\/v2\/media\/4915"}],"wp:attachment":[{"href":"https:\/\/agenciausphot.com\/uze\/en\/wp-json\/wp\/v2\/media?parent=4916"}],"wp:term":[{"taxonomy":"brand","embeddable":true,"href":"https:\/\/agenciausphot.com\/uze\/en\/wp-json\/wp\/v2\/etheme_brands?post=4916"},{"taxonomy":"product_brand","embeddable":true,"href":"https:\/\/agenciausphot.com\/uze\/en\/wp-json\/wp\/v2\/product_brand?post=4916"},{"taxonomy":"product_cat","embeddable":true,"href":"https:\/\/agenciausphot.com\/uze\/en\/wp-json\/wp\/v2\/product_cat?post=4916"},{"taxonomy":"product_tag","embeddable":true,"href":"https:\/\/agenciausphot.com\/uze\/en\/wp-json\/wp\/v2\/product_tag?post=4916"}],"curies":[{"name":"wp","href":"https:\/\/api.w.org\/{rel}","templated":true}]}}