{"id":4914,"date":"2025-10-29T13:04:55","date_gmt":"2025-10-29T13:04:55","guid":{"rendered":"https:\/\/agenciausphot.com\/uze\/produto\/pulseira-espirito-santo\/"},"modified":"2025-11-04T20:41:09","modified_gmt":"2025-11-04T20:41:09","slug":"pulseira-espirito-santo","status":"publish","type":"product","link":"https:\/\/agenciausphot.com\/uze\/en\/product\/pulseira-espirito-santo\/","title":{"rendered":"Pulseira esp\u00edrito santo"},"content":{"rendered":"<h3 data-start=\"106\" data-end=\"132\">Detalhes do Produto:<\/h3>\n<p data-start=\"133\" data-end=\"448\">Pulseira em <strong data-start=\"145\" data-end=\"167\">Prata 925 leg\u00edtima<\/strong>, com corrente delicada e pingente do <strong data-start=\"205\" data-end=\"241\">Esp\u00edrito Santo em forma de pomba<\/strong>, s\u00edmbolo de paz, f\u00e9 e prote\u00e7\u00e3o divina. O design leve e elegante transmite espiritualidade e devo\u00e7\u00e3o, tornando a joia perfeita para uso di\u00e1rio ou como um presente especial e cheio de significado religioso.<\/p>\n<p data-start=\"450\" data-end=\"573\">As pratas 925 possuem <strong data-start=\"472\" data-end=\"494\">garantia vital\u00edcia<\/strong>, reconhecidas por sua resist\u00eancia, durabilidade e excelente custo-benef\u00edcio.<\/p>\n<hr data-start=\"575\" data-end=\"578\">\n<h3 data-start=\"580\" data-end=\"612\">Especifica\u00e7\u00f5es do produto:<\/h3>\n<ul data-start=\"613\" data-end=\"875\">\n<li data-start=\"613\" data-end=\"652\">\n<p data-start=\"615\" data-end=\"652\"><strong data-start=\"615\" data-end=\"626\">Modelo:<\/strong> Pulseira Esp\u00edrito Santo<\/p>\n<\/li>\n<li data-start=\"653\" data-end=\"690\">\n<p data-start=\"655\" data-end=\"690\"><strong data-start=\"655\" data-end=\"671\">Comprimento:<\/strong> 18cm (ajust\u00e1vel)<\/p>\n<\/li>\n<li data-start=\"691\" data-end=\"742\">\n<p data-start=\"693\" data-end=\"742\"><strong data-start=\"693\" data-end=\"706\">Pingente:<\/strong> Esp\u00edrito Santo (pomba estilizada)<\/p>\n<\/li>\n<li data-start=\"743\" data-end=\"779\">\n<p data-start=\"745\" data-end=\"779\"><strong data-start=\"745\" data-end=\"758\">Material:<\/strong> Prata 925 leg\u00edtima<\/p>\n<\/li>\n<li data-start=\"780\" data-end=\"816\">\n<p data-start=\"782\" data-end=\"816\"><strong data-start=\"782\" data-end=\"797\">Acabamento:<\/strong> Polido brilhante<\/p>\n<\/li>\n<li data-start=\"817\" data-end=\"849\">\n<p data-start=\"819\" data-end=\"849\"><strong data-start=\"819\" data-end=\"830\">G\u00eanero:<\/strong> Feminino\/Unissex<\/p>\n<\/li>\n<li data-start=\"850\" data-end=\"875\">\n<p data-start=\"852\" data-end=\"875\"><strong data-start=\"852\" data-end=\"861\">Peso:<\/strong> Aprox. 2,5g<\/p>\n<\/li>\n<\/ul>\n<hr data-start=\"877\" data-end=\"880\">\n<h3 data-start=\"882\" data-end=\"897\">Garantia:<\/h3>\n<p data-start=\"898\" data-end=\"1152\">Todas as pulseiras em <strong data-start=\"920\" data-end=\"933\">Prata 925<\/strong> acompanham <strong data-start=\"945\" data-end=\"989\">Certificado de Garantia de Autenticidade<\/strong>, assegurando a <strong data-start=\"1005\" data-end=\"1023\">dura\u00e7\u00e3o eterna<\/strong> do material. Diferente das bijuterias, pe\u00e7as em Prata 925 preservam brilho e valor por toda a vida, assim como o <strong data-start=\"1137\" data-end=\"1149\">Ouro 18k<\/strong>.<\/p>","protected":false},"excerpt":{"rendered":"<p>Detalhes do Produto: Pulseira em Prata 925 leg\u00edtima, com corrente delicada e pingente do Esp\u00edrito Santo em forma de pomba, s\u00edmbolo de paz, f\u00e9 e&#8230;<\/p>","protected":false},"featured_media":4913,"comment_status":"open","ping_status":"closed","template":"","meta":[],"etheme_brands":[],"product_brand":[],"product_cat":[98,90],"product_tag":[133],"class_list":{"0":"post-4914","1":"product","2":"type-product","3":"status-publish","4":"has-post-thumbnail","6":"product_cat-categoriapulseiraspulseira-feminina","7":"product_cat-categoriapulseiras","8":"product_tag-uze-pratas","10":"first","11":"outofstock","12":"shipping-taxable","13":"product-type-variable"},"_links":{"self":[{"href":"https:\/\/agenciausphot.com\/uze\/en\/wp-json\/wp\/v2\/product\/4914","targetHints":{"allow":["GET"]}}],"collection":[{"href":"https:\/\/agenciausphot.com\/uze\/en\/wp-json\/wp\/v2\/product"}],"about":[{"href":"https:\/\/agenciausphot.com\/uze\/en\/wp-json\/wp\/v2\/types\/product"}],"replies":[{"embeddable":true,"href":"https:\/\/agenciausphot.com\/uze\/en\/wp-json\/wp\/v2\/comments?post=4914"}],"version-history":[{"count":1,"href":"https:\/\/agenciausphot.com\/uze\/en\/wp-json\/wp\/v2\/product\/4914\/revisions"}],"predecessor-version":[{"id":5951,"href":"https:\/\/agenciausphot.com\/uze\/en\/wp-json\/wp\/v2\/product\/4914\/revisions\/5951"}],"wp:featuredmedia":[{"embeddable":true,"href":"https:\/\/agenciausphot.com\/uze\/en\/wp-json\/wp\/v2\/media\/4913"}],"wp:attachment":[{"href":"https:\/\/agenciausphot.com\/uze\/en\/wp-json\/wp\/v2\/media?parent=4914"}],"wp:term":[{"taxonomy":"brand","embeddable":true,"href":"https:\/\/agenciausphot.com\/uze\/en\/wp-json\/wp\/v2\/etheme_brands?post=4914"},{"taxonomy":"product_brand","embeddable":true,"href":"https:\/\/agenciausphot.com\/uze\/en\/wp-json\/wp\/v2\/product_brand?post=4914"},{"taxonomy":"product_cat","embeddable":true,"href":"https:\/\/agenciausphot.com\/uze\/en\/wp-json\/wp\/v2\/product_cat?post=4914"},{"taxonomy":"product_tag","embeddable":true,"href":"https:\/\/agenciausphot.com\/uze\/en\/wp-json\/wp\/v2\/product_tag?post=4914"}],"curies":[{"name":"wp","href":"https:\/\/api.w.org\/{rel}","templated":true}]}}