{"id":4908,"date":"2025-10-29T13:04:51","date_gmt":"2025-10-29T13:04:51","guid":{"rendered":"https:\/\/agenciausphot.com\/uze\/produto\/pulseira-de-prata-riviera-zirconia-colorida\/"},"modified":"2025-11-04T20:41:07","modified_gmt":"2025-11-04T20:41:07","slug":"pulseira-de-prata-riviera-zirconia-colorida","status":"publish","type":"product","link":"https:\/\/agenciausphot.com\/uze\/en\/product\/pulseira-de-prata-riviera-zirconia-colorida\/","title":{"rendered":"Pulseira de prata riviera zirc\u00f4nia colorida"},"content":{"rendered":"<h3 data-start=\"115\" data-end=\"141\">Detalhes do Produto:<\/h3>\n<p data-start=\"142\" data-end=\"509\">Pulseira em <strong data-start=\"154\" data-end=\"176\">Prata 925 leg\u00edtima<\/strong>, no estilo cl\u00e1ssico <strong data-start=\"197\" data-end=\"208\">riviera<\/strong>, composta por uma sequ\u00eancia de <strong data-start=\"240\" data-end=\"263\">zirc\u00f4nias coloridas<\/strong> que refletem brilho intenso e alegre. O design moderno e vibrante transforma a joia em um acess\u00f3rio vers\u00e1til, perfeito para destacar o visual no dia a dia ou em ocasi\u00f5es especiais, transmitindo sofistica\u00e7\u00e3o com um toque de cor e personalidade.<\/p>\n<p data-start=\"511\" data-end=\"634\">As pratas 925 possuem <strong data-start=\"533\" data-end=\"555\">garantia vital\u00edcia<\/strong>, reconhecidas por sua resist\u00eancia, durabilidade e excelente custo-benef\u00edcio.<\/p>\n<hr data-start=\"636\" data-end=\"639\">\n<h3 data-start=\"641\" data-end=\"673\">Especifica\u00e7\u00f5es do produto:<\/h3>\n<ul data-start=\"674\" data-end=\"945\">\n<li data-start=\"674\" data-end=\"724\">\n<p data-start=\"676\" data-end=\"724\"><strong data-start=\"676\" data-end=\"687\">Modelo:<\/strong> Pulseira Riviera Zirc\u00f4nia Colorida<\/p>\n<\/li>\n<li data-start=\"725\" data-end=\"762\">\n<p data-start=\"727\" data-end=\"762\"><strong data-start=\"727\" data-end=\"743\">Comprimento:<\/strong> 18cm (ajust\u00e1vel)<\/p>\n<\/li>\n<li data-start=\"763\" data-end=\"820\">\n<p data-start=\"765\" data-end=\"820\"><strong data-start=\"765\" data-end=\"776\">Pedras:<\/strong> Zirc\u00f4nias multicoloridas em corte redondo<\/p>\n<\/li>\n<li data-start=\"821\" data-end=\"857\">\n<p data-start=\"823\" data-end=\"857\"><strong data-start=\"823\" data-end=\"836\">Material:<\/strong> Prata 925 leg\u00edtima<\/p>\n<\/li>\n<li data-start=\"858\" data-end=\"894\">\n<p data-start=\"860\" data-end=\"894\"><strong data-start=\"860\" data-end=\"875\">Acabamento:<\/strong> Polido brilhante<\/p>\n<\/li>\n<li data-start=\"895\" data-end=\"919\">\n<p data-start=\"897\" data-end=\"919\"><strong data-start=\"897\" data-end=\"908\">G\u00eanero:<\/strong> Feminino<\/p>\n<\/li>\n<li data-start=\"920\" data-end=\"945\">\n<p data-start=\"922\" data-end=\"945\"><strong data-start=\"922\" data-end=\"931\">Peso:<\/strong> Aprox. 4,5g<\/p>\n<\/li>\n<\/ul>\n<hr data-start=\"947\" data-end=\"950\">\n<h3 data-start=\"952\" data-end=\"967\">Garantia:<\/h3>\n<p data-start=\"968\" data-end=\"1227\">Todas as pulseiras em <strong data-start=\"990\" data-end=\"1003\">Prata 925<\/strong> acompanham <strong data-start=\"1015\" data-end=\"1059\">Certificado de Garantia de Autenticidade<\/strong>, assegurando a <strong data-start=\"1075\" data-end=\"1093\">dura\u00e7\u00e3o eterna<\/strong> do material. Diferente das bijuterias, pe\u00e7as em Prata 925 preservam brilho, cor e valor por toda a vida, assim como o <strong data-start=\"1212\" data-end=\"1224\">Ouro 18k<\/strong>.<\/p>","protected":false},"excerpt":{"rendered":"<p>Detalhes do Produto: Pulseira em Prata 925 leg\u00edtima, no estilo cl\u00e1ssico riviera, composta por uma sequ\u00eancia de zirc\u00f4nias coloridas que refletem brilho intenso e alegre&#8230;.<\/p>","protected":false},"featured_media":4907,"comment_status":"open","ping_status":"closed","template":"","meta":[],"etheme_brands":[],"product_brand":[],"product_cat":[98,90],"product_tag":[133],"class_list":{"0":"post-4908","1":"product","2":"type-product","3":"status-publish","4":"has-post-thumbnail","6":"product_cat-categoriapulseiraspulseira-feminina","7":"product_cat-categoriapulseiras","8":"product_tag-uze-pratas","10":"first","11":"outofstock","12":"shipping-taxable","13":"product-type-variable"},"_links":{"self":[{"href":"https:\/\/agenciausphot.com\/uze\/en\/wp-json\/wp\/v2\/product\/4908","targetHints":{"allow":["GET"]}}],"collection":[{"href":"https:\/\/agenciausphot.com\/uze\/en\/wp-json\/wp\/v2\/product"}],"about":[{"href":"https:\/\/agenciausphot.com\/uze\/en\/wp-json\/wp\/v2\/types\/product"}],"replies":[{"embeddable":true,"href":"https:\/\/agenciausphot.com\/uze\/en\/wp-json\/wp\/v2\/comments?post=4908"}],"version-history":[{"count":1,"href":"https:\/\/agenciausphot.com\/uze\/en\/wp-json\/wp\/v2\/product\/4908\/revisions"}],"predecessor-version":[{"id":5948,"href":"https:\/\/agenciausphot.com\/uze\/en\/wp-json\/wp\/v2\/product\/4908\/revisions\/5948"}],"wp:featuredmedia":[{"embeddable":true,"href":"https:\/\/agenciausphot.com\/uze\/en\/wp-json\/wp\/v2\/media\/4907"}],"wp:attachment":[{"href":"https:\/\/agenciausphot.com\/uze\/en\/wp-json\/wp\/v2\/media?parent=4908"}],"wp:term":[{"taxonomy":"brand","embeddable":true,"href":"https:\/\/agenciausphot.com\/uze\/en\/wp-json\/wp\/v2\/etheme_brands?post=4908"},{"taxonomy":"product_brand","embeddable":true,"href":"https:\/\/agenciausphot.com\/uze\/en\/wp-json\/wp\/v2\/product_brand?post=4908"},{"taxonomy":"product_cat","embeddable":true,"href":"https:\/\/agenciausphot.com\/uze\/en\/wp-json\/wp\/v2\/product_cat?post=4908"},{"taxonomy":"product_tag","embeddable":true,"href":"https:\/\/agenciausphot.com\/uze\/en\/wp-json\/wp\/v2\/product_tag?post=4908"}],"curies":[{"name":"wp","href":"https:\/\/api.w.org\/{rel}","templated":true}]}}