{"id":4904,"date":"2025-10-29T13:04:48","date_gmt":"2025-10-29T13:04:48","guid":{"rendered":"https:\/\/agenciausphot.com\/uze\/produto\/pulseira-riviera-coracao-cintilante-vermelho\/"},"modified":"2025-11-14T19:23:55","modified_gmt":"2025-11-14T19:23:55","slug":"pulseira-riviera-coracao-cintilante-vermelho","status":"publish","type":"product","link":"https:\/\/agenciausphot.com\/uze\/en\/product\/pulseira-riviera-coracao-cintilante-vermelho\/","title":{"rendered":"Pulseira riviera cora\u00e7\u00e3o cintilante vermelho"},"content":{"rendered":"<h3 data-start=\"125\" data-end=\"151\">Detalhes do Produto:<\/h3>\n<p data-start=\"152\" data-end=\"568\">Pulseira em <strong data-start=\"164\" data-end=\"186\">Prata 925 leg\u00edtima<\/strong>, estilo <strong data-start=\"195\" data-end=\"206\">riviera<\/strong>, formada por uma sequ\u00eancia de zirc\u00f4nias cristal que proporcionam brilho intenso e sofisticado. No centro, o destaque fica para o <strong data-start=\"336\" data-end=\"386\">pingente de cora\u00e7\u00e3o cintilante na cor vermelha<\/strong>, s\u00edmbolo de paix\u00e3o e romantismo, que traz contraste vibrante e elegante. Uma joia luxuosa e atemporal, perfeita para ocasi\u00f5es especiais ou para dar um toque refinado ao dia a dia.<\/p>\n<p data-start=\"570\" data-end=\"693\">As pratas 925 possuem <strong data-start=\"592\" data-end=\"614\">garantia vital\u00edcia<\/strong>, reconhecidas por sua resist\u00eancia, durabilidade e excelente custo-benef\u00edcio.<\/p>\n<hr data-start=\"695\" data-end=\"698\">\n<h3 data-start=\"700\" data-end=\"732\">Especifica\u00e7\u00f5es do produto:<\/h3>\n<ul data-start=\"733\" data-end=\"1022\">\n<li data-start=\"733\" data-end=\"793\">\n<p data-start=\"735\" data-end=\"793\"><strong data-start=\"735\" data-end=\"746\">Modelo:<\/strong> Pulseira Riviera Cora\u00e7\u00e3o Cintilante Vermelho<\/p>\n<\/li>\n<li data-start=\"794\" data-end=\"831\">\n<p data-start=\"796\" data-end=\"831\"><strong data-start=\"796\" data-end=\"812\">Comprimento:<\/strong> 18cm (ajust\u00e1vel)<\/p>\n<\/li>\n<li data-start=\"832\" data-end=\"897\">\n<p data-start=\"834\" data-end=\"897\"><strong data-start=\"834\" data-end=\"847\">Detalhes:<\/strong> Zirc\u00f4nias cristal + cora\u00e7\u00e3o vermelho cintilante<\/p>\n<\/li>\n<li data-start=\"898\" data-end=\"934\">\n<p data-start=\"900\" data-end=\"934\"><strong data-start=\"900\" data-end=\"913\">Material:<\/strong> Prata 925 leg\u00edtima<\/p>\n<\/li>\n<li data-start=\"935\" data-end=\"971\">\n<p data-start=\"937\" data-end=\"971\"><strong data-start=\"937\" data-end=\"952\">Acabamento:<\/strong> Polido brilhante<\/p>\n<\/li>\n<li data-start=\"972\" data-end=\"996\">\n<p data-start=\"974\" data-end=\"996\"><strong data-start=\"974\" data-end=\"985\">G\u00eanero:<\/strong> Feminino<\/p>\n<\/li>\n<li data-start=\"997\" data-end=\"1022\">\n<p data-start=\"999\" data-end=\"1022\"><strong data-start=\"999\" data-end=\"1008\">Peso:<\/strong> Aprox. 4,5g<\/p>\n<\/li>\n<\/ul>\n<hr data-start=\"1024\" data-end=\"1027\">\n<h3 data-start=\"1029\" data-end=\"1044\">Garantia:<\/h3>\n<p data-start=\"1045\" data-end=\"1313\">Todas as pulseiras em <strong data-start=\"1067\" data-end=\"1080\">Prata 925<\/strong> acompanham <strong data-start=\"1092\" data-end=\"1136\">Certificado de Garantia de Autenticidade<\/strong>, assegurando a <strong data-start=\"1152\" data-end=\"1170\">dura\u00e7\u00e3o eterna<\/strong> do material. Diferente das bijuterias, pe\u00e7as em Prata 925 preservam brilho, valor e sofistica\u00e7\u00e3o por toda a vida, assim como o <strong data-start=\"1298\" data-end=\"1310\">Ouro 18k<\/strong>.<\/p>","protected":false},"excerpt":{"rendered":"<p>Detalhes do Produto: Pulseira em Prata 925 leg\u00edtima, estilo riviera, formada por uma sequ\u00eancia de zirc\u00f4nias cristal que proporcionam brilho intenso e sofisticado. No centro,&#8230;<\/p>","protected":false},"featured_media":4902,"comment_status":"open","ping_status":"closed","template":"","meta":[],"etheme_brands":[],"product_brand":[],"product_cat":[98,90],"product_tag":[133],"class_list":{"0":"post-4904","1":"product","2":"type-product","3":"status-publish","4":"has-post-thumbnail","6":"product_cat-categoriapulseiraspulseira-feminina","7":"product_cat-categoriapulseiras","8":"product_tag-uze-pratas","10":"first","11":"outofstock","12":"shipping-taxable","13":"product-type-variable"},"_links":{"self":[{"href":"https:\/\/agenciausphot.com\/uze\/en\/wp-json\/wp\/v2\/product\/4904","targetHints":{"allow":["GET"]}}],"collection":[{"href":"https:\/\/agenciausphot.com\/uze\/en\/wp-json\/wp\/v2\/product"}],"about":[{"href":"https:\/\/agenciausphot.com\/uze\/en\/wp-json\/wp\/v2\/types\/product"}],"replies":[{"embeddable":true,"href":"https:\/\/agenciausphot.com\/uze\/en\/wp-json\/wp\/v2\/comments?post=4904"}],"version-history":[{"count":1,"href":"https:\/\/agenciausphot.com\/uze\/en\/wp-json\/wp\/v2\/product\/4904\/revisions"}],"predecessor-version":[{"id":5946,"href":"https:\/\/agenciausphot.com\/uze\/en\/wp-json\/wp\/v2\/product\/4904\/revisions\/5946"}],"wp:featuredmedia":[{"embeddable":true,"href":"https:\/\/agenciausphot.com\/uze\/en\/wp-json\/wp\/v2\/media\/4902"}],"wp:attachment":[{"href":"https:\/\/agenciausphot.com\/uze\/en\/wp-json\/wp\/v2\/media?parent=4904"}],"wp:term":[{"taxonomy":"brand","embeddable":true,"href":"https:\/\/agenciausphot.com\/uze\/en\/wp-json\/wp\/v2\/etheme_brands?post=4904"},{"taxonomy":"product_brand","embeddable":true,"href":"https:\/\/agenciausphot.com\/uze\/en\/wp-json\/wp\/v2\/product_brand?post=4904"},{"taxonomy":"product_cat","embeddable":true,"href":"https:\/\/agenciausphot.com\/uze\/en\/wp-json\/wp\/v2\/product_cat?post=4904"},{"taxonomy":"product_tag","embeddable":true,"href":"https:\/\/agenciausphot.com\/uze\/en\/wp-json\/wp\/v2\/product_tag?post=4904"}],"curies":[{"name":"wp","href":"https:\/\/api.w.org\/{rel}","templated":true}]}}