{"id":4901,"date":"2025-10-29T13:04:45","date_gmt":"2025-10-29T13:04:45","guid":{"rendered":"https:\/\/agenciausphot.com\/uze\/produto\/pulseira-prata-ponto-de-luz-colorida\/"},"modified":"2025-11-04T20:41:06","modified_gmt":"2025-11-04T20:41:06","slug":"pulseira-prata-ponto-de-luz-colorida","status":"publish","type":"product","link":"https:\/\/agenciausphot.com\/uze\/en\/product\/pulseira-prata-ponto-de-luz-colorida\/","title":{"rendered":"Pulseira prata ponto de luz colorida"},"content":{"rendered":"<h3 data-start=\"108\" data-end=\"134\">Detalhes do Produto:<\/h3>\n<p data-start=\"135\" data-end=\"508\">Pulseira em <strong data-start=\"147\" data-end=\"169\">Prata 925 leg\u00edtima<\/strong>, composta por delicados pingentes de <strong data-start=\"207\" data-end=\"234\">pontos de luz coloridos<\/strong> em zirc\u00f4nias, distribu\u00eddos ao longo da corrente. Cada cor traz brilho e vivacidade, criando uma joia moderna, vers\u00e1til e cheia de personalidade. Uma pe\u00e7a encantadora para iluminar o visual no dia a dia ou complementar looks sofisticados com um toque divertido e elegante.<\/p>\n<p data-start=\"510\" data-end=\"633\">As pratas 925 possuem <strong data-start=\"532\" data-end=\"554\">garantia vital\u00edcia<\/strong>, reconhecidas por sua resist\u00eancia, durabilidade e excelente custo-benef\u00edcio.<\/p>\n<hr data-start=\"635\" data-end=\"638\">\n<h3 data-start=\"640\" data-end=\"672\">Especifica\u00e7\u00f5es do produto:<\/h3>\n<ul data-start=\"673\" data-end=\"945\">\n<li data-start=\"673\" data-end=\"719\">\n<p data-start=\"675\" data-end=\"719\"><strong data-start=\"675\" data-end=\"686\">Modelo:<\/strong> Pulseira Ponto de Luz Colorida<\/p>\n<\/li>\n<li data-start=\"720\" data-end=\"757\">\n<p data-start=\"722\" data-end=\"757\"><strong data-start=\"722\" data-end=\"738\">Comprimento:<\/strong> 18cm (ajust\u00e1vel)<\/p>\n<\/li>\n<li data-start=\"758\" data-end=\"820\">\n<p data-start=\"760\" data-end=\"820\"><strong data-start=\"760\" data-end=\"774\">Pingentes:<\/strong> Zirc\u00f4nias coloridas redondas (ponto de luz)<\/p>\n<\/li>\n<li data-start=\"821\" data-end=\"857\">\n<p data-start=\"823\" data-end=\"857\"><strong data-start=\"823\" data-end=\"836\">Material:<\/strong> Prata 925 leg\u00edtima<\/p>\n<\/li>\n<li data-start=\"858\" data-end=\"894\">\n<p data-start=\"860\" data-end=\"894\"><strong data-start=\"860\" data-end=\"875\">Acabamento:<\/strong> Polido brilhante<\/p>\n<\/li>\n<li data-start=\"895\" data-end=\"919\">\n<p data-start=\"897\" data-end=\"919\"><strong data-start=\"897\" data-end=\"908\">G\u00eanero:<\/strong> Feminino<\/p>\n<\/li>\n<li data-start=\"920\" data-end=\"945\">\n<p data-start=\"922\" data-end=\"945\"><strong data-start=\"922\" data-end=\"931\">Peso:<\/strong> Aprox. 3,0g<\/p>\n<\/li>\n<\/ul>\n<hr data-start=\"947\" data-end=\"950\">\n<h3 data-start=\"952\" data-end=\"967\">Garantia:<\/h3>\n<p data-start=\"968\" data-end=\"1227\">Todas as pulseiras em <strong data-start=\"990\" data-end=\"1003\">Prata 925<\/strong> acompanham <strong data-start=\"1015\" data-end=\"1059\">Certificado de Garantia de Autenticidade<\/strong>, assegurando a <strong data-start=\"1075\" data-end=\"1093\">dura\u00e7\u00e3o eterna<\/strong> do material. Diferente das bijuterias, pe\u00e7as em Prata 925 preservam brilho, cor e valor por toda a vida, assim como o <strong data-start=\"1212\" data-end=\"1224\">Ouro 18k<\/strong>.<\/p>\n<hr data-start=\"1229\" data-end=\"1234\">\n<p data-start=\"1236\" data-end=\"1369\" data-is-last-node=\"\" data-is-only-node=\"\">","protected":false},"excerpt":{"rendered":"<p>Detalhes do Produto: Pulseira em Prata 925 leg\u00edtima, composta por delicados pingentes de pontos de luz coloridos em zirc\u00f4nias, distribu\u00eddos ao longo da corrente. Cada&#8230;<\/p>","protected":false},"featured_media":4900,"comment_status":"open","ping_status":"closed","template":"","meta":[],"etheme_brands":[],"product_brand":[],"product_cat":[90,100],"product_tag":[133],"class_list":{"0":"post-4901","1":"product","2":"type-product","3":"status-publish","4":"has-post-thumbnail","6":"product_cat-categoriapulseiras","7":"product_cat-categoriapulseiraspulseira-infantil","8":"product_tag-uze-pratas","10":"first","11":"outofstock","12":"shipping-taxable","13":"product-type-variable"},"_links":{"self":[{"href":"https:\/\/agenciausphot.com\/uze\/en\/wp-json\/wp\/v2\/product\/4901","targetHints":{"allow":["GET"]}}],"collection":[{"href":"https:\/\/agenciausphot.com\/uze\/en\/wp-json\/wp\/v2\/product"}],"about":[{"href":"https:\/\/agenciausphot.com\/uze\/en\/wp-json\/wp\/v2\/types\/product"}],"replies":[{"embeddable":true,"href":"https:\/\/agenciausphot.com\/uze\/en\/wp-json\/wp\/v2\/comments?post=4901"}],"version-history":[{"count":1,"href":"https:\/\/agenciausphot.com\/uze\/en\/wp-json\/wp\/v2\/product\/4901\/revisions"}],"predecessor-version":[{"id":5945,"href":"https:\/\/agenciausphot.com\/uze\/en\/wp-json\/wp\/v2\/product\/4901\/revisions\/5945"}],"wp:featuredmedia":[{"embeddable":true,"href":"https:\/\/agenciausphot.com\/uze\/en\/wp-json\/wp\/v2\/media\/4900"}],"wp:attachment":[{"href":"https:\/\/agenciausphot.com\/uze\/en\/wp-json\/wp\/v2\/media?parent=4901"}],"wp:term":[{"taxonomy":"brand","embeddable":true,"href":"https:\/\/agenciausphot.com\/uze\/en\/wp-json\/wp\/v2\/etheme_brands?post=4901"},{"taxonomy":"product_brand","embeddable":true,"href":"https:\/\/agenciausphot.com\/uze\/en\/wp-json\/wp\/v2\/product_brand?post=4901"},{"taxonomy":"product_cat","embeddable":true,"href":"https:\/\/agenciausphot.com\/uze\/en\/wp-json\/wp\/v2\/product_cat?post=4901"},{"taxonomy":"product_tag","embeddable":true,"href":"https:\/\/agenciausphot.com\/uze\/en\/wp-json\/wp\/v2\/product_tag?post=4901"}],"curies":[{"name":"wp","href":"https:\/\/api.w.org\/{rel}","templated":true}]}}