{"id":4894,"date":"2025-10-29T13:04:40","date_gmt":"2025-10-29T13:04:40","guid":{"rendered":"https:\/\/agenciausphot.com\/uze\/produto\/monzi-limpa-prata\/"},"modified":"2026-01-12T15:14:58","modified_gmt":"2026-01-12T15:14:58","slug":"monzi-limpa-prata","status":"publish","type":"product","link":"https:\/\/agenciausphot.com\/uze\/en\/product\/monzi-limpa-prata\/","title":{"rendered":"Monzi limpa prata"},"content":{"rendered":"<h3 data-start=\"82\" data-end=\"108\">Detalhes do Produto:<\/h3>\n<p data-start=\"109\" data-end=\"463\">O <strong data-start=\"111\" data-end=\"132\">Monzi Limpa Prata<\/strong> \u00e9 um produto desenvolvido especialmente para a <strong data-start=\"180\" data-end=\"222\">limpeza e brilho de joias em Prata 925<\/strong>. Sua f\u00f3rmula eficiente remove rapidamente manchas de oxida\u00e7\u00e3o e escurecimento natural do metal, devolvendo o aspecto original das pe\u00e7as. F\u00e1cil de usar, garante resultado imediato, deixando a prata limpa, reluzente e com apar\u00eancia de nova.<\/p>\n<p data-start=\"465\" data-end=\"599\">Indispens\u00e1vel para quem deseja manter suas joias sempre bonitas e bem cuidadas, preservando seu valor e eleg\u00e2ncia ao longo do tempo.<\/p>\n<hr data-start=\"601\" data-end=\"604\">\n<h3 data-start=\"606\" data-end=\"638\">Especifica\u00e7\u00f5es do produto:<\/h3>\n<ul data-start=\"639\" data-end=\"982\">\n<li data-start=\"639\" data-end=\"673\">\n<p data-start=\"641\" data-end=\"673\"><strong data-start=\"641\" data-end=\"653\">Produto:<\/strong> Monzi Limpa Prata<\/p>\n<\/li>\n<li data-start=\"674\" data-end=\"711\">\n<p data-start=\"676\" data-end=\"711\"><strong data-start=\"676\" data-end=\"690\">Indica\u00e7\u00e3o:<\/strong> Joias em Prata 925<\/p>\n<\/li>\n<li data-start=\"712\" data-end=\"855\">\n<p data-start=\"714\" data-end=\"732\"><strong data-start=\"714\" data-end=\"730\">Modo de uso:<\/strong><\/p>\n<ol data-start=\"735\" data-end=\"855\">\n<li data-start=\"735\" data-end=\"788\">\n<p data-start=\"738\" data-end=\"788\">Mergulhar a pe\u00e7a no produto por alguns segundos.<\/p>\n<\/li>\n<li data-start=\"791\" data-end=\"822\">\n<p data-start=\"794\" data-end=\"822\">Enxaguar em \u00e1gua corrente.<\/p>\n<\/li>\n<li data-start=\"825\" data-end=\"855\">\n<p data-start=\"828\" data-end=\"855\">Secar bem com pano macio.<\/p>\n<\/li>\n<\/ol>\n<\/li>\n<li data-start=\"856\" data-end=\"982\">\n<p data-start=\"858\" data-end=\"982\"><strong data-start=\"858\" data-end=\"870\">Aten\u00e7\u00e3o:<\/strong> N\u00e3o indicado para pe\u00e7as com pedras org\u00e2nicas (p\u00e9rolas, madrep\u00e9rola, turquesa, coral etc.) ou joias com banho.<\/p>\n<\/li>\n<\/ul>\n<hr data-start=\"984\" data-end=\"987\">\n<h3 data-start=\"989\" data-end=\"1006\">Benef\u00edcios:<\/h3>\n<p data-start=\"1007\" data-end=\"1163\">\u2714\ufe0f Remove oxida\u00e7\u00e3o e manchas escuras<br data-start=\"1043\" data-end=\"1046\"><br \/>\n\u2714\ufe0f Restaura o brilho original<br data-start=\"1075\" data-end=\"1078\"><br \/>\n\u2714\ufe0f F\u00e1cil e r\u00e1pido de aplicar<br data-start=\"1106\" data-end=\"1109\"><br \/>\n\u2714\ufe0f Mant\u00e9m a beleza da Prata 925 por muito mais tempo<\/p>\n<hr data-start=\"1165\" data-end=\"1170\">\n<p data-start=\"1172\" data-end=\"1294\" data-is-last-node=\"\" data-is-only-node=\"\">","protected":false},"excerpt":{"rendered":"<p>Detalhes do Produto: O Monzi Limpa Prata \u00e9 um produto desenvolvido especialmente para a limpeza e brilho de joias em Prata 925. Sua f\u00f3rmula eficiente&#8230;<\/p>","protected":false},"featured_media":4893,"comment_status":"open","ping_status":"closed","template":"","meta":[],"etheme_brands":[],"product_brand":[],"product_cat":[109,94],"product_tag":[133],"class_list":{"0":"post-4894","1":"product","2":"type-product","3":"status-publish","4":"has-post-thumbnail","6":"product_cat-categoriaconjuntosconjunto-feminino","7":"product_cat-categoriaconjuntos","8":"product_tag-uze-pratas","10":"first","11":"outofstock","12":"shipping-taxable","13":"product-type-variable"},"_links":{"self":[{"href":"https:\/\/agenciausphot.com\/uze\/en\/wp-json\/wp\/v2\/product\/4894","targetHints":{"allow":["GET"]}}],"collection":[{"href":"https:\/\/agenciausphot.com\/uze\/en\/wp-json\/wp\/v2\/product"}],"about":[{"href":"https:\/\/agenciausphot.com\/uze\/en\/wp-json\/wp\/v2\/types\/product"}],"replies":[{"embeddable":true,"href":"https:\/\/agenciausphot.com\/uze\/en\/wp-json\/wp\/v2\/comments?post=4894"}],"version-history":[{"count":1,"href":"https:\/\/agenciausphot.com\/uze\/en\/wp-json\/wp\/v2\/product\/4894\/revisions"}],"predecessor-version":[{"id":5942,"href":"https:\/\/agenciausphot.com\/uze\/en\/wp-json\/wp\/v2\/product\/4894\/revisions\/5942"}],"wp:featuredmedia":[{"embeddable":true,"href":"https:\/\/agenciausphot.com\/uze\/en\/wp-json\/wp\/v2\/media\/4893"}],"wp:attachment":[{"href":"https:\/\/agenciausphot.com\/uze\/en\/wp-json\/wp\/v2\/media?parent=4894"}],"wp:term":[{"taxonomy":"brand","embeddable":true,"href":"https:\/\/agenciausphot.com\/uze\/en\/wp-json\/wp\/v2\/etheme_brands?post=4894"},{"taxonomy":"product_brand","embeddable":true,"href":"https:\/\/agenciausphot.com\/uze\/en\/wp-json\/wp\/v2\/product_brand?post=4894"},{"taxonomy":"product_cat","embeddable":true,"href":"https:\/\/agenciausphot.com\/uze\/en\/wp-json\/wp\/v2\/product_cat?post=4894"},{"taxonomy":"product_tag","embeddable":true,"href":"https:\/\/agenciausphot.com\/uze\/en\/wp-json\/wp\/v2\/product_tag?post=4894"}],"curies":[{"name":"wp","href":"https:\/\/api.w.org\/{rel}","templated":true}]}}