{"id":4892,"date":"2025-10-29T13:04:38","date_gmt":"2025-10-29T13:04:38","guid":{"rendered":"https:\/\/agenciausphot.com\/uze\/produto\/conjunto-infantil-flor\/"},"modified":"2025-12-22T16:27:18","modified_gmt":"2025-12-22T16:27:18","slug":"conjunto-infantil-flor","status":"publish","type":"product","link":"https:\/\/agenciausphot.com\/uze\/en\/product\/conjunto-infantil-flor\/","title":{"rendered":"Conjunto infantil flor"},"content":{"rendered":"<h3 data-start=\"103\" data-end=\"129\">Detalhes do Produto:<\/h3>\n<p data-start=\"130\" data-end=\"557\">Conjunto infantil em <strong data-start=\"151\" data-end=\"173\">Prata 925 leg\u00edtima<\/strong>, composto por <strong data-start=\"188\" data-end=\"214\">colar e par de brincos<\/strong> em formato de <strong data-start=\"229\" data-end=\"246\">flor delicada<\/strong>, com acabamento polido que garante brilho suave e encantador. O design l\u00fadico e fofo \u00e9 perfeito para crian\u00e7as, simbolizando pureza, alegria e delicadeza. Uma joia especial para os primeiros momentos de contato com a prata, ideal para presentear em datas marcantes como anivers\u00e1rios, batizados ou celebra\u00e7\u00f5es.<\/p>\n<p data-start=\"559\" data-end=\"682\">As pratas 925 possuem <strong data-start=\"581\" data-end=\"603\">garantia vital\u00edcia<\/strong>, reconhecidas por sua resist\u00eancia, durabilidade e excelente custo-benef\u00edcio.<\/p>\n<hr data-start=\"684\" data-end=\"687\">\n<h3 data-start=\"689\" data-end=\"721\">Especifica\u00e7\u00f5es do produto:<\/h3>\n<ul data-start=\"722\" data-end=\"964\">\n<li data-start=\"722\" data-end=\"760\">\n<p data-start=\"724\" data-end=\"760\"><strong data-start=\"724\" data-end=\"735\">Modelo:<\/strong> Conjunto Infantil Flor<\/p>\n<\/li>\n<li data-start=\"761\" data-end=\"805\">\n<p data-start=\"763\" data-end=\"805\"><strong data-start=\"763\" data-end=\"782\">Pe\u00e7as Inclusas:<\/strong> Colar + brincos flor<\/p>\n<\/li>\n<li data-start=\"806\" data-end=\"842\">\n<p data-start=\"808\" data-end=\"842\"><strong data-start=\"808\" data-end=\"821\">Material:<\/strong> Prata 925 leg\u00edtima<\/p>\n<\/li>\n<li data-start=\"843\" data-end=\"884\">\n<p data-start=\"845\" data-end=\"884\"><strong data-start=\"845\" data-end=\"860\">Acabamento:<\/strong> Liso polido brilhante<\/p>\n<\/li>\n<li data-start=\"885\" data-end=\"918\">\n<p data-start=\"887\" data-end=\"918\"><strong data-start=\"887\" data-end=\"898\">G\u00eanero:<\/strong> Infantil\/Feminino<\/p>\n<\/li>\n<li data-start=\"919\" data-end=\"964\">\n<p data-start=\"921\" data-end=\"964\"><strong data-start=\"921\" data-end=\"930\">Peso:<\/strong> Aprox. 2,5g (conjunto completo)<\/p>\n<\/li>\n<\/ul>\n<hr data-start=\"966\" data-end=\"969\">\n<h3 data-start=\"971\" data-end=\"986\">Garantia:<\/h3>\n<p data-start=\"987\" data-end=\"1241\">Todos os conjuntos em <strong data-start=\"1009\" data-end=\"1022\">Prata 925<\/strong> acompanham <strong data-start=\"1034\" data-end=\"1078\">Certificado de Garantia de Autenticidade<\/strong>, assegurando a <strong data-start=\"1094\" data-end=\"1112\">dura\u00e7\u00e3o eterna<\/strong> do material. Diferente das bijuterias, pe\u00e7as em Prata 925 preservam brilho e valor por toda a vida, assim como o <strong data-start=\"1226\" data-end=\"1238\">Ouro 18k<\/strong>.<\/p>","protected":false},"excerpt":{"rendered":"<p>Detalhes do Produto: Conjunto infantil em Prata 925 leg\u00edtima, composto por colar e par de brincos em formato de flor delicada, com acabamento polido que&#8230;<\/p>","protected":false},"featured_media":4890,"comment_status":"open","ping_status":"closed","template":"","meta":[],"etheme_brands":[],"product_brand":[],"product_cat":[109,94],"product_tag":[133],"class_list":{"0":"post-4892","1":"product","2":"type-product","3":"status-publish","4":"has-post-thumbnail","6":"product_cat-categoriaconjuntosconjunto-feminino","7":"product_cat-categoriaconjuntos","8":"product_tag-uze-pratas","10":"first","11":"outofstock","12":"shipping-taxable","13":"product-type-variable"},"_links":{"self":[{"href":"https:\/\/agenciausphot.com\/uze\/en\/wp-json\/wp\/v2\/product\/4892","targetHints":{"allow":["GET"]}}],"collection":[{"href":"https:\/\/agenciausphot.com\/uze\/en\/wp-json\/wp\/v2\/product"}],"about":[{"href":"https:\/\/agenciausphot.com\/uze\/en\/wp-json\/wp\/v2\/types\/product"}],"replies":[{"embeddable":true,"href":"https:\/\/agenciausphot.com\/uze\/en\/wp-json\/wp\/v2\/comments?post=4892"}],"version-history":[{"count":1,"href":"https:\/\/agenciausphot.com\/uze\/en\/wp-json\/wp\/v2\/product\/4892\/revisions"}],"predecessor-version":[{"id":5941,"href":"https:\/\/agenciausphot.com\/uze\/en\/wp-json\/wp\/v2\/product\/4892\/revisions\/5941"}],"wp:featuredmedia":[{"embeddable":true,"href":"https:\/\/agenciausphot.com\/uze\/en\/wp-json\/wp\/v2\/media\/4890"}],"wp:attachment":[{"href":"https:\/\/agenciausphot.com\/uze\/en\/wp-json\/wp\/v2\/media?parent=4892"}],"wp:term":[{"taxonomy":"brand","embeddable":true,"href":"https:\/\/agenciausphot.com\/uze\/en\/wp-json\/wp\/v2\/etheme_brands?post=4892"},{"taxonomy":"product_brand","embeddable":true,"href":"https:\/\/agenciausphot.com\/uze\/en\/wp-json\/wp\/v2\/product_brand?post=4892"},{"taxonomy":"product_cat","embeddable":true,"href":"https:\/\/agenciausphot.com\/uze\/en\/wp-json\/wp\/v2\/product_cat?post=4892"},{"taxonomy":"product_tag","embeddable":true,"href":"https:\/\/agenciausphot.com\/uze\/en\/wp-json\/wp\/v2\/product_tag?post=4892"}],"curies":[{"name":"wp","href":"https:\/\/api.w.org\/{rel}","templated":true}]}}