{"id":4887,"date":"2025-10-29T13:04:34","date_gmt":"2025-10-29T13:04:34","guid":{"rendered":"https:\/\/agenciausphot.com\/uze\/produto\/conjunto-trevo-vazado\/"},"modified":"2025-12-05T04:41:38","modified_gmt":"2025-12-05T04:41:38","slug":"conjunto-trevo-vazado","status":"publish","type":"product","link":"https:\/\/agenciausphot.com\/uze\/en\/product\/conjunto-trevo-vazado\/","title":{"rendered":"Conjunto trevo vazado"},"content":{"rendered":"<h3 data-start=\"99\" data-end=\"125\">Detalhes do Produto:<\/h3>\n<p data-start=\"126\" data-end=\"483\">Conjunto em <strong data-start=\"138\" data-end=\"160\">Prata 925 leg\u00edtima<\/strong>, composto por <strong data-start=\"175\" data-end=\"201\">colar e par de brincos<\/strong> em formato de <strong data-start=\"216\" data-end=\"249\">trevo de quatro folhas vazado<\/strong>, s\u00edmbolo de sorte, amor, f\u00e9 e esperan\u00e7a. O design leve e delicado, com acabamento polido, garante brilho elegante e sofistica\u00e7\u00e3o, tornando a joia perfeita para uso di\u00e1rio ou para presentear algu\u00e9m especial com significado positivo.<\/p>\n<p data-start=\"485\" data-end=\"608\">As pratas 925 possuem <strong data-start=\"507\" data-end=\"529\">garantia vital\u00edcia<\/strong>, reconhecidas por sua resist\u00eancia, durabilidade e excelente custo-benef\u00edcio.<\/p>\n<hr data-start=\"610\" data-end=\"613\">\n<h3 data-start=\"615\" data-end=\"647\">Especifica\u00e7\u00f5es do produto:<\/h3>\n<ul data-start=\"648\" data-end=\"888\">\n<li data-start=\"648\" data-end=\"685\">\n<p data-start=\"650\" data-end=\"685\"><strong data-start=\"650\" data-end=\"661\">Modelo:<\/strong> Conjunto Trevo Vazado<\/p>\n<\/li>\n<li data-start=\"686\" data-end=\"738\">\n<p data-start=\"688\" data-end=\"738\"><strong data-start=\"688\" data-end=\"707\">Pe\u00e7as Inclusas:<\/strong> Colar + brincos trevo vazado<\/p>\n<\/li>\n<li data-start=\"739\" data-end=\"775\">\n<p data-start=\"741\" data-end=\"775\"><strong data-start=\"741\" data-end=\"754\">Material:<\/strong> Prata 925 leg\u00edtima<\/p>\n<\/li>\n<li data-start=\"776\" data-end=\"817\">\n<p data-start=\"778\" data-end=\"817\"><strong data-start=\"778\" data-end=\"793\">Acabamento:<\/strong> Liso polido brilhante<\/p>\n<\/li>\n<li data-start=\"818\" data-end=\"842\">\n<p data-start=\"820\" data-end=\"842\"><strong data-start=\"820\" data-end=\"831\">G\u00eanero:<\/strong> Feminino<\/p>\n<\/li>\n<li data-start=\"843\" data-end=\"888\">\n<p data-start=\"845\" data-end=\"888\"><strong data-start=\"845\" data-end=\"854\">Peso:<\/strong> Aprox. 3,5g (conjunto completo)<\/p>\n<\/li>\n<\/ul>\n<hr data-start=\"890\" data-end=\"893\">\n<h3 data-start=\"895\" data-end=\"910\">Garantia:<\/h3>\n<p data-start=\"911\" data-end=\"1165\">Todos os conjuntos em <strong data-start=\"933\" data-end=\"946\">Prata 925<\/strong> acompanham <strong data-start=\"958\" data-end=\"1002\">Certificado de Garantia de Autenticidade<\/strong>, assegurando a <strong data-start=\"1018\" data-end=\"1036\">dura\u00e7\u00e3o eterna<\/strong> do material. Diferente das bijuterias, pe\u00e7as em Prata 925 preservam brilho e valor por toda a vida, assim como o <strong data-start=\"1150\" data-end=\"1162\">Ouro 18k<\/strong>.<\/p>","protected":false},"excerpt":{"rendered":"<p>Detalhes do Produto: Conjunto em Prata 925 leg\u00edtima, composto por colar e par de brincos em formato de trevo de quatro folhas vazado, s\u00edmbolo de&#8230;<\/p>","protected":false},"featured_media":4886,"comment_status":"open","ping_status":"closed","template":"","meta":[],"etheme_brands":[],"product_brand":[],"product_cat":[109,94],"product_tag":[133],"class_list":{"0":"post-4887","1":"product","2":"type-product","3":"status-publish","4":"has-post-thumbnail","6":"product_cat-categoriaconjuntosconjunto-feminino","7":"product_cat-categoriaconjuntos","8":"product_tag-uze-pratas","10":"first","11":"outofstock","12":"shipping-taxable","13":"product-type-variable"},"_links":{"self":[{"href":"https:\/\/agenciausphot.com\/uze\/en\/wp-json\/wp\/v2\/product\/4887","targetHints":{"allow":["GET"]}}],"collection":[{"href":"https:\/\/agenciausphot.com\/uze\/en\/wp-json\/wp\/v2\/product"}],"about":[{"href":"https:\/\/agenciausphot.com\/uze\/en\/wp-json\/wp\/v2\/types\/product"}],"replies":[{"embeddable":true,"href":"https:\/\/agenciausphot.com\/uze\/en\/wp-json\/wp\/v2\/comments?post=4887"}],"version-history":[{"count":1,"href":"https:\/\/agenciausphot.com\/uze\/en\/wp-json\/wp\/v2\/product\/4887\/revisions"}],"predecessor-version":[{"id":5939,"href":"https:\/\/agenciausphot.com\/uze\/en\/wp-json\/wp\/v2\/product\/4887\/revisions\/5939"}],"wp:featuredmedia":[{"embeddable":true,"href":"https:\/\/agenciausphot.com\/uze\/en\/wp-json\/wp\/v2\/media\/4886"}],"wp:attachment":[{"href":"https:\/\/agenciausphot.com\/uze\/en\/wp-json\/wp\/v2\/media?parent=4887"}],"wp:term":[{"taxonomy":"brand","embeddable":true,"href":"https:\/\/agenciausphot.com\/uze\/en\/wp-json\/wp\/v2\/etheme_brands?post=4887"},{"taxonomy":"product_brand","embeddable":true,"href":"https:\/\/agenciausphot.com\/uze\/en\/wp-json\/wp\/v2\/product_brand?post=4887"},{"taxonomy":"product_cat","embeddable":true,"href":"https:\/\/agenciausphot.com\/uze\/en\/wp-json\/wp\/v2\/product_cat?post=4887"},{"taxonomy":"product_tag","embeddable":true,"href":"https:\/\/agenciausphot.com\/uze\/en\/wp-json\/wp\/v2\/product_tag?post=4887"}],"curies":[{"name":"wp","href":"https:\/\/api.w.org\/{rel}","templated":true}]}}