{"id":4885,"date":"2025-10-29T13:04:33","date_gmt":"2025-10-29T13:04:33","guid":{"rendered":"https:\/\/agenciausphot.com\/uze\/produto\/conjunto-coracao-liso\/"},"modified":"2026-01-12T15:14:57","modified_gmt":"2026-01-12T15:14:57","slug":"conjunto-coracao-liso","status":"publish","type":"product","link":"https:\/\/agenciausphot.com\/uze\/en\/product\/conjunto-coracao-liso\/","title":{"rendered":"Conjunto cora\u00e7\u00e3o liso"},"content":{"rendered":"<h3 data-start=\"99\" data-end=\"125\">Detalhes do Produto:<\/h3>\n<p data-start=\"126\" data-end=\"546\">Conjunto em <strong data-start=\"138\" data-end=\"160\">Prata 925 leg\u00edtima<\/strong>, composto por <strong data-start=\"175\" data-end=\"201\">colar e par de brincos<\/strong> em formato de <strong data-start=\"216\" data-end=\"232\">cora\u00e7\u00e3o liso<\/strong>, com acabamento polido que garante brilho elegante e atemporal. O design minimalista e delicado torna a pe\u00e7a vers\u00e1til, podendo ser usada sozinha para um visual discreto ou combinada com outras joias para composi\u00e7\u00f5es modernas. Uma op\u00e7\u00e3o rom\u00e2ntica e sofisticada, perfeita para presentear ou carregar no dia a dia.<\/p>\n<p data-start=\"548\" data-end=\"671\">As pratas 925 possuem <strong data-start=\"570\" data-end=\"592\">garantia vital\u00edcia<\/strong>, reconhecidas por sua resist\u00eancia, durabilidade e excelente custo-benef\u00edcio.<\/p>\n<hr data-start=\"673\" data-end=\"676\">\n<h3 data-start=\"678\" data-end=\"710\">Especifica\u00e7\u00f5es do produto:<\/h3>\n<ul data-start=\"711\" data-end=\"951\">\n<li data-start=\"711\" data-end=\"748\">\n<p data-start=\"713\" data-end=\"748\"><strong data-start=\"713\" data-end=\"724\">Modelo:<\/strong> Conjunto Cora\u00e7\u00e3o Liso<\/p>\n<\/li>\n<li data-start=\"749\" data-end=\"801\">\n<p data-start=\"751\" data-end=\"801\"><strong data-start=\"751\" data-end=\"770\">Pe\u00e7as Inclusas:<\/strong> Colar + brincos cora\u00e7\u00e3o liso<\/p>\n<\/li>\n<li data-start=\"802\" data-end=\"838\">\n<p data-start=\"804\" data-end=\"838\"><strong data-start=\"804\" data-end=\"817\">Material:<\/strong> Prata 925 leg\u00edtima<\/p>\n<\/li>\n<li data-start=\"839\" data-end=\"880\">\n<p data-start=\"841\" data-end=\"880\"><strong data-start=\"841\" data-end=\"856\">Acabamento:<\/strong> Liso polido brilhante<\/p>\n<\/li>\n<li data-start=\"881\" data-end=\"905\">\n<p data-start=\"883\" data-end=\"905\"><strong data-start=\"883\" data-end=\"894\">G\u00eanero:<\/strong> Feminino<\/p>\n<\/li>\n<li data-start=\"906\" data-end=\"951\">\n<p data-start=\"908\" data-end=\"951\"><strong data-start=\"908\" data-end=\"917\">Peso:<\/strong> Aprox. 3,8g (conjunto completo)<\/p>\n<\/li>\n<\/ul>\n<hr data-start=\"953\" data-end=\"956\">\n<h3 data-start=\"958\" data-end=\"973\">Garantia:<\/h3>\n<p data-start=\"974\" data-end=\"1228\">Todos os conjuntos em <strong data-start=\"996\" data-end=\"1009\">Prata 925<\/strong> acompanham <strong data-start=\"1021\" data-end=\"1065\">Certificado de Garantia de Autenticidade<\/strong>, assegurando a <strong data-start=\"1081\" data-end=\"1099\">dura\u00e7\u00e3o eterna<\/strong> do material. Diferente das bijuterias, pe\u00e7as em Prata 925 preservam brilho e valor por toda a vida, assim como o <strong data-start=\"1213\" data-end=\"1225\">Ouro 18k<\/strong>.<\/p>","protected":false},"excerpt":{"rendered":"<p>Detalhes do Produto: Conjunto em Prata 925 leg\u00edtima, composto por colar e par de brincos em formato de cora\u00e7\u00e3o liso, com acabamento polido que garante&#8230;<\/p>","protected":false},"featured_media":4884,"comment_status":"open","ping_status":"closed","template":"","meta":[],"etheme_brands":[],"product_brand":[],"product_cat":[109,94],"product_tag":[133],"class_list":{"0":"post-4885","1":"product","2":"type-product","3":"status-publish","4":"has-post-thumbnail","6":"product_cat-categoriaconjuntosconjunto-feminino","7":"product_cat-categoriaconjuntos","8":"product_tag-uze-pratas","10":"first","11":"outofstock","12":"shipping-taxable","13":"product-type-variable"},"_links":{"self":[{"href":"https:\/\/agenciausphot.com\/uze\/en\/wp-json\/wp\/v2\/product\/4885","targetHints":{"allow":["GET"]}}],"collection":[{"href":"https:\/\/agenciausphot.com\/uze\/en\/wp-json\/wp\/v2\/product"}],"about":[{"href":"https:\/\/agenciausphot.com\/uze\/en\/wp-json\/wp\/v2\/types\/product"}],"replies":[{"embeddable":true,"href":"https:\/\/agenciausphot.com\/uze\/en\/wp-json\/wp\/v2\/comments?post=4885"}],"version-history":[{"count":1,"href":"https:\/\/agenciausphot.com\/uze\/en\/wp-json\/wp\/v2\/product\/4885\/revisions"}],"predecessor-version":[{"id":5938,"href":"https:\/\/agenciausphot.com\/uze\/en\/wp-json\/wp\/v2\/product\/4885\/revisions\/5938"}],"wp:featuredmedia":[{"embeddable":true,"href":"https:\/\/agenciausphot.com\/uze\/en\/wp-json\/wp\/v2\/media\/4884"}],"wp:attachment":[{"href":"https:\/\/agenciausphot.com\/uze\/en\/wp-json\/wp\/v2\/media?parent=4885"}],"wp:term":[{"taxonomy":"brand","embeddable":true,"href":"https:\/\/agenciausphot.com\/uze\/en\/wp-json\/wp\/v2\/etheme_brands?post=4885"},{"taxonomy":"product_brand","embeddable":true,"href":"https:\/\/agenciausphot.com\/uze\/en\/wp-json\/wp\/v2\/product_brand?post=4885"},{"taxonomy":"product_cat","embeddable":true,"href":"https:\/\/agenciausphot.com\/uze\/en\/wp-json\/wp\/v2\/product_cat?post=4885"},{"taxonomy":"product_tag","embeddable":true,"href":"https:\/\/agenciausphot.com\/uze\/en\/wp-json\/wp\/v2\/product_tag?post=4885"}],"curies":[{"name":"wp","href":"https:\/\/api.w.org\/{rel}","templated":true}]}}