{"id":4879,"date":"2025-10-29T13:04:28","date_gmt":"2025-10-29T13:04:28","guid":{"rendered":"https:\/\/agenciausphot.com\/uze\/produto\/conjunto-love-liso\/"},"modified":"2025-12-05T04:41:38","modified_gmt":"2025-12-05T04:41:38","slug":"conjunto-love-liso","status":"publish","type":"product","link":"https:\/\/agenciausphot.com\/uze\/en\/product\/conjunto-love-liso\/","title":{"rendered":"Conjunto love liso"},"content":{"rendered":"<h3 data-start=\"96\" data-end=\"122\">Detalhes do Produto:<\/h3>\n<p data-start=\"123\" data-end=\"461\">Conjunto em <strong data-start=\"135\" data-end=\"157\">Prata 925 leg\u00edtima<\/strong>, composto por <strong data-start=\"172\" data-end=\"198\">colar e par de brincos<\/strong> com design minimalista da palavra <strong data-start=\"233\" data-end=\"241\">LOVE<\/strong> em acabamento liso e polido. Uma joia moderna e delicada, que transmite romantismo e estilo de forma discreta e elegante. Ideal para uso di\u00e1rio ou para presentear algu\u00e9m especial com um acess\u00f3rio cheio de significado.<\/p>\n<p data-start=\"463\" data-end=\"586\">As pratas 925 possuem <strong data-start=\"485\" data-end=\"507\">garantia vital\u00edcia<\/strong>, reconhecidas por sua resist\u00eancia, durabilidade e excelente custo-benef\u00edcio.<\/p>\n<hr data-start=\"588\" data-end=\"591\">\n<h3 data-start=\"593\" data-end=\"625\">Especifica\u00e7\u00f5es do produto:<\/h3>\n<ul data-start=\"626\" data-end=\"857\">\n<li data-start=\"626\" data-end=\"660\">\n<p data-start=\"628\" data-end=\"660\"><strong data-start=\"628\" data-end=\"639\">Modelo:<\/strong> Conjunto Love Liso<\/p>\n<\/li>\n<li data-start=\"661\" data-end=\"707\">\n<p data-start=\"663\" data-end=\"707\"><strong data-start=\"663\" data-end=\"682\">Pe\u00e7as Inclusas:<\/strong> Colar + brincos &#8220;LOVE&#8221;<\/p>\n<\/li>\n<li data-start=\"708\" data-end=\"744\">\n<p data-start=\"710\" data-end=\"744\"><strong data-start=\"710\" data-end=\"723\">Material:<\/strong> Prata 925 leg\u00edtima<\/p>\n<\/li>\n<li data-start=\"745\" data-end=\"786\">\n<p data-start=\"747\" data-end=\"786\"><strong data-start=\"747\" data-end=\"762\">Acabamento:<\/strong> Liso polido brilhante<\/p>\n<\/li>\n<li data-start=\"787\" data-end=\"811\">\n<p data-start=\"789\" data-end=\"811\"><strong data-start=\"789\" data-end=\"800\">G\u00eanero:<\/strong> Feminino<\/p>\n<\/li>\n<li data-start=\"812\" data-end=\"857\">\n<p data-start=\"814\" data-end=\"857\"><strong data-start=\"814\" data-end=\"823\">Peso:<\/strong> Aprox. 3,8g (conjunto completo)<\/p>\n<\/li>\n<\/ul>\n<hr data-start=\"859\" data-end=\"862\">\n<h3 data-start=\"864\" data-end=\"879\">Garantia:<\/h3>\n<p data-start=\"880\" data-end=\"1134\">Todos os conjuntos em <strong data-start=\"902\" data-end=\"915\">Prata 925<\/strong> acompanham <strong data-start=\"927\" data-end=\"971\">Certificado de Garantia de Autenticidade<\/strong>, assegurando a <strong data-start=\"987\" data-end=\"1005\">dura\u00e7\u00e3o eterna<\/strong> do material. Diferente das bijuterias, pe\u00e7as em Prata 925 preservam brilho e valor por toda a vida, assim como o <strong data-start=\"1119\" data-end=\"1131\">Ouro 18k<\/strong>.<\/p>\n<hr data-start=\"1136\" data-end=\"1141\">\n<p data-start=\"1143\" data-end=\"1287\" data-is-last-node=\"\" data-is-only-node=\"\">","protected":false},"excerpt":{"rendered":"<p>Detalhes do Produto: Conjunto em Prata 925 leg\u00edtima, composto por colar e par de brincos com design minimalista da palavra LOVE em acabamento liso e&#8230;<\/p>","protected":false},"featured_media":4878,"comment_status":"open","ping_status":"closed","template":"","meta":[],"etheme_brands":[],"product_brand":[],"product_cat":[109,94],"product_tag":[133],"class_list":{"0":"post-4879","1":"product","2":"type-product","3":"status-publish","4":"has-post-thumbnail","6":"product_cat-categoriaconjuntosconjunto-feminino","7":"product_cat-categoriaconjuntos","8":"product_tag-uze-pratas","10":"first","11":"outofstock","12":"shipping-taxable","13":"product-type-variable"},"_links":{"self":[{"href":"https:\/\/agenciausphot.com\/uze\/en\/wp-json\/wp\/v2\/product\/4879","targetHints":{"allow":["GET"]}}],"collection":[{"href":"https:\/\/agenciausphot.com\/uze\/en\/wp-json\/wp\/v2\/product"}],"about":[{"href":"https:\/\/agenciausphot.com\/uze\/en\/wp-json\/wp\/v2\/types\/product"}],"replies":[{"embeddable":true,"href":"https:\/\/agenciausphot.com\/uze\/en\/wp-json\/wp\/v2\/comments?post=4879"}],"version-history":[{"count":1,"href":"https:\/\/agenciausphot.com\/uze\/en\/wp-json\/wp\/v2\/product\/4879\/revisions"}],"predecessor-version":[{"id":5935,"href":"https:\/\/agenciausphot.com\/uze\/en\/wp-json\/wp\/v2\/product\/4879\/revisions\/5935"}],"wp:featuredmedia":[{"embeddable":true,"href":"https:\/\/agenciausphot.com\/uze\/en\/wp-json\/wp\/v2\/media\/4878"}],"wp:attachment":[{"href":"https:\/\/agenciausphot.com\/uze\/en\/wp-json\/wp\/v2\/media?parent=4879"}],"wp:term":[{"taxonomy":"brand","embeddable":true,"href":"https:\/\/agenciausphot.com\/uze\/en\/wp-json\/wp\/v2\/etheme_brands?post=4879"},{"taxonomy":"product_brand","embeddable":true,"href":"https:\/\/agenciausphot.com\/uze\/en\/wp-json\/wp\/v2\/product_brand?post=4879"},{"taxonomy":"product_cat","embeddable":true,"href":"https:\/\/agenciausphot.com\/uze\/en\/wp-json\/wp\/v2\/product_cat?post=4879"},{"taxonomy":"product_tag","embeddable":true,"href":"https:\/\/agenciausphot.com\/uze\/en\/wp-json\/wp\/v2\/product_tag?post=4879"}],"curies":[{"name":"wp","href":"https:\/\/api.w.org\/{rel}","templated":true}]}}