{"id":4875,"date":"2025-10-29T13:04:26","date_gmt":"2025-10-29T13:04:26","guid":{"rendered":"https:\/\/agenciausphot.com\/uze\/produto\/conjunto-coracao-cravejado-verde\/"},"modified":"2025-11-04T20:40:58","modified_gmt":"2025-11-04T20:40:58","slug":"conjunto-coracao-cravejado-verde","status":"publish","type":"product","link":"https:\/\/agenciausphot.com\/uze\/en\/product\/conjunto-coracao-cravejado-verde\/","title":{"rendered":"Conjunto cora\u00e7\u00e3o cravejado verde"},"content":{"rendered":"<h3 data-start=\"110\" data-end=\"136\">Detalhes do Produto:<\/h3>\n<p data-start=\"137\" data-end=\"463\">Conjunto em <strong data-start=\"149\" data-end=\"171\">Prata 925 leg\u00edtima<\/strong>, composto por <strong data-start=\"186\" data-end=\"212\">colar e par de brincos<\/strong> em formato de <strong data-start=\"227\" data-end=\"248\">cora\u00e7\u00e3o cravejado<\/strong>, com zirc\u00f4nias verdes que refletem brilho intenso e elegante. O design rom\u00e2ntico e sofisticado une delicadeza e personalidade, tornando a joia perfeita para ocasi\u00f5es especiais ou para trazer charme ao uso di\u00e1rio.<\/p>\n<p data-start=\"465\" data-end=\"585\">As pratas 925 possuem <strong data-start=\"487\" data-end=\"509\">garantia vital\u00edcia<\/strong>, reconhecidas por sua resist\u00eancia, qualidade e excelente custo-benef\u00edcio.<\/p>\n<hr data-start=\"587\" data-end=\"590\">\n<h3 data-start=\"592\" data-end=\"624\">Especifica\u00e7\u00f5es do produto:<\/h3>\n<ul data-start=\"625\" data-end=\"963\">\n<li data-start=\"625\" data-end=\"673\">\n<p data-start=\"627\" data-end=\"673\"><strong data-start=\"627\" data-end=\"638\">Modelo:<\/strong> Conjunto Cora\u00e7\u00e3o Cravejado Verde<\/p>\n<\/li>\n<li data-start=\"674\" data-end=\"731\">\n<p data-start=\"676\" data-end=\"731\"><strong data-start=\"676\" data-end=\"695\">Pe\u00e7as Inclusas:<\/strong> Colar + brincos cora\u00e7\u00e3o cravejado<\/p>\n<\/li>\n<li data-start=\"732\" data-end=\"818\">\n<p data-start=\"734\" data-end=\"818\"><strong data-start=\"734\" data-end=\"749\">Dim. Pedra:<\/strong> 6mm (zirc\u00f4nia verde central) + 1mm (zirc\u00f4nias cravejadas ao redor)<\/p>\n<\/li>\n<li data-start=\"819\" data-end=\"855\">\n<p data-start=\"821\" data-end=\"855\"><strong data-start=\"821\" data-end=\"834\">Material:<\/strong> Prata 925 leg\u00edtima<\/p>\n<\/li>\n<li data-start=\"856\" data-end=\"892\">\n<p data-start=\"858\" data-end=\"892\"><strong data-start=\"858\" data-end=\"873\">Acabamento:<\/strong> Polido brilhante<\/p>\n<\/li>\n<li data-start=\"893\" data-end=\"917\">\n<p data-start=\"895\" data-end=\"917\"><strong data-start=\"895\" data-end=\"906\">G\u00eanero:<\/strong> Feminino<\/p>\n<\/li>\n<li data-start=\"918\" data-end=\"963\">\n<p data-start=\"920\" data-end=\"963\"><strong data-start=\"920\" data-end=\"929\">Peso:<\/strong> Aprox. 4,3g (conjunto completo)<\/p>\n<\/li>\n<\/ul>\n<hr data-start=\"965\" data-end=\"968\">\n<h3 data-start=\"970\" data-end=\"985\">Garantia:<\/h3>\n<p data-start=\"986\" data-end=\"1240\">Todos os conjuntos em <strong data-start=\"1008\" data-end=\"1021\">Prata 925<\/strong> acompanham <strong data-start=\"1033\" data-end=\"1077\">Certificado de Garantia de Autenticidade<\/strong>, assegurando a <strong data-start=\"1093\" data-end=\"1111\">dura\u00e7\u00e3o eterna<\/strong> do material. Diferente das bijuterias, pe\u00e7as em Prata 925 preservam brilho e valor por toda a vida, assim como o <strong data-start=\"1225\" data-end=\"1237\">Ouro 18k<\/strong>.<\/p>\n<hr data-start=\"1242\" data-end=\"1247\">\n<p data-start=\"1249\" data-end=\"1407\" data-is-last-node=\"\" data-is-only-node=\"\">","protected":false},"excerpt":{"rendered":"<p>Detalhes do Produto: Conjunto em Prata 925 leg\u00edtima, composto por colar e par de brincos em formato de cora\u00e7\u00e3o cravejado, com zirc\u00f4nias verdes que refletem&#8230;<\/p>","protected":false},"featured_media":4874,"comment_status":"open","ping_status":"closed","template":"","meta":[],"etheme_brands":[],"product_brand":[],"product_cat":[109,94],"product_tag":[133],"class_list":{"0":"post-4875","1":"product","2":"type-product","3":"status-publish","4":"has-post-thumbnail","6":"product_cat-categoriaconjuntosconjunto-feminino","7":"product_cat-categoriaconjuntos","8":"product_tag-uze-pratas","10":"first","11":"outofstock","12":"shipping-taxable","13":"product-type-variable"},"_links":{"self":[{"href":"https:\/\/agenciausphot.com\/uze\/en\/wp-json\/wp\/v2\/product\/4875","targetHints":{"allow":["GET"]}}],"collection":[{"href":"https:\/\/agenciausphot.com\/uze\/en\/wp-json\/wp\/v2\/product"}],"about":[{"href":"https:\/\/agenciausphot.com\/uze\/en\/wp-json\/wp\/v2\/types\/product"}],"replies":[{"embeddable":true,"href":"https:\/\/agenciausphot.com\/uze\/en\/wp-json\/wp\/v2\/comments?post=4875"}],"version-history":[{"count":1,"href":"https:\/\/agenciausphot.com\/uze\/en\/wp-json\/wp\/v2\/product\/4875\/revisions"}],"predecessor-version":[{"id":5933,"href":"https:\/\/agenciausphot.com\/uze\/en\/wp-json\/wp\/v2\/product\/4875\/revisions\/5933"}],"wp:featuredmedia":[{"embeddable":true,"href":"https:\/\/agenciausphot.com\/uze\/en\/wp-json\/wp\/v2\/media\/4874"}],"wp:attachment":[{"href":"https:\/\/agenciausphot.com\/uze\/en\/wp-json\/wp\/v2\/media?parent=4875"}],"wp:term":[{"taxonomy":"brand","embeddable":true,"href":"https:\/\/agenciausphot.com\/uze\/en\/wp-json\/wp\/v2\/etheme_brands?post=4875"},{"taxonomy":"product_brand","embeddable":true,"href":"https:\/\/agenciausphot.com\/uze\/en\/wp-json\/wp\/v2\/product_brand?post=4875"},{"taxonomy":"product_cat","embeddable":true,"href":"https:\/\/agenciausphot.com\/uze\/en\/wp-json\/wp\/v2\/product_cat?post=4875"},{"taxonomy":"product_tag","embeddable":true,"href":"https:\/\/agenciausphot.com\/uze\/en\/wp-json\/wp\/v2\/product_tag?post=4875"}],"curies":[{"name":"wp","href":"https:\/\/api.w.org\/{rel}","templated":true}]}}