{"id":4870,"date":"2025-10-29T13:04:22","date_gmt":"2025-10-29T13:04:22","guid":{"rendered":"https:\/\/agenciausphot.com\/uze\/produto\/conjunto-gota-cravejado-cristal\/"},"modified":"2025-12-15T13:22:36","modified_gmt":"2025-12-15T13:22:36","slug":"conjunto-gota-cravejado-cristal","status":"publish","type":"product","link":"https:\/\/agenciausphot.com\/uze\/en\/product\/conjunto-gota-cravejado-cristal\/","title":{"rendered":"Conjunto gota cravejado cristal"},"content":{"rendered":"<h3 data-start=\"109\" data-end=\"135\">Detalhes do Produto:<\/h3>\n<p data-start=\"136\" data-end=\"526\">Conjunto em <strong data-start=\"148\" data-end=\"170\">Prata 925 leg\u00edtima<\/strong>, composto por <strong data-start=\"185\" data-end=\"211\">colar e par de brincos<\/strong> com design cl\u00e1ssico em <strong data-start=\"235\" data-end=\"254\">formato de gota<\/strong>, trazendo zirc\u00f4nias cristal centrais em corte sofisticado, rodeadas por micro zirc\u00f4nias cravejadas que intensificam o brilho e a eleg\u00e2ncia da joia. Uma pe\u00e7a atemporal, que combina delicadeza e sofistica\u00e7\u00e3o, perfeita para ocasi\u00f5es especiais ou para iluminar o dia a dia.<\/p>\n<p data-start=\"528\" data-end=\"648\">As pratas 925 possuem <strong data-start=\"550\" data-end=\"572\">garantia vital\u00edcia<\/strong>, reconhecidas por sua resist\u00eancia, qualidade e excelente custo-benef\u00edcio.<\/p>\n<hr data-start=\"650\" data-end=\"653\">\n<h3 data-start=\"655\" data-end=\"687\">Especifica\u00e7\u00f5es do produto:<\/h3>\n<ul data-start=\"688\" data-end=\"1018\">\n<li data-start=\"688\" data-end=\"735\">\n<p data-start=\"690\" data-end=\"735\"><strong data-start=\"690\" data-end=\"701\">Modelo:<\/strong> Conjunto Gota Cravejado Cristal<\/p>\n<\/li>\n<li data-start=\"736\" data-end=\"790\">\n<p data-start=\"738\" data-end=\"790\"><strong data-start=\"738\" data-end=\"757\">Pe\u00e7as Inclusas:<\/strong> Colar + brincos gota cravejada<\/p>\n<\/li>\n<li data-start=\"791\" data-end=\"873\">\n<p data-start=\"793\" data-end=\"873\"><strong data-start=\"793\" data-end=\"808\">Dim. Pedra:<\/strong> 6x8mm (zirc\u00f4nia central) + 1mm (zirc\u00f4nias cravejadas ao redor)<\/p>\n<\/li>\n<li data-start=\"874\" data-end=\"910\">\n<p data-start=\"876\" data-end=\"910\"><strong data-start=\"876\" data-end=\"889\">Material:<\/strong> Prata 925 leg\u00edtima<\/p>\n<\/li>\n<li data-start=\"911\" data-end=\"947\">\n<p data-start=\"913\" data-end=\"947\"><strong data-start=\"913\" data-end=\"928\">Acabamento:<\/strong> Polido brilhante<\/p>\n<\/li>\n<li data-start=\"948\" data-end=\"972\">\n<p data-start=\"950\" data-end=\"972\"><strong data-start=\"950\" data-end=\"961\">G\u00eanero:<\/strong> Feminino<\/p>\n<\/li>\n<li data-start=\"973\" data-end=\"1018\">\n<p data-start=\"975\" data-end=\"1018\"><strong data-start=\"975\" data-end=\"984\">Peso:<\/strong> Aprox. 4,5g (conjunto completo)<\/p>\n<\/li>\n<\/ul>\n<hr data-start=\"1020\" data-end=\"1023\">\n<h3 data-start=\"1025\" data-end=\"1040\">Garantia:<\/h3>\n<p data-start=\"1041\" data-end=\"1295\">Todos os conjuntos em <strong data-start=\"1063\" data-end=\"1076\">Prata 925<\/strong> acompanham <strong data-start=\"1088\" data-end=\"1132\">Certificado de Garantia de Autenticidade<\/strong>, assegurando a <strong data-start=\"1148\" data-end=\"1166\">dura\u00e7\u00e3o eterna<\/strong> do material. Diferente das bijuterias, pe\u00e7as em Prata 925 preservam brilho e valor por toda a vida, assim como o <strong data-start=\"1280\" data-end=\"1292\">Ouro 18k<\/strong>.<\/p>","protected":false},"excerpt":{"rendered":"<p>Detalhes do Produto: Conjunto em Prata 925 leg\u00edtima, composto por colar e par de brincos com design cl\u00e1ssico em formato de gota, trazendo zirc\u00f4nias cristal&#8230;<\/p>","protected":false},"featured_media":4869,"comment_status":"open","ping_status":"closed","template":"","meta":[],"etheme_brands":[],"product_brand":[],"product_cat":[109,94],"product_tag":[133],"class_list":{"0":"post-4870","1":"product","2":"type-product","3":"status-publish","4":"has-post-thumbnail","6":"product_cat-categoriaconjuntosconjunto-feminino","7":"product_cat-categoriaconjuntos","8":"product_tag-uze-pratas","10":"first","11":"outofstock","12":"shipping-taxable","13":"product-type-variable"},"_links":{"self":[{"href":"https:\/\/agenciausphot.com\/uze\/en\/wp-json\/wp\/v2\/product\/4870","targetHints":{"allow":["GET"]}}],"collection":[{"href":"https:\/\/agenciausphot.com\/uze\/en\/wp-json\/wp\/v2\/product"}],"about":[{"href":"https:\/\/agenciausphot.com\/uze\/en\/wp-json\/wp\/v2\/types\/product"}],"replies":[{"embeddable":true,"href":"https:\/\/agenciausphot.com\/uze\/en\/wp-json\/wp\/v2\/comments?post=4870"}],"version-history":[{"count":1,"href":"https:\/\/agenciausphot.com\/uze\/en\/wp-json\/wp\/v2\/product\/4870\/revisions"}],"predecessor-version":[{"id":5931,"href":"https:\/\/agenciausphot.com\/uze\/en\/wp-json\/wp\/v2\/product\/4870\/revisions\/5931"}],"wp:featuredmedia":[{"embeddable":true,"href":"https:\/\/agenciausphot.com\/uze\/en\/wp-json\/wp\/v2\/media\/4869"}],"wp:attachment":[{"href":"https:\/\/agenciausphot.com\/uze\/en\/wp-json\/wp\/v2\/media?parent=4870"}],"wp:term":[{"taxonomy":"brand","embeddable":true,"href":"https:\/\/agenciausphot.com\/uze\/en\/wp-json\/wp\/v2\/etheme_brands?post=4870"},{"taxonomy":"product_brand","embeddable":true,"href":"https:\/\/agenciausphot.com\/uze\/en\/wp-json\/wp\/v2\/product_brand?post=4870"},{"taxonomy":"product_cat","embeddable":true,"href":"https:\/\/agenciausphot.com\/uze\/en\/wp-json\/wp\/v2\/product_cat?post=4870"},{"taxonomy":"product_tag","embeddable":true,"href":"https:\/\/agenciausphot.com\/uze\/en\/wp-json\/wp\/v2\/product_tag?post=4870"}],"curies":[{"name":"wp","href":"https:\/\/api.w.org\/{rel}","templated":true}]}}