{"id":4868,"date":"2025-10-29T13:04:20","date_gmt":"2025-10-29T13:04:20","guid":{"rendered":"https:\/\/agenciausphot.com\/uze\/produto\/conjunto-colar-e-brincos-ponto-de-luz-redondo-verde\/"},"modified":"2025-12-04T18:43:46","modified_gmt":"2025-12-04T18:43:46","slug":"conjunto-colar-e-brincos-ponto-de-luz-redondo-verde","status":"publish","type":"product","link":"https:\/\/agenciausphot.com\/uze\/en\/product\/conjunto-colar-e-brincos-ponto-de-luz-redondo-verde\/","title":{"rendered":"Conjunto colar e brincos ponto de luz redondo verde"},"content":{"rendered":"<h3 data-start=\"129\" data-end=\"155\">Detalhes do Produto:<\/h3>\n<p data-start=\"156\" data-end=\"507\">Conjunto em <strong data-start=\"168\" data-end=\"190\">Prata 925 leg\u00edtima<\/strong>, composto por <strong data-start=\"205\" data-end=\"231\">colar e par de brincos<\/strong> no estilo <strong data-start=\"242\" data-end=\"266\">ponto de luz redondo<\/strong>, com <strong data-start=\"272\" data-end=\"292\">zirc\u00f4nias verdes<\/strong> em corte cl\u00e1ssico que refletem brilho intenso e sofisticado. O design minimalista e elegante valoriza a delicadeza, sendo perfeito para uso di\u00e1rio ou para dar um toque de cor e sofistica\u00e7\u00e3o em ocasi\u00f5es especiais.<\/p>\n<p data-start=\"509\" data-end=\"629\">As pratas 925 possuem <strong data-start=\"531\" data-end=\"553\">garantia vital\u00edcia<\/strong>, reconhecidas por sua resist\u00eancia, qualidade e excelente custo-benef\u00edcio.<\/p>\n<hr data-start=\"631\" data-end=\"634\">\n<h3 data-start=\"636\" data-end=\"668\">Especifica\u00e7\u00f5es do produto:<\/h3>\n<ul data-start=\"669\" data-end=\"986\">\n<li data-start=\"669\" data-end=\"736\">\n<p data-start=\"671\" data-end=\"736\"><strong data-start=\"671\" data-end=\"682\">Modelo:<\/strong> Conjunto Colar e Brincos Ponto de Luz Redondo Verde<\/p>\n<\/li>\n<li data-start=\"737\" data-end=\"789\">\n<p data-start=\"739\" data-end=\"789\"><strong data-start=\"739\" data-end=\"758\">Pe\u00e7as Inclusas:<\/strong> Colar + brincos ponto de luz<\/p>\n<\/li>\n<li data-start=\"790\" data-end=\"841\">\n<p data-start=\"792\" data-end=\"841\"><strong data-start=\"792\" data-end=\"807\">Dim. Pedra:<\/strong> 6mm (zirc\u00f4nias verdes redondas)<\/p>\n<\/li>\n<li data-start=\"842\" data-end=\"878\">\n<p data-start=\"844\" data-end=\"878\"><strong data-start=\"844\" data-end=\"857\">Material:<\/strong> Prata 925 leg\u00edtima<\/p>\n<\/li>\n<li data-start=\"879\" data-end=\"915\">\n<p data-start=\"881\" data-end=\"915\"><strong data-start=\"881\" data-end=\"896\">Acabamento:<\/strong> Polido brilhante<\/p>\n<\/li>\n<li data-start=\"916\" data-end=\"940\">\n<p data-start=\"918\" data-end=\"940\"><strong data-start=\"918\" data-end=\"929\">G\u00eanero:<\/strong> Feminino<\/p>\n<\/li>\n<li data-start=\"941\" data-end=\"986\">\n<p data-start=\"943\" data-end=\"986\"><strong data-start=\"943\" data-end=\"952\">Peso:<\/strong> Aprox. 4,0g (conjunto completo)<\/p>\n<\/li>\n<\/ul>\n<hr data-start=\"988\" data-end=\"991\">\n<h3 data-start=\"993\" data-end=\"1008\">Garantia:<\/h3>\n<p data-start=\"1009\" data-end=\"1263\">Todos os conjuntos em <strong data-start=\"1031\" data-end=\"1044\">Prata 925<\/strong> acompanham <strong data-start=\"1056\" data-end=\"1100\">Certificado de Garantia de Autenticidade<\/strong>, assegurando a <strong data-start=\"1116\" data-end=\"1134\">dura\u00e7\u00e3o eterna<\/strong> do material. Diferente das bijuterias, pe\u00e7as em Prata 925 preservam brilho e valor por toda a vida, assim como o <strong data-start=\"1248\" data-end=\"1260\">Ouro 18k<\/strong>.<\/p>","protected":false},"excerpt":{"rendered":"<p>Detalhes do Produto: Conjunto em Prata 925 leg\u00edtima, composto por colar e par de brincos no estilo ponto de luz redondo, com zirc\u00f4nias verdes em&#8230;<\/p>","protected":false},"featured_media":4867,"comment_status":"open","ping_status":"closed","template":"","meta":[],"etheme_brands":[],"product_brand":[],"product_cat":[109,94],"product_tag":[133],"class_list":{"0":"post-4868","1":"product","2":"type-product","3":"status-publish","4":"has-post-thumbnail","6":"product_cat-categoriaconjuntosconjunto-feminino","7":"product_cat-categoriaconjuntos","8":"product_tag-uze-pratas","10":"first","11":"outofstock","12":"shipping-taxable","13":"product-type-variable"},"_links":{"self":[{"href":"https:\/\/agenciausphot.com\/uze\/en\/wp-json\/wp\/v2\/product\/4868","targetHints":{"allow":["GET"]}}],"collection":[{"href":"https:\/\/agenciausphot.com\/uze\/en\/wp-json\/wp\/v2\/product"}],"about":[{"href":"https:\/\/agenciausphot.com\/uze\/en\/wp-json\/wp\/v2\/types\/product"}],"replies":[{"embeddable":true,"href":"https:\/\/agenciausphot.com\/uze\/en\/wp-json\/wp\/v2\/comments?post=4868"}],"version-history":[{"count":1,"href":"https:\/\/agenciausphot.com\/uze\/en\/wp-json\/wp\/v2\/product\/4868\/revisions"}],"predecessor-version":[{"id":5930,"href":"https:\/\/agenciausphot.com\/uze\/en\/wp-json\/wp\/v2\/product\/4868\/revisions\/5930"}],"wp:featuredmedia":[{"embeddable":true,"href":"https:\/\/agenciausphot.com\/uze\/en\/wp-json\/wp\/v2\/media\/4867"}],"wp:attachment":[{"href":"https:\/\/agenciausphot.com\/uze\/en\/wp-json\/wp\/v2\/media?parent=4868"}],"wp:term":[{"taxonomy":"brand","embeddable":true,"href":"https:\/\/agenciausphot.com\/uze\/en\/wp-json\/wp\/v2\/etheme_brands?post=4868"},{"taxonomy":"product_brand","embeddable":true,"href":"https:\/\/agenciausphot.com\/uze\/en\/wp-json\/wp\/v2\/product_brand?post=4868"},{"taxonomy":"product_cat","embeddable":true,"href":"https:\/\/agenciausphot.com\/uze\/en\/wp-json\/wp\/v2\/product_cat?post=4868"},{"taxonomy":"product_tag","embeddable":true,"href":"https:\/\/agenciausphot.com\/uze\/en\/wp-json\/wp\/v2\/product_tag?post=4868"}],"curies":[{"name":"wp","href":"https:\/\/api.w.org\/{rel}","templated":true}]}}