{"id":4866,"date":"2025-10-29T13:04:19","date_gmt":"2025-10-29T13:04:19","guid":{"rendered":"https:\/\/agenciausphot.com\/uze\/produto\/conjunto-de-prata-redondo-vermelho\/"},"modified":"2025-12-04T18:43:46","modified_gmt":"2025-12-04T18:43:46","slug":"conjunto-de-prata-redondo-vermelho","status":"publish","type":"product","link":"https:\/\/agenciausphot.com\/uze\/en\/product\/conjunto-de-prata-redondo-vermelho\/","title":{"rendered":"Conjunto de prata redondo vermelho"},"content":{"rendered":"<h3 data-start=\"103\" data-end=\"129\">Detalhes do Produto:<\/h3>\n<p data-start=\"130\" data-end=\"494\">Conjunto em <strong data-start=\"142\" data-end=\"164\">Prata 925 leg\u00edtima<\/strong>, composto por <strong data-start=\"179\" data-end=\"205\">colar e par de brincos<\/strong> com design <strong data-start=\"217\" data-end=\"228\">redondo<\/strong>, trazendo <strong data-start=\"239\" data-end=\"271\">zirc\u00f4nias vermelhas centrais<\/strong> em corte cl\u00e1ssico, rodeadas por micro zirc\u00f4nias cristal cravejadas que real\u00e7am ainda mais o brilho e a sofistica\u00e7\u00e3o. Uma joia elegante e vibrante, perfeita para ocasi\u00f5es especiais ou para iluminar produ\u00e7\u00f5es no dia a dia.<\/p>\n<p data-start=\"496\" data-end=\"616\">As pratas 925 possuem <strong data-start=\"518\" data-end=\"540\">garantia vital\u00edcia<\/strong>, reconhecidas por sua resist\u00eancia, qualidade e excelente custo-benef\u00edcio.<\/p>\n<hr data-start=\"618\" data-end=\"621\">\n<h3 data-start=\"623\" data-end=\"655\">Especifica\u00e7\u00f5es do produto:<\/h3>\n<ul data-start=\"656\" data-end=\"981\">\n<li data-start=\"656\" data-end=\"697\">\n<p data-start=\"658\" data-end=\"697\"><strong data-start=\"658\" data-end=\"669\">Modelo:<\/strong> Conjunto Redondo Vermelho<\/p>\n<\/li>\n<li data-start=\"698\" data-end=\"746\">\n<p data-start=\"700\" data-end=\"746\"><strong data-start=\"700\" data-end=\"719\">Pe\u00e7as Inclusas:<\/strong> Colar + brincos redondos<\/p>\n<\/li>\n<li data-start=\"747\" data-end=\"836\">\n<p data-start=\"749\" data-end=\"836\"><strong data-start=\"749\" data-end=\"764\">Dim. Pedra:<\/strong> 6mm (zirc\u00f4nia vermelha central) + 1mm (zirc\u00f4nias cravejadas ao redor)<\/p>\n<\/li>\n<li data-start=\"837\" data-end=\"873\">\n<p data-start=\"839\" data-end=\"873\"><strong data-start=\"839\" data-end=\"852\">Material:<\/strong> Prata 925 leg\u00edtima<\/p>\n<\/li>\n<li data-start=\"874\" data-end=\"910\">\n<p data-start=\"876\" data-end=\"910\"><strong data-start=\"876\" data-end=\"891\">Acabamento:<\/strong> Polido brilhante<\/p>\n<\/li>\n<li data-start=\"911\" data-end=\"935\">\n<p data-start=\"913\" data-end=\"935\"><strong data-start=\"913\" data-end=\"924\">G\u00eanero:<\/strong> Feminino<\/p>\n<\/li>\n<li data-start=\"936\" data-end=\"981\">\n<p data-start=\"938\" data-end=\"981\"><strong data-start=\"938\" data-end=\"947\">Peso:<\/strong> Aprox. 4,5g (conjunto completo)<\/p>\n<\/li>\n<\/ul>\n<hr data-start=\"983\" data-end=\"986\">\n<h3 data-start=\"988\" data-end=\"1003\">Garantia:<\/h3>\n<p data-start=\"1004\" data-end=\"1258\">Todos os conjuntos em <strong data-start=\"1026\" data-end=\"1039\">Prata 925<\/strong> acompanham <strong data-start=\"1051\" data-end=\"1095\">Certificado de Garantia de Autenticidade<\/strong>, assegurando a <strong data-start=\"1111\" data-end=\"1129\">dura\u00e7\u00e3o eterna<\/strong> do material. Diferente das bijuterias, pe\u00e7as em Prata 925 preservam brilho e valor por toda a vida, assim como o <strong data-start=\"1243\" data-end=\"1255\">Ouro 18k<\/strong>.<\/p>\n<hr data-start=\"1260\" data-end=\"1265\">\n<p data-start=\"1267\" data-end=\"1391\" data-is-last-node=\"\" data-is-only-node=\"\">","protected":false},"excerpt":{"rendered":"<p>Detalhes do Produto: Conjunto em Prata 925 leg\u00edtima, composto por colar e par de brincos com design redondo, trazendo zirc\u00f4nias vermelhas centrais em corte cl\u00e1ssico,&#8230;<\/p>","protected":false},"featured_media":4865,"comment_status":"open","ping_status":"closed","template":"","meta":[],"etheme_brands":[],"product_brand":[],"product_cat":[109,94],"product_tag":[133],"class_list":{"0":"post-4866","1":"product","2":"type-product","3":"status-publish","4":"has-post-thumbnail","6":"product_cat-categoriaconjuntosconjunto-feminino","7":"product_cat-categoriaconjuntos","8":"product_tag-uze-pratas","10":"first","11":"outofstock","12":"shipping-taxable","13":"product-type-variable"},"_links":{"self":[{"href":"https:\/\/agenciausphot.com\/uze\/en\/wp-json\/wp\/v2\/product\/4866","targetHints":{"allow":["GET"]}}],"collection":[{"href":"https:\/\/agenciausphot.com\/uze\/en\/wp-json\/wp\/v2\/product"}],"about":[{"href":"https:\/\/agenciausphot.com\/uze\/en\/wp-json\/wp\/v2\/types\/product"}],"replies":[{"embeddable":true,"href":"https:\/\/agenciausphot.com\/uze\/en\/wp-json\/wp\/v2\/comments?post=4866"}],"version-history":[{"count":1,"href":"https:\/\/agenciausphot.com\/uze\/en\/wp-json\/wp\/v2\/product\/4866\/revisions"}],"predecessor-version":[{"id":5929,"href":"https:\/\/agenciausphot.com\/uze\/en\/wp-json\/wp\/v2\/product\/4866\/revisions\/5929"}],"wp:featuredmedia":[{"embeddable":true,"href":"https:\/\/agenciausphot.com\/uze\/en\/wp-json\/wp\/v2\/media\/4865"}],"wp:attachment":[{"href":"https:\/\/agenciausphot.com\/uze\/en\/wp-json\/wp\/v2\/media?parent=4866"}],"wp:term":[{"taxonomy":"brand","embeddable":true,"href":"https:\/\/agenciausphot.com\/uze\/en\/wp-json\/wp\/v2\/etheme_brands?post=4866"},{"taxonomy":"product_brand","embeddable":true,"href":"https:\/\/agenciausphot.com\/uze\/en\/wp-json\/wp\/v2\/product_brand?post=4866"},{"taxonomy":"product_cat","embeddable":true,"href":"https:\/\/agenciausphot.com\/uze\/en\/wp-json\/wp\/v2\/product_cat?post=4866"},{"taxonomy":"product_tag","embeddable":true,"href":"https:\/\/agenciausphot.com\/uze\/en\/wp-json\/wp\/v2\/product_tag?post=4866"}],"curies":[{"name":"wp","href":"https:\/\/api.w.org\/{rel}","templated":true}]}}